{"id":196,"date":"2024-04-07T23:57:22","date_gmt":"2024-04-07T23:57:22","guid":{"rendered":"https:\/\/howbees.com\/?page_id=196"},"modified":"2024-04-07T23:57:22","modified_gmt":"2024-04-07T23:57:22","slug":"%cf%8c%cf%81%ce%bf%ce%b9-%cf%87%cf%81%ce%ae%cf%83%ce%b7%cf%82","status":"publish","type":"page","link":"https:\/\/howbees.com\/el\/termos-de-uso\/","title":{"rendered":"\u039f\u03c1\u03bf\u03b9 \u03c7\u03c1\u03ae\u03c3\u03b7\u03c2"},"content":{"rendered":"<p>\u039c\u03b5 \u03c4\u03b7\u03bd \u03c0\u03c1\u03cc\u03c3\u03b2\u03b1\u03c3\u03b7 \u03c3\u03c4\u03bf\u03bd \u03b9\u03c3\u03c4\u03cc\u03c4\u03bf\u03c0\u03bf HowBees, \u03c3\u03c5\u03bc\u03c6\u03c9\u03bd\u03b5\u03af\u03c4\u03b5 \u03bd\u03b1 \u03b4\u03b5\u03c3\u03bc\u03b5\u03cd\u03b5\u03c3\u03c4\u03b5 \u03b1\u03c0\u03cc \u03b1\u03c5\u03c4\u03bf\u03cd\u03c2 \u03c4\u03bf\u03c5\u03c2 \u03cc\u03c1\u03bf\u03c5\u03c2 \u03c0\u03b1\u03c1\u03bf\u03c7\u03ae\u03c2 \u03c5\u03c0\u03b7\u03c1\u03b5\u03c3\u03b9\u03ce\u03bd, \u03cc\u03bb\u03bf\u03c5\u03c2 \u03c4\u03bf\u03c5\u03c2 \u03b9\u03c3\u03c7\u03cd\u03bf\u03bd\u03c4\u03b5\u03c2 \u03bd\u03cc\u03bc\u03bf\u03c5\u03c2 \u03ba\u03b1\u03b9 \u03ba\u03b1\u03bd\u03bf\u03bd\u03b9\u03c3\u03bc\u03bf\u03cd\u03c2 \u03ba\u03b1\u03b9 \u03c3\u03c5\u03bc\u03c6\u03c9\u03bd\u03b5\u03af\u03c4\u03b5 \u03cc\u03c4\u03b9 \u03b5\u03af\u03c3\u03c4\u03b5 \u03c5\u03c0\u03b5\u03cd\u03b8\u03c5\u03bd\u03bf\u03b9 \u03b3\u03b9\u03b1 \u03c4\u03b7 \u03c3\u03c5\u03bc\u03bc\u03cc\u03c1\u03c6\u03c9\u03c3\u03b7 \u03bc\u03b5 \u03c4\u03c5\u03c7\u03cc\u03bd \u03b9\u03c3\u03c7\u03cd\u03bf\u03bd\u03c4\u03b5\u03c2 \u03c4\u03bf\u03c0\u03b9\u03ba\u03bf\u03cd\u03c2 \u03bd\u03cc\u03bc\u03bf\u03c5\u03c2. \u0395\u03ac\u03bd \u03b4\u03b5\u03bd \u03c3\u03c5\u03bc\u03c6\u03c9\u03bd\u03b5\u03af\u03c4\u03b5 \u03bc\u03b5 \u03bf\u03c0\u03bf\u03b9\u03bf\u03bd\u03b4\u03ae\u03c0\u03bf\u03c4\u03b5 \u03b1\u03c0\u03cc \u03b1\u03c5\u03c4\u03bf\u03cd\u03c2 \u03c4\u03bf\u03c5\u03c2 \u03cc\u03c1\u03bf\u03c5\u03c2, \u03c3\u03b1\u03c2 \u03b1\u03c0\u03b1\u03b3\u03bf\u03c1\u03b5\u03cd\u03b5\u03c4\u03b1\u03b9 \u03b7 \u03c7\u03c1\u03ae\u03c3\u03b7 \u03ae \u03b7 \u03c0\u03c1\u03cc\u03c3\u03b2\u03b1\u03c3\u03b7 \u03c3\u03b5 \u03b1\u03c5\u03c4\u03cc\u03bd \u03c4\u03bf\u03bd \u03b9\u03c3\u03c4\u03cc\u03c4\u03bf\u03c0\u03bf. \u03a4\u03b1 \u03c5\u03bb\u03b9\u03ba\u03ac \u03c0\u03bf\u03c5 \u03c0\u03b5\u03c1\u03b9\u03ad\u03c7\u03bf\u03bd\u03c4\u03b1\u03b9 \u03c3\u03b5 \u03b1\u03c5\u03c4\u03cc\u03bd \u03c4\u03bf\u03bd \u03b9\u03c3\u03c4\u03cc\u03c4\u03bf\u03c0\u03bf \u03c0\u03c1\u03bf\u03c3\u03c4\u03b1\u03c4\u03b5\u03cd\u03bf\u03bd\u03c4\u03b1\u03b9 \u03b1\u03c0\u03cc \u03c4\u03bf\u03c5\u03c2 \u03b9\u03c3\u03c7\u03cd\u03bf\u03bd\u03c4\u03b5\u03c2 \u03bd\u03cc\u03bc\u03bf\u03c5\u03c2 \u03c0\u03b5\u03c1\u03af \u03c0\u03bd\u03b5\u03c5\u03bc\u03b1\u03c4\u03b9\u03ba\u03ce\u03bd \u03b4\u03b9\u03ba\u03b1\u03b9\u03c9\u03bc\u03ac\u03c4\u03c9\u03bd \u03ba\u03b1\u03b9 \u03b5\u03bc\u03c0\u03bf\u03c1\u03b9\u03ba\u03ce\u03bd \u03c3\u03b7\u03bc\u03ac\u03c4\u03c9\u03bd.<\/p>\n\n\n\n<h2 class=\"wp-block-heading\">\u03a7\u03c1\u03ae\u03c3\u03b7 \u03ac\u03b4\u03b5\u03b9\u03b1\u03c2 \u03c7\u03c1\u03ae\u03c3\u03b7\u03c2<\/h2>\n\n\n\n<p>\u03a7\u03bf\u03c1\u03b7\u03b3\u03b5\u03af\u03c4\u03b1\u03b9 \u03ac\u03b4\u03b5\u03b9\u03b1 \u03b3\u03b9\u03b1 \u03c0\u03c1\u03bf\u03c3\u03c9\u03c1\u03b9\u03bd\u03ae \u03bb\u03ae\u03c8\u03b7 \u03b5\u03bd\u03cc\u03c2 \u03b1\u03bd\u03c4\u03b9\u03b3\u03c1\u03ac\u03c6\u03bf\u03c5 \u03c4\u03bf\u03c5 \u03c5\u03bb\u03b9\u03ba\u03bf\u03cd (\u03c0\u03bb\u03b7\u03c1\u03bf\u03c6\u03bf\u03c1\u03b9\u03ce\u03bd \u03ae \u03bb\u03bf\u03b3\u03b9\u03c3\u03bc\u03b9\u03ba\u03bf\u03cd) \u03c3\u03c4\u03bf\u03bd \u03b9\u03c3\u03c4\u03cc\u03c4\u03bf\u03c0\u03bf \u03c4\u03bf\u03c5 HowBees \u03bc\u03cc\u03bd\u03bf \u03b3\u03b9\u03b1 \u03c0\u03c1\u03bf\u03c3\u03c9\u03c0\u03b9\u03ba\u03ae, \u03bc\u03b7 \u03b5\u03bc\u03c0\u03bf\u03c1\u03b9\u03ba\u03ae \u03bc\u03b5\u03c4\u03b1\u03b2\u03b1\u03c4\u03b9\u03ba\u03ae \u03c0\u03c1\u03bf\u03b2\u03bf\u03bb\u03ae. \u03a0\u03c1\u03cc\u03ba\u03b5\u03b9\u03c4\u03b1\u03b9 \u03b3\u03b9\u03b1 \u03c4\u03b7 \u03c7\u03bf\u03c1\u03ae\u03b3\u03b7\u03c3\u03b7 \u03ac\u03b4\u03b5\u03b9\u03b1\u03c2, \u03cc\u03c7\u03b9 \u03b3\u03b9\u03b1 \u03bc\u03b5\u03c4\u03b1\u03b2\u03af\u03b2\u03b1\u03c3\u03b7 \u03c4\u03af\u03c4\u03bb\u03bf\u03c5, \u03ba\u03b1\u03b9 \u03b2\u03ac\u03c3\u03b5\u03b9 \u03b1\u03c5\u03c4\u03ae\u03c2 \u03c4\u03b7\u03c2 \u03ac\u03b4\u03b5\u03b9\u03b1\u03c2 \u03b4\u03b5\u03bd \u03b5\u03c0\u03b9\u03c4\u03c1\u03ad\u03c0\u03b5\u03c4\u03b1\u03b9:<\/p>\n\n\n\n<ul class=\"wp-block-list\">\n<li>\u03bd\u03b1 \u03c4\u03c1\u03bf\u03c0\u03bf\u03c0\u03bf\u03b9\u03ae\u03c3\u03b5\u03c4\u03b5 \u03ae \u03bd\u03b1 \u03b1\u03bd\u03c4\u03b9\u03b3\u03c1\u03ac\u03c8\u03b5\u03c4\u03b5 \u03c4\u03b1 \u03c5\u03bb\u03b9\u03ba\u03ac.<\/li>\n\n\n\n<li>\u03c7\u03c1\u03ae\u03c3\u03b7 \u03c4\u03c9\u03bd \u03c5\u03bb\u03b9\u03ba\u03ce\u03bd \u03b3\u03b9\u03b1 \u03bf\u03c0\u03bf\u03b9\u03bf\u03bd\u03b4\u03ae\u03c0\u03bf\u03c4\u03b5 \u03b5\u03bc\u03c0\u03bf\u03c1\u03b9\u03ba\u03cc \u03c3\u03ba\u03bf\u03c0\u03cc \u03ae \u03b3\u03b9\u03b1 \u03b4\u03b7\u03bc\u03cc\u03c3\u03b9\u03b1 \u03c0\u03c1\u03bf\u03b2\u03bf\u03bb\u03ae (\u03b5\u03bc\u03c0\u03bf\u03c1\u03b9\u03ba\u03ae \u03ae \u03bc\u03b7)\u00b7<\/li>\n\n\n\n<li>\u03c0\u03c1\u03bf\u03c3\u03c0\u03b1\u03b8\u03ae\u03c3\u03c4\u03b5 \u03bd\u03b1 \u03b1\u03c0\u03bf\u03bc\u03b5\u03c4\u03b1\u03b3\u03bb\u03c9\u03c4\u03c4\u03af\u03c3\u03b5\u03c4\u03b5 \u03ae \u03bd\u03b1 \u03b1\u03bd\u03b1\u03c3\u03c4\u03c1\u03ad\u03c8\u03b5\u03b9\u03c2 \u03bc\u03b7\u03c7\u03b1\u03bd\u03b9\u03ba\u03cc \u03bf\u03c0\u03bf\u03b9\u03bf\u03b4\u03ae\u03c0\u03bf\u03c4\u03b5 \u03bb\u03bf\u03b3\u03b9\u03c3\u03bc\u03b9\u03ba\u03cc \u03c0\u03bf\u03c5 \u03c0\u03b5\u03c1\u03b9\u03ad\u03c7\u03b5\u03c4\u03b1\u03b9 \u03c3\u03c4\u03bf\u03bd \u03b9\u03c3\u03c4\u03cc\u03c4\u03bf\u03c0\u03bf \u03c4\u03b7\u03c2 HowBees.<\/li>\n\n\n\n<li>\u03b1\u03c6\u03b1\u03b9\u03c1\u03ad\u03c3\u03c4\u03b5 \u03c4\u03c5\u03c7\u03cc\u03bd \u03c0\u03bd\u03b5\u03c5\u03bc\u03b1\u03c4\u03b9\u03ba\u03ac \u03b4\u03b9\u03ba\u03b1\u03b9\u03ce\u03bc\u03b1\u03c4\u03b1 \u03ae \u03ac\u03bb\u03bb\u03b5\u03c2 \u03b9\u03b4\u03b9\u03cc\u03ba\u03c4\u03b7\u03c4\u03b5\u03c2 \u03c3\u03b7\u03bc\u03b5\u03b9\u03ce\u03c3\u03b5\u03b9\u03c2 \u03b1\u03c0\u03cc \u03c4\u03bf \u03c5\u03bb\u03b9\u03ba\u03cc. \u03ae<\/li>\n\n\n\n<li>\u03bc\u03b5\u03c4\u03b1\u03c6\u03ad\u03c1\u03b5\u03c4\u03b5 \u03c4\u03b1 \u03c5\u03bb\u03b9\u03ba\u03ac \u03c3\u03b5 \u03ac\u03bb\u03bb\u03bf \u03ac\u03c4\u03bf\u03bc\u03bf \u03ae \u00ab\u03ba\u03b1\u03b8\u03c1\u03b5\u03c6\u03c4\u03af\u03c3\u03c4\u03b5\u00bb \u03c4\u03b1 \u03c5\u03bb\u03b9\u03ba\u03ac \u03c3\u03b5 \u03bf\u03c0\u03bf\u03b9\u03bf\u03bd\u03b4\u03ae\u03c0\u03bf\u03c4\u03b5 \u03ac\u03bb\u03bb\u03bf \u03b4\u03b9\u03b1\u03ba\u03bf\u03bc\u03b9\u03c3\u03c4\u03ae. \u0391\u03c5\u03c4\u03ae \u03b7 \u03ac\u03b4\u03b5\u03b9\u03b1 \u03b8\u03b1 \u03c4\u03b5\u03c1\u03bc\u03b1\u03c4\u03b9\u03c3\u03c4\u03b5\u03af \u03b1\u03c5\u03c4\u03cc\u03bc\u03b1\u03c4\u03b1 \u03b5\u03ac\u03bd \u03c0\u03b1\u03c1\u03b1\u03b2\u03b9\u03ac\u03c3\u03b5\u03c4\u03b5 \u03bf\u03c0\u03bf\u03b9\u03bf\u03bd\u03b4\u03ae\u03c0\u03bf\u03c4\u03b5 \u03b1\u03c0\u03cc \u03b1\u03c5\u03c4\u03bf\u03cd\u03c2 \u03c4\u03bf\u03c5\u03c2 \u03c0\u03b5\u03c1\u03b9\u03bf\u03c1\u03b9\u03c3\u03bc\u03bf\u03cd\u03c2 \u03ba\u03b1\u03b9 \u03bc\u03c0\u03bf\u03c1\u03b5\u03af \u03bd\u03b1 \u03c4\u03b5\u03c1\u03bc\u03b1\u03c4\u03b9\u03c3\u03c4\u03b5\u03af \u03b1\u03c0\u03cc \u03c4\u03b7\u03bd HowBees \u03b1\u03bd\u03ac \u03c0\u03ac\u03c3\u03b1 \u03c3\u03c4\u03b9\u03b3\u03bc\u03ae. \u039c\u03b5\u03c4\u03ac \u03c4\u03bf\u03bd \u03c4\u03b5\u03c1\u03bc\u03b1\u03c4\u03b9\u03c3\u03bc\u03cc \u03c4\u03b7\u03c2 \u03c0\u03c1\u03bf\u03b2\u03bf\u03bb\u03ae\u03c2 \u03b1\u03c5\u03c4\u03bf\u03cd \u03c4\u03bf\u03c5 \u03c5\u03bb\u03b9\u03ba\u03bf\u03cd \u03ae \u03bc\u03b5 \u03c4\u03bf\u03bd \u03c4\u03b5\u03c1\u03bc\u03b1\u03c4\u03b9\u03c3\u03bc\u03cc \u03b1\u03c5\u03c4\u03ae\u03c2 \u03c4\u03b7\u03c2 \u03ac\u03b4\u03b5\u03b9\u03b1\u03c2 \u03c7\u03c1\u03ae\u03c3\u03b7\u03c2, \u03c0\u03c1\u03ad\u03c0\u03b5\u03b9 \u03bd\u03b1 \u03b4\u03b9\u03b1\u03b3\u03c1\u03ac\u03c8\u03b5\u03c4\u03b5 \u03bf\u03c0\u03bf\u03b9\u03bf\u03b4\u03ae\u03c0\u03bf\u03c4\u03b5 \u03c5\u03bb\u03b9\u03ba\u03cc \u03c0\u03bf\u03c5 \u03ad\u03c7\u03b5\u03c4\u03b5 \u03bb\u03ac\u03b2\u03b5\u03b9, \u03b5\u03af\u03c4\u03b5 \u03c3\u03b5 \u03b7\u03bb\u03b5\u03ba\u03c4\u03c1\u03bf\u03bd\u03b9\u03ba\u03ae \u03b5\u03af\u03c4\u03b5 \u03c3\u03b5 \u03ad\u03bd\u03c4\u03c5\u03c0\u03b7 \u03bc\u03bf\u03c1\u03c6\u03ae.<\/li>\n<\/ul>\n\n\n\n<h2 class=\"wp-block-heading\">\u0391\u03c0\u03bf\u03c0\u03bf\u03af\u03b7\u03c3\u03b7 \u03b5\u03c5\u03b8\u03c5\u03bd\u03ce\u03bd<\/h2>\n\n\n\n<p>\u03a4\u03b1 \u03c5\u03bb\u03b9\u03ba\u03ac \u03c3\u03c4\u03bf\u03bd \u03b9\u03c3\u03c4\u03cc\u03c4\u03bf\u03c0\u03bf \u03c4\u03b7\u03c2 HowBees \u03c0\u03b1\u03c1\u03ad\u03c7\u03bf\u03bd\u03c4\u03b1\u03b9 \u00ab\u03c9\u03c2 \u03ad\u03c7\u03bf\u03c5\u03bd\u00bb. \u0397 HowBees \u03b4\u03b5\u03bd \u03c0\u03b1\u03c1\u03ad\u03c7\u03b5\u03b9 \u03ba\u03b1\u03bc\u03af\u03b1 \u03b5\u03b3\u03b3\u03cd\u03b7\u03c3\u03b7, \u03c1\u03b7\u03c4\u03ae \u03ae \u03c3\u03b9\u03c9\u03c0\u03b7\u03c1\u03ae, \u03ba\u03b1\u03b9 \u03bc\u03b5 \u03c4\u03bf \u03c0\u03b1\u03c1\u03cc\u03bd \u03b1\u03c0\u03bf\u03c0\u03bf\u03b9\u03b5\u03af\u03c4\u03b1\u03b9 \u03ba\u03b1\u03b9 \u03b1\u03ba\u03c5\u03c1\u03ce\u03bd\u03b5\u03b9 \u03cc\u03bb\u03b5\u03c2 \u03c4\u03b9\u03c2 \u03ac\u03bb\u03bb\u03b5\u03c2 \u03b5\u03b3\u03b3\u03c5\u03ae\u03c3\u03b5\u03b9\u03c2, \u03c3\u03c5\u03bc\u03c0\u03b5\u03c1\u03b9\u03bb\u03b1\u03bc\u03b2\u03b1\u03bd\u03bf\u03bc\u03ad\u03bd\u03c9\u03bd, \u03c7\u03c9\u03c1\u03af\u03c2 \u03c0\u03b5\u03c1\u03b9\u03bf\u03c1\u03b9\u03c3\u03bc\u03cc, \u03c3\u03b9\u03c9\u03c0\u03b7\u03c1\u03ce\u03bd \u03b5\u03b3\u03b3\u03c5\u03ae\u03c3\u03b5\u03c9\u03bd \u03ae \u03cc\u03c1\u03c9\u03bd \u03b5\u03bc\u03c0\u03bf\u03c1\u03b5\u03c5\u03c3\u03b9\u03bc\u03cc\u03c4\u03b7\u03c4\u03b1\u03c2, \u03ba\u03b1\u03c4\u03b1\u03bb\u03bb\u03b7\u03bb\u03cc\u03c4\u03b7\u03c4\u03b1\u03c2 \u03b3\u03b9\u03b1 \u03c3\u03c5\u03b3\u03ba\u03b5\u03ba\u03c1\u03b9\u03bc\u03ad\u03bd\u03bf \u03c3\u03ba\u03bf\u03c0\u03cc \u03ae \u03bc\u03b7 \u03c0\u03b1\u03c1\u03b1\u03b2\u03af\u03b1\u03c3\u03b7\u03c2 \u03c0\u03bd\u03b5\u03c5\u03bc\u03b1\u03c4\u03b9\u03ba\u03ae\u03c2 \u03b9\u03b4\u03b9\u03bf\u03ba\u03c4\u03b7\u03c3\u03af\u03b1\u03c2 \u03ae \u03ac\u03bb\u03bb\u03b7\u03c2 \u03c0\u03b1\u03c1\u03b1\u03b2\u03af\u03b1\u03c3\u03b7\u03c2 \u03b4\u03b9\u03ba\u03b1\u03b9\u03c9\u03bc\u03ac\u03c4\u03c9\u03bd.<\/p>\n\n\n\n<p>\u0395\u03c0\u03b9\u03c0\u03bb\u03ad\u03bf\u03bd, \u03b7 HowBees \u03b4\u03b5\u03bd \u03b5\u03b3\u03b3\u03c5\u03ac\u03c4\u03b1\u03b9 \u03bf\u03cd\u03c4\u03b5 \u03c0\u03c1\u03bf\u03b2\u03b1\u03af\u03bd\u03b5\u03b9 \u03c3\u03b5 \u03b4\u03b7\u03bb\u03ce\u03c3\u03b5\u03b9\u03c2 \u03c3\u03c7\u03b5\u03c4\u03b9\u03ba\u03ac \u03bc\u03b5 \u03c4\u03b7\u03bd \u03b1\u03ba\u03c1\u03af\u03b2\u03b5\u03b9\u03b1, \u03c4\u03b1 \u03c0\u03b9\u03b8\u03b1\u03bd\u03ac \u03b1\u03c0\u03bf\u03c4\u03b5\u03bb\u03ad\u03c3\u03bc\u03b1\u03c4\u03b1 \u03ae \u03c4\u03b7\u03bd \u03b1\u03be\u03b9\u03bf\u03c0\u03b9\u03c3\u03c4\u03af\u03b1 \u03c4\u03b7\u03c2 \u03c7\u03c1\u03ae\u03c3\u03b7\u03c2 \u03c4\u03c9\u03bd \u03c5\u03bb\u03b9\u03ba\u03ce\u03bd \u03c3\u03c4\u03bf\u03bd \u03b9\u03c3\u03c4\u03cc\u03c4\u03bf\u03c0\u03cc \u03c4\u03b7\u03c2 \u03ae \u03ac\u03bb\u03bb\u03c9\u03c2 \u03c0\u03bf\u03c5 \u03c3\u03c7\u03b5\u03c4\u03af\u03b6\u03bf\u03bd\u03c4\u03b1\u03b9 \u03bc\u03b5 \u03c4\u03ad\u03c4\u03bf\u03b9\u03bf \u03c5\u03bb\u03b9\u03ba\u03cc \u03ae \u03c3\u03b5 \u03bf\u03c0\u03bf\u03b9\u03bf\u03c5\u03c3\u03b4\u03ae\u03c0\u03bf\u03c4\u03b5 \u03b9\u03c3\u03c4\u03cc\u03c4\u03bf\u03c0\u03bf\u03c5\u03c2 \u03c0\u03bf\u03c5 \u03c3\u03c5\u03bd\u03b4\u03ad\u03bf\u03bd\u03c4\u03b1\u03b9 \u03bc\u03b5 \u03b1\u03c5\u03c4\u03cc\u03bd \u03c4\u03bf\u03bd \u03b9\u03c3\u03c4\u03cc\u03c4\u03bf\u03c0\u03bf.<\/p>\n\n\n\n<h2 class=\"wp-block-heading\">\u03a0\u03b5\u03c1\u03b9\u03bf\u03c1\u03b9\u03c3\u03bc\u03bf\u03af<\/h2>\n\n\n\n<p>\u03a3\u03b5 \u03ba\u03b1\u03bc\u03af\u03b1 \u03c0\u03b5\u03c1\u03af\u03c0\u03c4\u03c9\u03c3\u03b7 \u03b7 HowBees \u03ae \u03bf\u03b9 \u03c0\u03c1\u03bf\u03bc\u03b7\u03b8\u03b5\u03c5\u03c4\u03ad\u03c2 \u03c4\u03b7\u03c2 \u03b4\u03b5\u03bd \u03b5\u03c5\u03b8\u03cd\u03bd\u03bf\u03bd\u03c4\u03b1\u03b9 \u03b3\u03b9\u03b1 \u03b6\u03b7\u03bc\u03af\u03b5\u03c2 (\u03c3\u03c5\u03bc\u03c0\u03b5\u03c1\u03b9\u03bb\u03b1\u03bc\u03b2\u03b1\u03bd\u03bf\u03bc\u03ad\u03bd\u03c9\u03bd, \u03c7\u03c9\u03c1\u03af\u03c2 \u03c0\u03b5\u03c1\u03b9\u03bf\u03c1\u03b9\u03c3\u03bc\u03cc, \u03b6\u03b7\u03bc\u03b9\u03ce\u03bd \u03b3\u03b9\u03b1 \u03b1\u03c0\u03ce\u03bb\u03b5\u03b9\u03b1 \u03b4\u03b5\u03b4\u03bf\u03bc\u03ad\u03bd\u03c9\u03bd \u03ae \u03ba\u03ad\u03c1\u03b4\u03bf\u03c5\u03c2, \u03ae \u03bb\u03cc\u03b3\u03c9 \u03b4\u03b9\u03b1\u03ba\u03bf\u03c0\u03ae\u03c2 \u03c4\u03b7\u03c2 \u03b5\u03c0\u03b9\u03c7\u03b5\u03af\u03c1\u03b7\u03c3\u03b7\u03c2) \u03c0\u03bf\u03c5 \u03c0\u03c1\u03bf\u03ba\u03cd\u03c0\u03c4\u03bf\u03c5\u03bd \u03b1\u03c0\u03cc \u03c4\u03b7 \u03c7\u03c1\u03ae\u03c3\u03b7 \u03ae \u03c4\u03b7\u03bd \u03b1\u03b4\u03c5\u03bd\u03b1\u03bc\u03af\u03b1 \u03c7\u03c1\u03ae\u03c3\u03b7\u03c2 \u03c4\u03bf\u03c5 \u03c5\u03bb\u03b9\u03ba\u03bf\u03cd \u03c3\u03c4\u03bf\u03bd \u03b9\u03c3\u03c4\u03cc\u03c4\u03bf\u03c0\u03bf \u03c4\u03b7\u03c2 HowBees, \u03b1\u03ba\u03cc\u03bc\u03b7 \u03ba\u03b1\u03b9 \u03b5\u03ac\u03bd \u03b7 HowBees \u03ae \u03ad\u03bd\u03b1\u03c2 \u03b5\u03be\u03bf\u03c5\u03c3\u03b9\u03bf\u03b4\u03bf\u03c4\u03b7\u03bc\u03ad\u03bd\u03bf\u03c2 \u03b5\u03ba\u03c0\u03c1\u03cc\u03c3\u03c9\u03c0\u03bf\u03c2 \u03c4\u03b7\u03c2 HowBees \u03ad\u03c7\u03b5\u03b9 \u03b5\u03b9\u03b4\u03bf\u03c0\u03bf\u03b9\u03b7\u03b8\u03b5\u03af \u03c0\u03c1\u03bf\u03c6\u03bf\u03c1\u03b9\u03ba\u03ac \u03ae \u03b3\u03c1\u03b1\u03c0\u03c4\u03ac \u03b3\u03b9\u03b1 \u03c4\u03b7\u03bd \u03c0\u03b9\u03b8\u03b1\u03bd\u03cc\u03c4\u03b7\u03c4\u03b1 \u03c4\u03ad\u03c4\u03bf\u03b9\u03c9\u03bd \u03b6\u03b7\u03bc\u03b9\u03ce\u03bd. \u0395\u03c0\u03b5\u03b9\u03b4\u03ae \u03bf\u03c1\u03b9\u03c3\u03bc\u03ad\u03bd\u03b5\u03c2 \u03b4\u03b9\u03ba\u03b1\u03b9\u03bf\u03b4\u03bf\u03c3\u03af\u03b5\u03c2 \u03b4\u03b5\u03bd \u03b5\u03c0\u03b9\u03c4\u03c1\u03ad\u03c0\u03bf\u03c5\u03bd \u03c0\u03b5\u03c1\u03b9\u03bf\u03c1\u03b9\u03c3\u03bc\u03bf\u03cd\u03c2 \u03c3\u03c4\u03b9\u03c2 \u03c3\u03b9\u03c9\u03c0\u03b7\u03c1\u03ad\u03c2 \u03b5\u03b3\u03b3\u03c5\u03ae\u03c3\u03b5\u03b9\u03c2 \u03ae \u03c0\u03b5\u03c1\u03b9\u03bf\u03c1\u03b9\u03c3\u03bc\u03bf\u03cd\u03c2 \u03b5\u03c5\u03b8\u03cd\u03bd\u03b7\u03c2 \u03b3\u03b9\u03b1 \u03c0\u03b1\u03c1\u03b5\u03c0\u03cc\u03bc\u03b5\u03bd\u03b5\u03c2 \u03ae \u03c4\u03c5\u03c7\u03b1\u03af\u03b5\u03c2 \u03b6\u03b7\u03bc\u03b9\u03ad\u03c2, \u03b1\u03c5\u03c4\u03bf\u03af \u03bf\u03b9 \u03c0\u03b5\u03c1\u03b9\u03bf\u03c1\u03b9\u03c3\u03bc\u03bf\u03af \u03b5\u03bd\u03b4\u03ad\u03c7\u03b5\u03c4\u03b1\u03b9 \u03bd\u03b1 \u03bc\u03b7\u03bd \u03b9\u03c3\u03c7\u03cd\u03bf\u03c5\u03bd \u03b3\u03b9\u03b1 \u03b5\u03c3\u03ac\u03c2.<\/p>\n\n\n\n<h2 class=\"wp-block-heading\">\u0391\u03ba\u03c1\u03af\u03b2\u03b5\u03b9\u03b1 \u03c5\u03bb\u03b9\u03ba\u03ce\u03bd<\/h2>\n\n\n\n<p>\u03a4\u03bf \u03c5\u03bb\u03b9\u03ba\u03cc \u03c0\u03bf\u03c5 \u03b5\u03bc\u03c6\u03b1\u03bd\u03af\u03b6\u03b5\u03c4\u03b1\u03b9 \u03c3\u03c4\u03bf\u03bd \u03b9\u03c3\u03c4\u03cc\u03c4\u03bf\u03c0\u03bf \u03c4\u03bf\u03c5 HowBees \u03bc\u03c0\u03bf\u03c1\u03b5\u03af \u03bd\u03b1 \u03c0\u03b5\u03c1\u03b9\u03bb\u03b1\u03bc\u03b2\u03ac\u03bd\u03b5\u03b9 \u03c4\u03b5\u03c7\u03bd\u03b9\u03ba\u03ac, \u03c4\u03c5\u03c0\u03bf\u03b3\u03c1\u03b1\u03c6\u03b9\u03ba\u03ac \u03ae \u03c6\u03c9\u03c4\u03bf\u03b3\u03c1\u03b1\u03c6\u03b9\u03ba\u03ac \u03bb\u03ac\u03b8\u03b7. \u0397 HowBees \u03b4\u03b5\u03bd \u03b5\u03b3\u03b3\u03c5\u03ac\u03c4\u03b1\u03b9 \u03cc\u03c4\u03b9 \u03bf\u03c0\u03bf\u03b9\u03bf\u03b4\u03ae\u03c0\u03bf\u03c4\u03b5 \u03c5\u03bb\u03b9\u03ba\u03cc \u03c3\u03c4\u03bf\u03bd \u03b9\u03c3\u03c4\u03cc\u03c4\u03bf\u03c0\u03cc \u03c4\u03b7\u03c2 \u03b5\u03af\u03bd\u03b1\u03b9 \u03b1\u03ba\u03c1\u03b9\u03b2\u03ad\u03c2, \u03c0\u03bb\u03ae\u03c1\u03b5\u03c2 \u03ae \u03b5\u03c0\u03af\u03ba\u03b1\u03b9\u03c1\u03bf. \u0397 HowBees \u03bc\u03c0\u03bf\u03c1\u03b5\u03af \u03bd\u03b1 \u03ba\u03ac\u03bd\u03b5\u03b9 \u03b1\u03bb\u03bb\u03b1\u03b3\u03ad\u03c2 \u03c3\u03c4\u03bf \u03c5\u03bb\u03b9\u03ba\u03cc \u03c0\u03bf\u03c5 \u03c0\u03b5\u03c1\u03b9\u03ad\u03c7\u03b5\u03c4\u03b1\u03b9 \u03c3\u03c4\u03bf\u03bd \u03b9\u03c3\u03c4\u03cc\u03c4\u03bf\u03c0\u03cc \u03c4\u03b7\u03c2 \u03b1\u03bd\u03ac \u03c0\u03ac\u03c3\u03b1 \u03c3\u03c4\u03b9\u03b3\u03bc\u03ae \u03c7\u03c9\u03c1\u03af\u03c2 \u03c0\u03c1\u03bf\u03b5\u03b9\u03b4\u03bf\u03c0\u03bf\u03af\u03b7\u03c3\u03b7. \u03a9\u03c3\u03c4\u03cc\u03c3\u03bf, \u03b7 HowBees \u03b4\u03b5\u03bd \u03b4\u03b5\u03c3\u03bc\u03b5\u03cd\u03b5\u03c4\u03b1\u03b9 \u03bd\u03b1 \u03b5\u03bd\u03b7\u03bc\u03b5\u03c1\u03ce\u03c3\u03b5\u03b9 \u03c4\u03b1 \u03c5\u03bb\u03b9\u03ba\u03ac.<\/p>\n\n\n\n<h2 class=\"wp-block-heading\">\u03a3\u03c5\u03bd\u03b4\u03ad\u03c3\u03b5\u03b9\u03c2<\/h2>\n\n\n\n<p>\u0397 HowBees \u03b4\u03b5\u03bd \u03ad\u03c7\u03b5\u03b9 \u03b5\u03bb\u03ad\u03b3\u03be\u03b5\u03b9 \u03cc\u03bb\u03bf\u03c5\u03c2 \u03c4\u03bf\u03c5\u03c2 \u03b9\u03c3\u03c4\u03cc\u03c4\u03bf\u03c0\u03bf\u03c5\u03c2 \u03c0\u03bf\u03c5 \u03c3\u03c5\u03bd\u03b4\u03ad\u03bf\u03bd\u03c4\u03b1\u03b9 \u03bc\u03b5 \u03c4\u03bf\u03bd \u03b9\u03c3\u03c4\u03cc\u03c4\u03bf\u03c0\u03cc \u03c4\u03b7\u03c2 \u03ba\u03b1\u03b9 \u03b4\u03b5\u03bd \u03b5\u03af\u03bd\u03b1\u03b9 \u03c5\u03c0\u03b5\u03cd\u03b8\u03c5\u03bd\u03bf\u03c2 \u03b3\u03b9\u03b1 \u03c4\u03b1 \u03c0\u03b5\u03c1\u03b9\u03b5\u03c7\u03cc\u03bc\u03b5\u03bd\u03b1 \u03bf\u03c0\u03bf\u03b9\u03bf\u03c5\u03b4\u03ae\u03c0\u03bf\u03c4\u03b5 \u03c3\u03c5\u03bd\u03b4\u03b5\u03b4\u03b5\u03bc\u03ad\u03bd\u03bf\u03c5 \u03b9\u03c3\u03c4\u03cc\u03c4\u03bf\u03c0\u03bf\u03c5. \u0397 \u03c3\u03c5\u03bc\u03c0\u03b5\u03c1\u03af\u03bb\u03b7\u03c8\u03b7 \u03bf\u03c0\u03bf\u03b9\u03bf\u03c5\u03b4\u03ae\u03c0\u03bf\u03c4\u03b5 \u03c3\u03c5\u03bd\u03b4\u03ad\u03c3\u03bc\u03bf\u03c5 \u03b4\u03b5\u03bd \u03c3\u03c5\u03bd\u03b5\u03c0\u03ac\u03b3\u03b5\u03c4\u03b1\u03b9 \u03c4\u03b7\u03bd \u03ad\u03b3\u03ba\u03c1\u03b9\u03c3\u03b7 \u03c4\u03bf\u03c5 \u03b9\u03c3\u03c4\u03cc\u03c4\u03bf\u03c0\u03bf\u03c5 \u03b1\u03c0\u03cc \u03c4\u03b7\u03bd HowBees. \u0397 \u03c7\u03c1\u03ae\u03c3\u03b7 \u03bf\u03c0\u03bf\u03b9\u03bf\u03c5\u03b4\u03ae\u03c0\u03bf\u03c4\u03b5 \u03c3\u03c5\u03bd\u03b4\u03b5\u03b4\u03b5\u03bc\u03ad\u03bd\u03bf\u03c5 \u03b9\u03c3\u03c4\u03cc\u03c4\u03bf\u03c0\u03bf\u03c5 \u03b3\u03af\u03bd\u03b5\u03c4\u03b1\u03b9 \u03bc\u03b5 \u03b5\u03c5\u03b8\u03cd\u03bd\u03b7 \u03c4\u03bf\u03c5 \u03c7\u03c1\u03ae\u03c3\u03c4\u03b7.<\/p>\n\n\n\n<h2 class=\"wp-block-heading\">\u03a4\u03c1\u03bf\u03c0\u03bf\u03c0\u03bf\u03b9\u03ae\u03c3\u03b5\u03b9\u03c2<\/h2>\n\n\n\n<p>\u0397 HowBees \u03bc\u03c0\u03bf\u03c1\u03b5\u03af \u03bd\u03b1 \u03b1\u03bd\u03b1\u03b8\u03b5\u03c9\u03c1\u03ae\u03c3\u03b5\u03b9 \u03b1\u03c5\u03c4\u03bf\u03cd\u03c2 \u03c4\u03bf\u03c5\u03c2 \u03cc\u03c1\u03bf\u03c5\u03c2 \u03c0\u03b1\u03c1\u03bf\u03c7\u03ae\u03c2 \u03c5\u03c0\u03b7\u03c1\u03b5\u03c3\u03b9\u03ce\u03bd \u03b3\u03b9\u03b1 \u03c4\u03bf\u03bd \u03b9\u03c3\u03c4\u03cc\u03c4\u03bf\u03c0\u03cc \u03c4\u03b7\u03c2 \u03b1\u03bd\u03ac \u03c0\u03ac\u03c3\u03b1 \u03c3\u03c4\u03b9\u03b3\u03bc\u03ae \u03c7\u03c9\u03c1\u03af\u03c2 \u03c0\u03c1\u03bf\u03b5\u03b9\u03b4\u03bf\u03c0\u03bf\u03af\u03b7\u03c3\u03b7. \u03a7\u03c1\u03b7\u03c3\u03b9\u03bc\u03bf\u03c0\u03bf\u03b9\u03ce\u03bd\u03c4\u03b1\u03c2 \u03b1\u03c5\u03c4\u03cc\u03bd \u03c4\u03bf\u03bd \u03b9\u03c3\u03c4\u03cc\u03c4\u03bf\u03c0\u03bf, \u03c3\u03c5\u03bc\u03c6\u03c9\u03bd\u03b5\u03af\u03c4\u03b5 \u03cc\u03c4\u03b9 \u03b4\u03b5\u03c3\u03bc\u03b5\u03cd\u03b5\u03c3\u03c4\u03b5 \u03b1\u03c0\u03cc \u03c4\u03b7\u03bd \u03c4\u03c1\u03ad\u03c7\u03bf\u03c5\u03c3\u03b1 \u03ad\u03ba\u03b4\u03bf\u03c3\u03b7 \u03b1\u03c5\u03c4\u03ce\u03bd \u03c4\u03c9\u03bd \u03cc\u03c1\u03c9\u03bd \u03c0\u03b1\u03c1\u03bf\u03c7\u03ae\u03c2 \u03c5\u03c0\u03b7\u03c1\u03b5\u03c3\u03b9\u03ce\u03bd.<\/p>\n\n\n\n<p>\u0399\u03c3\u03c7\u03cd\u03bf\u03bd \u0394\u03af\u03ba\u03b1\u03b9\u03bf \u0391\u03c5\u03c4\u03bf\u03af \u03bf\u03b9 \u03cc\u03c1\u03bf\u03b9 \u03ba\u03b1\u03b9 \u03c0\u03c1\u03bf\u03cb\u03c0\u03bf\u03b8\u03ad\u03c3\u03b5\u03b9\u03c2 \u03b4\u03b9\u03ad\u03c0\u03bf\u03bd\u03c4\u03b1\u03b9 \u03ba\u03b1\u03b9 \u03b5\u03c1\u03bc\u03b7\u03bd\u03b5\u03cd\u03bf\u03bd\u03c4\u03b1\u03b9 \u03c3\u03cd\u03bc\u03c6\u03c9\u03bd\u03b1 \u03bc\u03b5 \u03c4\u03bf\u03c5\u03c2 \u03bd\u03cc\u03bc\u03bf\u03c5\u03c2 \u03c4\u03b7\u03c2 HowBees \u03ba\u03b1\u03b9 \u03c5\u03c0\u03bf\u03b2\u03ac\u03bb\u03bb\u03b5\u03c3\u03c4\u03b5 \u03b1\u03bc\u03b5\u03c4\u03ac\u03ba\u03bb\u03b7\u03c4\u03b1 \u03c3\u03c4\u03b7\u03bd \u03b1\u03c0\u03bf\u03ba\u03bb\u03b5\u03b9\u03c3\u03c4\u03b9\u03ba\u03ae \u03b4\u03b9\u03ba\u03b1\u03b9\u03bf\u03b4\u03bf\u03c3\u03af\u03b1 \u03c4\u03c9\u03bd \u03b4\u03b9\u03ba\u03b1\u03c3\u03c4\u03b7\u03c1\u03af\u03c9\u03bd \u03b1\u03c5\u03c4\u03ae\u03c2 \u03c4\u03b7\u03c2 \u03a0\u03bf\u03bb\u03b9\u03c4\u03b5\u03af\u03b1\u03c2 \u03ae \u03c4\u03bf\u03c0\u03bf\u03b8\u03b5\u03c3\u03af\u03b1\u03c2.<\/p>\n\n\n\n<h2 class=\"wp-block-heading\" id=\"lei-aplicavel\">\u0395\u03c6\u03b1\u03c1\u03bc\u03cc\u03c3\u03b9\u03bc\u03bf\u03c2 \u03bd\u03cc\u03bc\u03bf\u03c2<\/h2>\n\n\n\n<p>\u0391\u03c5\u03c4\u03bf\u03af \u03bf\u03b9 \u03cc\u03c1\u03bf\u03b9 \u03ba\u03b1\u03b9 \u03c0\u03c1\u03bf\u03cb\u03c0\u03bf\u03b8\u03ad\u03c3\u03b5\u03b9\u03c2 \u03b4\u03b9\u03ad\u03c0\u03bf\u03bd\u03c4\u03b1\u03b9 \u03ba\u03b1\u03b9 \u03b5\u03c1\u03bc\u03b7\u03bd\u03b5\u03cd\u03bf\u03bd\u03c4\u03b1\u03b9 \u03c3\u03cd\u03bc\u03c6\u03c9\u03bd\u03b1 \u03bc\u03b5 \u03c4\u03bf\u03c5\u03c2 \u03bd\u03cc\u03bc\u03bf\u03c5\u03c2 \u03c4\u03b7\u03c2 HowBees \u03ba\u03b1\u03b9 \u03c5\u03c0\u03bf\u03b2\u03ac\u03bb\u03bb\u03b5\u03c3\u03c4\u03b5 \u03b1\u03bc\u03b5\u03c4\u03ac\u03ba\u03bb\u03b7\u03c4\u03b1 \u03c3\u03c4\u03b7\u03bd \u03b1\u03c0\u03bf\u03ba\u03bb\u03b5\u03b9\u03c3\u03c4\u03b9\u03ba\u03ae \u03b4\u03b9\u03ba\u03b1\u03b9\u03bf\u03b4\u03bf\u03c3\u03af\u03b1 \u03c4\u03c9\u03bd \u03b4\u03b9\u03ba\u03b1\u03c3\u03c4\u03b7\u03c1\u03af\u03c9\u03bd \u03c3\u03b5 \u03b1\u03c5\u03c4\u03ae\u03bd \u03c4\u03b7\u03bd \u03a0\u03bf\u03bb\u03b9\u03c4\u03b5\u03af\u03b1 \u03ae \u03c4\u03bf\u03c0\u03bf\u03b8\u03b5\u03c3\u03af\u03b1.<\/p>","protected":false},"excerpt":{"rendered":"<p>Ao acessar ao site HowBees, concorda em cumprir estes termos de servi\u00e7o, todas as leis e regulamentos aplic\u00e1veis e concorda que \u00e9 respons\u00e1vel pelo cumprimento de todas as leis locais aplic\u00e1veis. Se voc\u00ea n\u00e3o concordar com algum desses termos, est\u00e1 proibido de usar ou acessar este site. Os materiais contidos neste site s\u00e3o protegidos pelas [&hellip;]<\/p>\n","protected":false},"author":1,"featured_media":0,"parent":0,"menu_order":0,"comment_status":"closed","ping_status":"closed","template":"","meta":{"footnotes":""},"class_list":["post-196","page","type-page","status-publish"],"_links":{"self":[{"href":"https:\/\/howbees.com\/el\/wp-json\/wp\/v2\/pages\/196","targetHints":{"allow":["GET"]}}],"collection":[{"href":"https:\/\/howbees.com\/el\/wp-json\/wp\/v2\/pages"}],"about":[{"href":"https:\/\/howbees.com\/el\/wp-json\/wp\/v2\/types\/page"}],"author":[{"embeddable":true,"href":"https:\/\/howbees.com\/el\/wp-json\/wp\/v2\/users\/1"}],"replies":[{"embeddable":true,"href":"https:\/\/howbees.com\/el\/wp-json\/wp\/v2\/comments?post=196"}],"version-history":[{"count":1,"href":"https:\/\/howbees.com\/el\/wp-json\/wp\/v2\/pages\/196\/revisions"}],"predecessor-version":[{"id":197,"href":"https:\/\/howbees.com\/el\/wp-json\/wp\/v2\/pages\/196\/revisions\/197"}],"wp:attachment":[{"href":"https:\/\/howbees.com\/el\/wp-json\/wp\/v2\/media?parent=196"}],"curies":[{"name":"\u03b5\u03c1\u03b3\u03b1\u03c3\u03af\u03b1","href":"https:\/\/api.w.org\/{rel}","templated":true}]}}