{"id":198,"date":"2024-04-07T23:58:34","date_gmt":"2024-04-07T23:58:34","guid":{"rendered":"https:\/\/howbees.com\/?page_id=198"},"modified":"2024-04-07T23:58:51","modified_gmt":"2024-04-07T23:58:51","slug":"politica-de-privacidad","status":"publish","type":"page","link":"https:\/\/howbees.com\/es_eua\/politica-de-privacidade\/","title":{"rendered":"Pol\u00edtica de privacidad"},"content":{"rendered":"<p>Toda la informaci\u00f3n recopilada ser\u00e1 utilizada para mejorar su experiencia dentro de nuestro sitio web. La informaci\u00f3n recopilada puede incluir su nombre, correo electr\u00f3nico, n\u00famero de tel\u00e9fono y\/u otra informaci\u00f3n.<\/p>\n\n\n\n<p>El uso de HowBees implica la aceptaci\u00f3n de este Acuerdo de Privacidad. Si el usuario no est\u00e1 de acuerdo, incluso parcialmente, con los t\u00e9rminos y condiciones contenidos en esta Pol\u00edtica de Privacidad, no deber\u00e1 acceder y\/o utilizar el contenido ofrecido por HowBees. Al utilizar el sitio web, el Usuario reconoce y consiente plenamente el tratamiento de sus datos, de acuerdo con los t\u00e9rminos de la presente Pol\u00edtica de Privacidad y las Condiciones Generales de Uso.<\/p>\n\n\n\n<p>Nos reservamos el derecho de modificar esta pol\u00edtica de privacidad en cualquier momento sin el consentimiento o notificaci\u00f3n de los Usuarios, por lo que le rogamos que la revise con frecuencia. Los cambios y aclaraciones entrar\u00e1n en vigor inmediatamente despu\u00e9s de su publicaci\u00f3n en el sitio web. Si realizamos cambios materiales a esta pol\u00edtica, le notificaremos aqu\u00ed que se ha actualizado, para que est\u00e9 al tanto de qu\u00e9 informaci\u00f3n recopilamos, c\u00f3mo la usamos y bajo qu\u00e9 circunstancias, si las hubiera, la usamos y\/o divulgamos.<\/p>\n\n\n\n<p>HowBees respeta la privacidad de sus usuarios y la transparencia en la forma en que se utilizan los datos. Nuestra Pol\u00edtica de Privacidad ha sido elaborada de acuerdo con los est\u00e1ndares internacionales y nacionales de protecci\u00f3n de datos.<\/p>\n\n\n\n<p>Esta Pol\u00edtica de Privacidad debe leerse e interpretarse junto con los T\u00e9rminos y Condiciones Generales de Uso de HowBees, disponibles en <a href=\"https:\/\/howbees.com\/es_eua\/condiciones-de-uso\/\">https:\/\/howbees.com\/termos-de-uso\/<\/a><\/p>\n\n\n\n<h2 class=\"wp-block-heading\">Informaci\u00f3n general para los usuarios<\/h2>\n\n\n\n<p>HowBees tiene como objetivo compartir informaci\u00f3n con sus Usuarios, haciendo que el conocimiento sea accesible para todos. El usuario puede navegar por el sitio web de HowBees sin necesidad de registrarse previamente.<\/p>\n\n\n\n<p>HowBees sigue est\u00e1ndares y normas internacionales de seguridad en el almacenamiento, protecci\u00f3n, privacidad y transmisi\u00f3n de datos, resaltando que ning\u00fan m\u00e9todo de almacenamiento, protecci\u00f3n, privacidad y transmisi\u00f3n de datos es 100% seguro e inviolable.<\/p>\n\n\n\n<p>HowBees adopta pr\u00e1cticas y tecnolog\u00edas que se revisan y mejoran constantemente, en l\u00ednea con los avances t\u00e9cnicos y regulatorios nacionales e internacionales. Cuando hablamos de protecci\u00f3n, nos referimos a cualquier acceso, uso, alteraci\u00f3n, divulgaci\u00f3n o destrucci\u00f3n no autorizado de tus datos. Para evitar que esto suceda, invertimos en medidas que incluyen comunicaciones cifradas, control de acceso, adhesi\u00f3n al desarrollo de software seguro, pol\u00edticas de cumplimiento interno y medidas de responsabilidad y mitigaci\u00f3n de riesgos que permiten la seguridad durante todo el ciclo de vida de los datos. La informaci\u00f3n del usuario tambi\u00e9n se almacena en bases de datos seguras, reconocidas internacionalmente y de reconocido prestigio.<\/p>\n\n\n\n<p>HowBees no solicita ninguna cantidad de dinero bajo ning\u00fan concepto para lanzar ning\u00fan tipo de producto, sea cual sea. Si esto sucede, notif\u00edquenoslo inmediatamente.<\/p>\n\n\n\n<p>Trabajamos para mantener toda la informaci\u00f3n lo m\u00e1s actualizada posible. Sin embargo, vale la pena se\u00f1alar que esta informaci\u00f3n puede diferir de la que se encuentra en los sitios web de instituciones o proveedores de servicios en un sitio web espec\u00edfico. No garantizamos la exactitud y actualidad de la informaci\u00f3n. Recuerda siempre leer los t\u00e9rminos y condiciones de las instituciones que elijas. Recibimos una peque\u00f1a cantidad de publicidad en nuestro sitio web y de nuestros socios cuando referimos a un usuario que solicita un producto o propuesta. Todo lo que publicamos se basa en evaluaciones cuantitativas y cualitativas de cada producto. Vale la pena se\u00f1alar que nuestros socios pueden influir directamente en los productos sobre los que escribimos y rese\u00f1amos, y tambi\u00e9n en el orden de los \u201cmejores\u201d art\u00edculos y el posicionamiento de los productos en HowBees. Dada la cantidad de informaci\u00f3n existente en nuestro sitio web, no ofrecemos ning\u00fan tipo de garant\u00eda sobre la calidad y actualidad de la informaci\u00f3n; Por ello, priorizamos la informaci\u00f3n de nuestros socios.<\/p>\n\n\n\n<p>Para proteger su informaci\u00f3n personal, tomamos precauciones razonables y seguimos las mejores pr\u00e1cticas de la industria para asegurarnos de que no se pierda, utilice mal, acceda, divulgue, altere o destruya de manera inapropiada.<\/p>\n\n\n\n<h2 class=\"wp-block-heading\">Enlaces a sitios de terceros<\/h2>\n\n\n\n<p>HowBees tiene enlaces a otros sitios web que, en nuestra opini\u00f3n, pueden contener informaci\u00f3n \/ herramientas \u00fatiles para nuestros visitantes. Nuestra Pol\u00edtica de Privacidad no se aplica a sitios web de terceros. No somos responsables de la pol\u00edtica de privacidad ni del contenido presente en estos mismos sitios. HowBees no ejerce ning\u00fan tipo de control sobre los mismos y, por tanto, queda exento de cualquier responsabilidad en las relaciones establecidas entre el Usuario y los productos y servicios de terceros publicitados en el sitio web.<\/p>\n\n\n\n<p>Una vez que abandona nuestro sitio web o es redirigido a un sitio web o aplicaci\u00f3n de terceros, ya no est\u00e1 sujeto a esta Pol\u00edtica de privacidad ni a los T\u00e9rminos de servicio de nuestro sitio web.<\/p>\n\n\n\n<p>Si despu\u00e9s de registrarse, cambia de opini\u00f3n, puede retirar su consentimiento para que nos comuniquemos con usted, para la recopilaci\u00f3n, uso o divulgaci\u00f3n continua de su informaci\u00f3n, en cualquier momento, comunic\u00e1ndose con nosotros en <a href=\"mailto:contato@HowBees.com\">contato@HowBees.com<\/a>.<\/p>\n\n\n\n<h2 class=\"wp-block-heading\">Datos no personales<\/h2>\n\n\n\n<p>Cuando los usuarios no soliciten contenidos gratuitos de HowBees (e-books, quizzes, art\u00edculos, infograf\u00edas, entre otros), se podr\u00e1 realizar un seguimiento y recogida de datos no personales indicando, entre otros detalles, qu\u00e9 p\u00e1ginas del sitio web fueron visitadas, cu\u00e1ndo se visitaron, qu\u00e9 hiperv\u00ednculos fueron clicados, qu\u00e9 contenidos o servicios fueron solicitados o indicados, entre otros.<\/p>\n\n\n\n<h2 class=\"wp-block-heading\">Galletas<\/h2>\n\n\n\n<p>Google, como proveedor externo, utiliza cookies para publicar anuncios. Con la cookie de DART, Google puede mostrar anuncios basados en las visitas del lector a otros sitios web en Internet. Los usuarios pueden inhabilitar el uso de la cookie de DART visitando la pol\u00edtica de privacidad de la red de contenido y anuncios de Google.<\/p>\n\n\n\n<p>HowBees utiliza cookies para ayudar a recopilar datos e informaci\u00f3n de identificaci\u00f3n IP (Protocolo de Internet) para facilitar la navegaci\u00f3n del Usuario, ayudando a garantizar la seguridad, protecci\u00f3n y autenticidad de los datos.<\/p>\n\n\n\n<p>Adem\u00e1s, tambi\u00e9n utilizamos publicidad de terceros en nuestro sitio web para cubrir los costos de mantenimiento. Algunos de estos anunciantes pueden utilizar tecnolog\u00edas como cookies cuando anuncian en nuestro sitio web, lo que har\u00e1 que estos anunciantes (como Google a trav\u00e9s de Google AdSense y Ad Exchange) tambi\u00e9n reciban su informaci\u00f3n personal, como su direcci\u00f3n IP, su ISP, su navegador, etc. Esta funci\u00f3n se utiliza generalmente para la segmentaci\u00f3n geogr\u00e1fica (mostrar anuncios que tengan sentido en funci\u00f3n de su ubicaci\u00f3n geogr\u00e1fica).<\/p>\n\n\n\n<p>El Usuario podr\u00e1 en cualquier momento cambiar la aceptaci\u00f3n o no de cookies en la configuraci\u00f3n de su navegador, teniendo en cuenta que al deshabilitar las cookies de navegaci\u00f3n algunas de las funcionalidades de HowBees pueden verse afectadas.<\/p>\n\n\n\n<h2 class=\"wp-block-heading\">Datos de identificaci\u00f3n personal<\/h2>\n\n\n\n<p>Para acceder a contenidos gratuitos de HowBees, como art\u00edculos, ebooks, quizzes, entre otros, el usuario deber\u00e1 proporcionar algunos datos personales identificables, como: correo electr\u00f3nico y nombre completo.<\/p>\n\n\n\n<p>Los datos de identificaci\u00f3n personal procesados por HowBees tienen como finalidad:<\/p>\n\n\n\n<p>\u2013 Identificaci\u00f3n correcta y precisa del Usuario, garantizando as\u00ed una mayor seguridad y protecci\u00f3n de los propios Usuarios;<\/p>\n\n\n\n<p>\u2013 Acceso a los servicios y productos proporcionados por HowBees;<\/p>\n\n\n\n<p>\u2013 An\u00e1lisis del perfil del Usuario por parte de HowBees con el objetivo de indicar los mejores productos e informaci\u00f3n seg\u00fan sus necesidades reales y realidad.<\/p>\n\n\n\n<p>Con el objetivo de realizar un an\u00e1lisis a\u00fan m\u00e1s preciso del perfil del Usuario, HowBees podr\u00e1 realizar investigaciones para obtener m\u00e1s y mejor informaci\u00f3n sobre usted y, as\u00ed, indicar productos y servicios personalizados seg\u00fan las preferencias y necesidades de cada Usuario.<\/p>\n\n\n\n<p>De esta forma, HowBees y empresas colaboradoras podr\u00e1n invitar a los Usuarios a participar en encuestas de satisfacci\u00f3n, donde se enviar\u00e1n correos electr\u00f3nicos con las pautas necesarias. Los datos recogidos ser\u00e1n utilizados con el objetivo principal de buscar mejoras en los sistemas, productos, contenidos y servicios ofrecidos por HowBees y empresas colaboradoras.<\/p>\n\n\n\n<p>Si un usuario se comunica con nosotros para informar un problema, tiene una pregunta u obtiene ayuda de nosotros, recopilamos y almacenamos la informaci\u00f3n de contacto del usuario, as\u00ed como los mensajes respectivos y otros datos necesarios para investigar el problema o la pregunta. Estos datos se utilizar\u00e1n para resolver cualquier duda en base a la informaci\u00f3n recopilada, aclarar dudas, corregir problemas y mejorar el sistema, mejorando a\u00fan m\u00e1s la experiencia del Usuario dentro de HowBees.<\/p>\n\n\n\n<h2 class=\"wp-block-heading\">Acerca del intercambio de datos<\/h2>\n\n\n\n<p>HowBees no vender\u00e1 informaci\u00f3n ni datos personales de sus Usuarios, pero podr\u00e1 compartirlos con empresas colaboradoras con el fin de indicar productos y servicios que mejor se adapten al perfil y necesidades o para prestar productos y\/o servicios solicitados por el Usuario.<\/p>\n\n\n\n<p>HowBees se reserva el derecho de ayudar o cooperar con cualquier autoridad judicial o agencia gubernamental, y podr\u00e1 compartir datos de identificaci\u00f3n personal de los Usuarios para: a) establecer o ejercer sus derechos legales; b) proteger sus propiedades; c) cuando considere que su asistencia o cooperaci\u00f3n es necesaria para proteger a sus Usuarios, colaboradores, administradores o cualquier persona perjudicada por la acci\u00f3n u omisi\u00f3n.<\/p>\n\n\n\n<h2 class=\"wp-block-heading\">Acerca de los datos sin procesar y no recopilados<\/h2>\n\n\n\n<p>HowBees no procesa datos personales de ni\u00f1os menores de 13 (trece) a\u00f1os, sin autorizaci\u00f3n previa de sus padres o tutores legales.<\/p>\n\n\n\n<p>Si se recopilan y procesan datos personales de ni\u00f1os menores de 13 (trece) a\u00f1os de forma involuntaria sin la autorizaci\u00f3n expresa de sus padres o tutores legales, HowBees eliminar\u00e1 todos los datos recopilados sin previo aviso.<\/p>\n\n\n\n<p>Si el Usuario tiene conocimiento de que hemos procesado por error datos de un ni\u00f1o, le pedimos que se ponga en contacto con nosotros inmediatamente a trav\u00e9s de nuestra direcci\u00f3n de correo electr\u00f3nico. <a href=\"mailto:contato@HowBees.com\">contato@howbees.com<\/a>, para que podamos tomar las medidas necesarias.<\/p>","protected":false},"excerpt":{"rendered":"<p>Todas as informa\u00e7\u00f5es recolhidas ser\u00e3o utilizadas para melhorar sua experi\u00eancia dentro do nosso site. As informa\u00e7\u00f5es recolhidas podem incluir o seu nome, email, n\u00famero de telefone e\/ou outros. O uso do HowBees pressup\u00f5e a aceita\u00e7\u00e3o deste Acordo de Privacidade. Caso o usu\u00e1rio n\u00e3o concorde, ainda que em parte, com os termos e condi\u00e7\u00f5es contidos nesta [&hellip;]<\/p>\n","protected":false},"author":1,"featured_media":0,"parent":0,"menu_order":0,"comment_status":"closed","ping_status":"closed","template":"","meta":{"footnotes":""},"class_list":["post-198","page","type-page","status-publish"],"_links":{"self":[{"href":"https:\/\/howbees.com\/es_eua\/wp-json\/wp\/v2\/pages\/198","targetHints":{"allow":["GET"]}}],"collection":[{"href":"https:\/\/howbees.com\/es_eua\/wp-json\/wp\/v2\/pages"}],"about":[{"href":"https:\/\/howbees.com\/es_eua\/wp-json\/wp\/v2\/types\/page"}],"author":[{"embeddable":true,"href":"https:\/\/howbees.com\/es_eua\/wp-json\/wp\/v2\/users\/1"}],"replies":[{"embeddable":true,"href":"https:\/\/howbees.com\/es_eua\/wp-json\/wp\/v2\/comments?post=198"}],"version-history":[{"count":2,"href":"https:\/\/howbees.com\/es_eua\/wp-json\/wp\/v2\/pages\/198\/revisions"}],"predecessor-version":[{"id":200,"href":"https:\/\/howbees.com\/es_eua\/wp-json\/wp\/v2\/pages\/198\/revisions\/200"}],"wp:attachment":[{"href":"https:\/\/howbees.com\/es_eua\/wp-json\/wp\/v2\/media?parent=198"}],"curies":[{"name":"wp","href":"https:\/\/api.w.org\/{rel}","templated":true}]}}