{"id":196,"date":"2024-04-07T23:57:22","date_gmt":"2024-04-07T23:57:22","guid":{"rendered":"https:\/\/howbees.com\/?page_id=196"},"modified":"2024-04-07T23:57:22","modified_gmt":"2024-04-07T23:57:22","slug":"kayttoehdot","status":"publish","type":"page","link":"https:\/\/howbees.com\/fi\/termos-de-uso\/","title":{"rendered":"K\u00e4ytt\u00f6ehdot"},"content":{"rendered":"<p>Avaamalla HowBeesin verkkosivuston sitoudut noudattamaan n\u00e4it\u00e4 palveluehtoja, kaikkia sovellettavia lakeja ja m\u00e4\u00e4r\u00e4yksi\u00e4 ja hyv\u00e4ksyt, ett\u00e4 olet vastuussa sovellettavien paikallisten lakien noudattamisesta. Jos et hyv\u00e4ksy jotakin n\u00e4ist\u00e4 ehdoista, sinua ei saa k\u00e4ytt\u00e4\u00e4 tai k\u00e4ytt\u00e4\u00e4 t\u00e4t\u00e4 sivustoa. T\u00e4m\u00e4n sivuston materiaalit ovat sovellettavien tekij\u00e4noikeus- ja tavaramerkkilakien suojaamia.<\/p>\n\n\n\n<h2 class=\"wp-block-heading\">Lisenssin k\u00e4ytt\u00f6<\/h2>\n\n\n\n<p>Lupa my\u00f6nnet\u00e4\u00e4n tilap\u00e4isesti ladata yksi kopio materiaalista (tiedoista tai ohjelmistoista) HowBeesin verkkosivustolta vain henkil\u00f6kohtaiseen, ei-kaupalliseen tilap\u00e4iseen katseluun. T\u00e4m\u00e4 on lisenssin my\u00f6nt\u00e4minen, ei omistusoikeuden siirto, ja t\u00e4m\u00e4n lisenssin nojalla et saa:<\/p>\n\n\n\n<ul class=\"wp-block-list\">\n<li>muokata tai kopioida materiaaleja;<\/li>\n\n\n\n<li>k\u00e4ytt\u00e4\u00e4 materiaaleja mihin tahansa kaupalliseen tarkoitukseen tai julkiseen esittelyyn (kaupalliseen tai ei-kaupalliseen);<\/li>\n\n\n\n<li>yritt\u00e4\u00e4 purkaa tai k\u00e4\u00e4nt\u00e4\u00e4 mit\u00e4\u00e4n HowBeesin verkkosivustolla olevia ohjelmistoja;<\/li>\n\n\n\n<li>poistaa materiaalista kaikki tekij\u00e4noikeus- tai muut omistusoikeudelliset merkinn\u00e4t; tai<\/li>\n\n\n\n<li>siirt\u00e4\u00e4 materiaalit toiselle henkil\u00f6lle tai &quot;peilata&quot; materiaalia mill\u00e4 tahansa toisella palvelimella. T\u00e4m\u00e4 lisenssi p\u00e4\u00e4ttyy automaattisesti, jos rikot jotakin n\u00e4ist\u00e4 rajoituksista, ja HowBees voi irtisanoa sen milloin tahansa. Kun lopetat n\u00e4iden materiaalien katselun tai t\u00e4m\u00e4n lisenssin, sinun on poistettava hallussasi oleva ladattu materiaali joko s\u00e4hk\u00f6isess\u00e4 tai painetussa muodossa.<\/li>\n<\/ul>\n\n\n\n<h2 class=\"wp-block-heading\">Vastuuvapauslauseke<\/h2>\n\n\n\n<p>HowBeesin verkkosivuilla olevat materiaalit tarjotaan &quot;sellaisenaan&quot;. HowBees ei anna takuita, ilmaistuja tai oletettuja, ja t\u00e4ten irtisanoutuu ja kumoaa kaikki muut takuut, mukaan lukien rajoituksetta oletetut takuut tai ehdot kaupallisuudesta, sopivuudesta tiettyyn tarkoitukseen tai immateriaalioikeuksien loukkaamattomuuteen tai muuhun oikeuksien loukkaamiseen.<\/p>\n\n\n\n<p>Lis\u00e4ksi HowBees ei takaa tai esit\u00e4 mit\u00e4\u00e4n v\u00e4itteit\u00e4 verkkosivustollaan tai muuten sellaiseen materiaaliin tai t\u00e4h\u00e4n sivustoon linkitetyist\u00e4 sivustoista liittyvien materiaalien k\u00e4yt\u00f6n tarkkuudesta, todenn\u00e4k\u00f6isist\u00e4 tuloksista tai luotettavuudesta.<\/p>\n\n\n\n<h2 class=\"wp-block-heading\">Rajoitukset<\/h2>\n\n\n\n<p>Miss\u00e4\u00e4n tapauksessa HowBees tai sen toimittajat eiv\u00e4t ole vastuussa mist\u00e4\u00e4n vahingoista (mukaan lukien rajoituksetta tietojen tai voiton menetyksest\u00e4 tai liiketoiminnan keskeytymisest\u00e4 johtuvat vahingot), jotka johtuvat HowBeesin verkkosivuston materiaalien k\u00e4yt\u00f6st\u00e4 tai kyvytt\u00f6myydest\u00e4 k\u00e4ytt\u00e4\u00e4, edes jos HowBeesille tai HowBeesin valtuutetulle edustajalle on ilmoitettu suullisesti tai kirjallisesti t\u00e4llaisten vahinkojen mahdollisuudesta. Koska jotkin laink\u00e4ytt\u00f6alueet eiv\u00e4t salli oletettujen takuiden tai v\u00e4lillisten tai satunnaisten vahinkojen vastuun rajoituksia, n\u00e4m\u00e4 rajoitukset eiv\u00e4t v\u00e4ltt\u00e4m\u00e4tt\u00e4 koske sinua.<\/p>\n\n\n\n<h2 class=\"wp-block-heading\">Materiaalien tarkkuus<\/h2>\n\n\n\n<p>HowBeesin verkkosivuilla n\u00e4kyv\u00e4 materiaali saattaa sis\u00e4lt\u00e4\u00e4 teknisi\u00e4, typografisia tai valokuvavirheit\u00e4. HowBees ei takaa, ett\u00e4 sen verkkosivuilla olevat materiaalit ovat tarkkoja, t\u00e4ydellisi\u00e4 tai ajan tasalla. HowBees voi tehd\u00e4 muutoksia verkkosivuillaan olevaan materiaaliin milloin tahansa ilman erillist\u00e4 ilmoitusta. HowBees ei kuitenkaan sitoudu materiaalien p\u00e4ivitt\u00e4miseen.<\/p>\n\n\n\n<h2 class=\"wp-block-heading\">Linkit<\/h2>\n\n\n\n<p>HowBees ei ole tarkistanut kaikkia verkkosivustoonsa linkitettyj\u00e4 sivustoja eik\u00e4 ole vastuussa mink\u00e4\u00e4n linkitetyn sivuston sis\u00e4ll\u00f6st\u00e4. Mink\u00e4\u00e4n linkin sis\u00e4llytt\u00e4minen ei tarkoita, ett\u00e4 HowBees hyv\u00e4ksyy sivuston. Mink\u00e4 tahansa linkitetyn sivuston k\u00e4ytt\u00f6 on k\u00e4ytt\u00e4j\u00e4n omalla vastuulla.<\/p>\n\n\n\n<h2 class=\"wp-block-heading\">Muutokset<\/h2>\n\n\n\n<p>HowBees voi muuttaa n\u00e4it\u00e4 verkkosivustonsa palveluehtoja milloin tahansa ilman erillist\u00e4 ilmoitusta. K\u00e4ytt\u00e4m\u00e4ll\u00e4 t\u00e4t\u00e4 verkkosivustoa sitoudut noudattamaan n\u00e4iden palveluehtojen nykyist\u00e4 versiota.<\/p>\n\n\n\n<p>Sovellettava laki N\u00e4ihin ehtoihin sovelletaan HowBeesin lakeja ja niit\u00e4 tulkitaan niiden mukaisesti, ja alistut peruuttamattomasti kyseisen valtion tai paikkakunnan tuomioistuinten yksinomaiseen toimivaltaan.<\/p>\n\n\n\n<h2 class=\"wp-block-heading\" id=\"lei-aplicavel\">Sovellettava laki<\/h2>\n\n\n\n<p>N\u00e4ihin ehtoihin sovelletaan HowBeesin lakeja ja niit\u00e4 tulkitaan niiden mukaisesti, ja alistut peruuttamattomasti kyseisen valtion tai paikkakunnan tuomioistuinten yksinomaiseen toimivaltaan.<\/p>","protected":false},"excerpt":{"rendered":"<p>Ao acessar ao site HowBees, concorda em cumprir estes termos de servi\u00e7o, todas as leis e regulamentos aplic\u00e1veis e concorda que \u00e9 respons\u00e1vel pelo cumprimento de todas as leis locais aplic\u00e1veis. Se voc\u00ea n\u00e3o concordar com algum desses termos, est\u00e1 proibido de usar ou acessar este site. Os materiais contidos neste site s\u00e3o protegidos pelas [&hellip;]<\/p>\n","protected":false},"author":1,"featured_media":0,"parent":0,"menu_order":0,"comment_status":"closed","ping_status":"closed","template":"","meta":{"footnotes":""},"class_list":["post-196","page","type-page","status-publish"],"_links":{"self":[{"href":"https:\/\/howbees.com\/fi\/wp-json\/wp\/v2\/pages\/196","targetHints":{"allow":["GET"]}}],"collection":[{"href":"https:\/\/howbees.com\/fi\/wp-json\/wp\/v2\/pages"}],"about":[{"href":"https:\/\/howbees.com\/fi\/wp-json\/wp\/v2\/types\/page"}],"author":[{"embeddable":true,"href":"https:\/\/howbees.com\/fi\/wp-json\/wp\/v2\/users\/1"}],"replies":[{"embeddable":true,"href":"https:\/\/howbees.com\/fi\/wp-json\/wp\/v2\/comments?post=196"}],"version-history":[{"count":1,"href":"https:\/\/howbees.com\/fi\/wp-json\/wp\/v2\/pages\/196\/revisions"}],"predecessor-version":[{"id":197,"href":"https:\/\/howbees.com\/fi\/wp-json\/wp\/v2\/pages\/196\/revisions\/197"}],"wp:attachment":[{"href":"https:\/\/howbees.com\/fi\/wp-json\/wp\/v2\/media?parent=196"}],"curies":[{"name":"wp","href":"https:\/\/api.w.org\/{rel}","templated":true}]}}