{"id":198,"date":"2024-04-07T23:58:34","date_gmt":"2024-04-07T23:58:34","guid":{"rendered":"https:\/\/howbees.com\/?page_id=198"},"modified":"2024-04-07T23:58:51","modified_gmt":"2024-04-07T23:58:51","slug":"tietosuojakaytanto","status":"publish","type":"page","link":"https:\/\/howbees.com\/fi\/politica-de-privacidade\/","title":{"rendered":"Tietosuojak\u00e4yt\u00e4nt\u00f6"},"content":{"rendered":"<p>Kaikkia ker\u00e4ttyj\u00e4 tietoja k\u00e4ytet\u00e4\u00e4n parantamaan k\u00e4ytt\u00f6kokemustasi verkkosivustollamme. Ker\u00e4tyt tiedot voivat sis\u00e4lt\u00e4\u00e4 nimesi, s\u00e4hk\u00f6postiosoitteesi, puhelinnumerosi ja\/tai muita tietoja.<\/p>\n\n\n\n<p>HowBeesin k\u00e4ytt\u00f6 edellytt\u00e4\u00e4 t\u00e4m\u00e4n tietosuojasopimuksen hyv\u00e4ksymist\u00e4. Jos k\u00e4ytt\u00e4j\u00e4 ei hyv\u00e4ksy, edes osittain, t\u00e4m\u00e4n tietosuojak\u00e4yt\u00e4nn\u00f6n sis\u00e4lt\u00e4mi\u00e4 ehtoja, h\u00e4nen ei tule k\u00e4ytt\u00e4\u00e4 ja\/tai k\u00e4ytt\u00e4\u00e4 HowBeesin tarjoamaa sis\u00e4lt\u00f6\u00e4. K\u00e4ytt\u00e4m\u00e4ll\u00e4 verkkosivustoa K\u00e4ytt\u00e4j\u00e4 hyv\u00e4ksyy ja hyv\u00e4ksyy tietojensa k\u00e4sittelyn t\u00e4m\u00e4n tietosuojaselosteen ja yleisten k\u00e4ytt\u00f6ehtojen mukaisesti.<\/p>\n\n\n\n<p>Varaamme oikeuden muuttaa t\u00e4t\u00e4 tietosuojak\u00e4yt\u00e4nt\u00f6\u00e4 milloin tahansa ilman k\u00e4ytt\u00e4jien suostumusta tai ilmoitusta, joten tarkista se usein. Muutokset ja selvennykset astuvat voimaan heti, kun ne on julkaistu verkkosivuilla. Jos teemme olennaisia muutoksia t\u00e4h\u00e4n k\u00e4yt\u00e4nt\u00f6\u00f6n, ilmoitamme sinulle t\u00e4\u00e4ll\u00e4, ett\u00e4 ne on p\u00e4ivitetty, jotta olet tietoinen siit\u00e4, mit\u00e4 tietoja ker\u00e4\u00e4mme, miten k\u00e4yt\u00e4mme niit\u00e4 ja miss\u00e4 olosuhteissa k\u00e4yt\u00e4mme ja\/tai paljastamme niit\u00e4. se.<\/p>\n\n\n\n<p>HowBees kunnioittaa k\u00e4ytt\u00e4jiens\u00e4 yksityisyytt\u00e4 ja l\u00e4pin\u00e4kyvyytt\u00e4 tietojen k\u00e4yt\u00f6ss\u00e4. Tietosuojak\u00e4yt\u00e4nt\u00f6mme on laadittu kansainv\u00e4listen ja kansallisten tietosuojastandardien mukaisesti.<\/p>\n\n\n\n<p>T\u00e4m\u00e4 tietosuojak\u00e4yt\u00e4nt\u00f6 tulee lukea ja tulkita yhdess\u00e4 HowBeesin yleisten k\u00e4ytt\u00f6ehtojen kanssa, jotka ovat saatavilla osoitteessa <a href=\"https:\/\/howbees.com\/fi\/kayttoehdot\/\">https:\/\/howbees.com\/termos-de-uso\/<\/a><\/p>\n\n\n\n<h2 class=\"wp-block-heading\">Yleist\u00e4 tietoa k\u00e4ytt\u00e4jille<\/h2>\n\n\n\n<p>HowBees pyrkii jakamaan tietoja K\u00e4ytt\u00e4jiens\u00e4 kanssa, jolloin tieto on kaikkien saatavilla. K\u00e4ytt\u00e4j\u00e4 voi selata HowBeesin verkkosivustoa ilman rekister\u00f6itymist\u00e4.<\/p>\n\n\n\n<p>HowBees noudattaa kansainv\u00e4lisi\u00e4 tietoturvanormeja ja -standardeja tietojen tallennuksen, suojauksen, yksityisyyden ja siirron osalta korostaen, ett\u00e4 mik\u00e4\u00e4n tiedon tallennus-, suojaus-, yksityisyys- ja siirtotapa ei ole 100% turvallinen ja loukkaamaton.<\/p>\n\n\n\n<p>HowBees ottaa k\u00e4ytt\u00f6\u00f6n k\u00e4yt\u00e4nt\u00f6j\u00e4 ja teknologioita, joita tarkistetaan ja parannetaan jatkuvasti kansallisten ja ulkomaisten teknisten ja s\u00e4\u00e4d\u00f6sten edistymisen mukaisesti. Kun puhumme suojauksesta, tarkoitamme tietojesi luvatonta p\u00e4\u00e4sy\u00e4, k\u00e4ytt\u00f6\u00e4, muuttamista, paljastamista tai tuhoamista. T\u00e4m\u00e4n est\u00e4miseksi investoimme toimenpiteisiin, jotka sis\u00e4lt\u00e4v\u00e4t salatun viestinn\u00e4n, kulunvalvonnan, turvallisen ohjelmistokehityksen noudattamisen, sis\u00e4iset vaatimustenmukaisuusk\u00e4yt\u00e4nn\u00f6t sek\u00e4 vastuullisuus- ja riskienhallintatoimenpiteet, jotka mahdollistavat tietoturvan koko datan elinkaaren aikana. K\u00e4ytt\u00e4j\u00e4tiedot tallennetaan my\u00f6s turvallisiin, tunnettuihin ja kansainv\u00e4lisesti tunnustettuihin tietokantoihin.<\/p>\n\n\n\n<p>HowBees ei miss\u00e4\u00e4n olosuhteissa pyyd\u00e4 rahasummia mink\u00e4 tahansa tuotteen julkaisemiseksi, oli se sitten mik\u00e4 tahansa. Jos n\u00e4in tapahtuu, ilmoita siit\u00e4 meille v\u00e4litt\u00f6m\u00e4sti.<\/p>\n\n\n\n<p>Pyrimme pit\u00e4m\u00e4\u00e4n kaikki tiedot mahdollisimman ajan tasalla. On kuitenkin syyt\u00e4 huomata, ett\u00e4 n\u00e4m\u00e4 tiedot voivat poiketa tiedoista, jotka l\u00f6ytyv\u00e4t tietyn verkkosivuston laitosten tai palveluntarjoajien verkkosivuilta. Emme takaa tietojen tarkkuutta tai ajantasaisuutta. Muista aina lukea valitsemiesi laitosten k\u00e4ytt\u00f6ehdot ja ehdot. Saamme pienen summan mainonnasta verkkosivuillamme ja kumppaneiltamme, kun ohjaamme k\u00e4ytt\u00e4j\u00e4\u00e4, joka pyyt\u00e4\u00e4 tuotetta tai ehdotusta. Kaikki julkaisemamme perustuu kunkin tuotteen m\u00e4\u00e4r\u00e4llisiin ja laadullisiin arviointeihin. On syyt\u00e4 huomata, ett\u00e4 kumppanimme voivat suoraan vaikuttaa tuotteisiin, joista kirjoitamme ja arvostelemme, sek\u00e4 &quot;parhaiden&quot; artikkelien j\u00e4rjestykseen ja tuotesijoitteluun HowBeesissa. Ottaen huomioon verkkosivustollamme olevan tiedon m\u00e4\u00e4r\u00e4n, emme anna mink\u00e4\u00e4nlaista takuuta tietojen laadusta ja ajantasaisuudesta; Siksi asetamme etusijalle kumppaneidemme tiedot.<\/p>\n\n\n\n<p>Suojellaksemme henkil\u00f6tietojasi ryhdymme kohtuullisiin varotoimiin ja noudatamme alan parhaita k\u00e4yt\u00e4nt\u00f6j\u00e4 varmistaaksemme, ett\u00e4 niit\u00e4 ei sopimattomasti katoa, k\u00e4ytet\u00e4 v\u00e4\u00e4rin, k\u00e4ytet\u00e4, paljastaa, muuttaa tai tuhota.<\/p>\n\n\n\n<h2 class=\"wp-block-heading\">Linkit kolmansien osapuolien sivustoille<\/h2>\n\n\n\n<p>HowBeesilla on linkkej\u00e4 muille verkkosivustoille, jotka mielest\u00e4mme voivat sis\u00e4lt\u00e4\u00e4 vierailijoillemme hy\u00f6dyllist\u00e4 tietoa\/ty\u00f6kaluja. Tietosuojak\u00e4yt\u00e4nt\u00f6mme ei koske kolmansien osapuolien verkkosivustoja. Emme ole vastuussa n\u00e4iden samojen verkkosivustojen tietosuojak\u00e4yt\u00e4nn\u00f6st\u00e4 tai sis\u00e4ll\u00f6st\u00e4. HowBees ei hallitse niit\u00e4 mill\u00e4\u00e4n tavalla, ja siksi se on vapautettu kaikesta vastuusta k\u00e4ytt\u00e4j\u00e4n ja verkkosivustolla mainostettujen kolmannen osapuolen tuotteiden ja palvelujen v\u00e4lisiss\u00e4 suhteissa.<\/p>\n\n\n\n<p>Kun poistut verkkosivustoltamme tai sinut ohjataan kolmannen osapuolen verkkosivustolle tai sovellukseen, t\u00e4m\u00e4 tietosuojak\u00e4yt\u00e4nt\u00f6 tai verkkosivustomme k\u00e4ytt\u00f6ehdot eiv\u00e4t en\u00e4\u00e4 koske sinua.<\/p>\n\n\n\n<p>Jos muutat mielt\u00e4si liittymisen j\u00e4lkeen, voit milloin tahansa peruuttaa suostumuksesi siihen, ett\u00e4 otamme sinuun yhteytt\u00e4 tietojen ker\u00e4\u00e4misen, k\u00e4yt\u00f6n tai luovuttamisen jatkamiseksi ottamalla meihin yhteytt\u00e4 osoitteessa <a href=\"mailto:contato@HowBees.com\">contato@HowBees.com<\/a>.<\/p>\n\n\n\n<h2 class=\"wp-block-heading\">Ei-henkil\u00f6kohtaiset tiedot<\/h2>\n\n\n\n<p>Kun k\u00e4ytt\u00e4j\u00e4t eiv\u00e4t pyyd\u00e4 HowBeesilta ilmaista sis\u00e4lt\u00f6\u00e4 (mm. e-kirjoja, tietokilpailuja, artikkeleita, infografioita), voidaan seurata ja ker\u00e4t\u00e4 ei-henkil\u00f6kohtaisia tietoja, joista k\u00e4y ilmi muun muassa, mill\u00e4 verkkosivuston sivuilla on vierailtu, milloin niit\u00e4 on vierailtu. vieraili, mit\u00e4 hyperlinkkej\u00e4 klikattiin, mit\u00e4 sis\u00e4lt\u00f6\u00e4 tai palveluita pyydettiin tai suositeltiin mm.<\/p>\n\n\n\n<h2 class=\"wp-block-heading\">Ev\u00e4steet<\/h2>\n\n\n\n<p>Google kolmannen osapuolen toimittajana k\u00e4ytt\u00e4\u00e4 ev\u00e4steit\u00e4 mainosten n\u00e4ytt\u00e4miseen. DART-ev\u00e4steen avulla Google voi n\u00e4ytt\u00e4\u00e4 mainoksia sen perusteella, ett\u00e4 vierailet muilla Internetin verkkosivustoilla. K\u00e4ytt\u00e4j\u00e4t voivat poistaa DART-ev\u00e4steen k\u00e4yt\u00f6st\u00e4 vierailemalla Googlen mainosten ja sis\u00e4lt\u00f6verkoston tietosuojak\u00e4yt\u00e4nn\u00f6ss\u00e4.<\/p>\n\n\n\n<p>HowBees k\u00e4ytt\u00e4\u00e4 ev\u00e4steit\u00e4 ker\u00e4t\u00e4kseen tietoja ja IP-tunnistetietoja (Internet Protocol) helpottaakseen k\u00e4ytt\u00e4j\u00e4n navigointia, mik\u00e4 auttaa takaamaan tietojen turvallisuuden, suojauksen ja aitouden.<\/p>\n\n\n\n<p>Lis\u00e4ksi k\u00e4yt\u00e4mme verkkosivuillamme my\u00f6s kolmannen osapuolen mainontaa yll\u00e4pitokustannusten tukemiseen. Jotkut n\u00e4ist\u00e4 mainostajista voivat k\u00e4ytt\u00e4\u00e4 tekniikoita, kuten ev\u00e4steit\u00e4, kun he mainostavat verkkosivustollamme, mik\u00e4 tarkoittaa, ett\u00e4 n\u00e4m\u00e4 mainostajat (kuten Google Google AdSensen ja Ad Exchangen kautta) saavat my\u00f6s henkil\u00f6tietosi, kuten IP-osoitteesi, Internet-palveluntarjoajasi, selaimesi jne. T\u00e4t\u00e4 toimintoa k\u00e4ytet\u00e4\u00e4n yleens\u00e4 maantieteelliseen kohdistamiseen (n\u00e4ytt\u00e4\u00e4 mainoksia, jotka ovat j\u00e4rkevi\u00e4 maantieteellisen sijaintisi perusteella).<\/p>\n\n\n\n<p>K\u00e4ytt\u00e4j\u00e4 voi milloin tahansa muuttaa, hyv\u00e4ksyyk\u00f6 se ev\u00e4steet vai ei, huomioimalla, ett\u00e4 navigointiev\u00e4steiden poistaminen k\u00e4yt\u00f6st\u00e4 saattaa heikent\u00e4\u00e4 joitakin HowBeesin toimintoja.<\/p>\n\n\n\n<h2 class=\"wp-block-heading\">Henkil\u00f6kohtaiset tunnistetiedot<\/h2>\n\n\n\n<p>K\u00e4ytt\u00e4\u00e4kseen HowBeesin ilmaista sis\u00e4lt\u00f6\u00e4, kuten artikkeleita, e-kirjoja, tietokilpailuja, k\u00e4ytt\u00e4j\u00e4n on annettava joitain tunnistettavia henkil\u00f6tietoja, nimitt\u00e4in: s\u00e4hk\u00f6postiosoite ja koko nimi.<\/p>\n\n\n\n<p>HowBeesin k\u00e4sittelemien henkil\u00f6tietojen k\u00e4ytt\u00f6tarkoitukset ovat:<\/p>\n\n\n\n<p>\u2013 K\u00e4ytt\u00e4j\u00e4n oikea ja tarkka tunnistaminen, mik\u00e4 takaa paremman turvallisuuden ja suojan k\u00e4ytt\u00e4jille itselleen;<\/p>\n\n\n\n<p>\u2013 P\u00e4\u00e4sy HowBeesin tarjoamiin palveluihin ja tuotteisiin;<\/p>\n\n\n\n<p>\u2013 HowBeesin k\u00e4ytt\u00e4j\u00e4profiilien analyysi, jonka tavoitteena on osoittaa parhaat tuotteet ja tiedot heid\u00e4n todellisten tarpeidensa ja todellisuuden mukaan.<\/p>\n\n\n\n<p>Tavoitteena viel\u00e4 tarkempi analyysi K\u00e4ytt\u00e4j\u00e4n profiilista, HowBees voi tehd\u00e4 tutkimusta saadakseen enemm\u00e4n ja parempaa tietoa sinusta ja siten osoittaa yksil\u00f6llisi\u00e4 tuotteita ja palveluita kunkin k\u00e4ytt\u00e4j\u00e4n mieltymysten ja tarpeiden mukaan.<\/p>\n\n\n\n<p>T\u00e4ll\u00e4 tavalla HowBees ja kumppaniyritykset voivat kutsua K\u00e4ytt\u00e4ji\u00e4 osallistumaan tyytyv\u00e4isyystutkimuksiin, joissa l\u00e4hetet\u00e4\u00e4n tarvittavat ohjeet s\u00e4hk\u00f6postitse. Ker\u00e4ttyj\u00e4 tietoja k\u00e4ytet\u00e4\u00e4n p\u00e4\u00e4tavoitteena etsi\u00e4 parannuksia HowBeesin ja kumppaniyritysten tarjoamiin j\u00e4rjestelmiin, tuotteisiin, sis\u00e4lt\u00f6\u00f6n ja palveluihin.<\/p>\n\n\n\n<p>Jos k\u00e4ytt\u00e4j\u00e4 ottaa meihin yhteytt\u00e4 ilmoittaakseen ongelmasta, kysymyksest\u00e4 tai saadakseen tukea, ker\u00e4\u00e4mme ja tallennamme k\u00e4ytt\u00e4j\u00e4n yhteystiedot sek\u00e4 vastaavat viestit ja muut tiedot, jotka ovat tarpeen ongelman tai kysymyksen tutkimiseksi. N\u00e4it\u00e4 tietoja k\u00e4ytet\u00e4\u00e4n kaikkien ker\u00e4ttyihin tietoihin perustuvien kyselyjen ratkaisemiseen, ep\u00e4ilyjen ratkaisemiseen, ongelmien korjaamiseen ja j\u00e4rjestelm\u00e4n parantamiseen, mik\u00e4 parantaa HowBeesin k\u00e4ytt\u00f6kokemusta entisest\u00e4\u00e4n.<\/p>\n\n\n\n<h2 class=\"wp-block-heading\">Tietoja tietojen jakamisesta<\/h2>\n\n\n\n<p>HowBees ei myy k\u00e4ytt\u00e4jiens\u00e4 tietoja tai henkil\u00f6tietoja, mutta voi jakaa niit\u00e4 kumppaniyritysten kanssa voidakseen osoittaa tuotteita ja palveluita, jotka parhaiten vastaavat heid\u00e4n profiiliaan ja tarpeitaan tai tarjotakseen k\u00e4ytt\u00e4j\u00e4n itsens\u00e4 pyyt\u00e4mi\u00e4 tuotteita ja\/tai palveluita. .<\/p>\n\n\n\n<p>HowBees varaa oikeuden auttaa tai tehd\u00e4 yhteisty\u00f6t\u00e4 mit\u00e4 tahansa oikeusviranomaista tai hallintoelint\u00e4, ja se voi jakaa K\u00e4ytt\u00e4jien henkil\u00f6kohtaisesti tunnistettavia tietoja: a) vahvistaakseen tai k\u00e4ytt\u00e4\u00e4kseen laillisia oikeuksiaan; b) suojella omaisuuttaan; c) kun katsot, ett\u00e4 apuasi tai yhteisty\u00f6t\u00e4si tarvitaan suojellaksesi K\u00e4ytt\u00e4ji\u00e4si, yhteisty\u00f6kumppaneitasi, j\u00e4rjestelm\u00e4nvalvojiasi tai muita, joita toiminta tai laiminly\u00f6nti vahingoittaa.<\/p>\n\n\n\n<h2 class=\"wp-block-heading\">Tietoja k\u00e4sittelem\u00e4tt\u00f6mist\u00e4 ja ker\u00e4\u00e4m\u00e4tt\u00f6mist\u00e4 tiedoista<\/h2>\n\n\n\n<p>HowBees ei k\u00e4sittele alle 13 (kolmetoista)-vuotiaiden lasten henkil\u00f6tietoja ilman heid\u00e4n vanhempiensa tai laillisten huoltajiensa lupaa.<\/p>\n\n\n\n<p>Jos alle 13 (kolmetoista)-vuotiaiden lasten henkil\u00f6tietoja ker\u00e4t\u00e4\u00e4n ja k\u00e4sitell\u00e4\u00e4n ilman heid\u00e4n vanhempiensa tai laillisten huoltajiensa lupaa tahattomasti, HowBees poistaa kaikki ker\u00e4tyt tiedot ilman mink\u00e4\u00e4nlaista ennakkoilmoitusta.<\/p>\n\n\n\n<p>Jos k\u00e4ytt\u00e4j\u00e4 huomaa, ett\u00e4 olemme vahingossa k\u00e4sitelleet lapsen tietoja, pyyd\u00e4mme h\u00e4nt\u00e4 ottamaan meihin v\u00e4litt\u00f6m\u00e4sti yhteytt\u00e4 s\u00e4hk\u00f6postitse <a href=\"mailto:contato@HowBees.com\">contato@howbees.com<\/a>, jotta voimme ryhty\u00e4 tarvittaviin toimenpiteisiin.<\/p>","protected":false},"excerpt":{"rendered":"<p>Todas as informa\u00e7\u00f5es recolhidas ser\u00e3o utilizadas para melhorar sua experi\u00eancia dentro do nosso site. As informa\u00e7\u00f5es recolhidas podem incluir o seu nome, email, n\u00famero de telefone e\/ou outros. O uso do HowBees pressup\u00f5e a aceita\u00e7\u00e3o deste Acordo de Privacidade. Caso o usu\u00e1rio n\u00e3o concorde, ainda que em parte, com os termos e condi\u00e7\u00f5es contidos nesta [&hellip;]<\/p>\n","protected":false},"author":1,"featured_media":0,"parent":0,"menu_order":0,"comment_status":"closed","ping_status":"closed","template":"","meta":{"footnotes":""},"class_list":["post-198","page","type-page","status-publish"],"_links":{"self":[{"href":"https:\/\/howbees.com\/fi\/wp-json\/wp\/v2\/pages\/198","targetHints":{"allow":["GET"]}}],"collection":[{"href":"https:\/\/howbees.com\/fi\/wp-json\/wp\/v2\/pages"}],"about":[{"href":"https:\/\/howbees.com\/fi\/wp-json\/wp\/v2\/types\/page"}],"author":[{"embeddable":true,"href":"https:\/\/howbees.com\/fi\/wp-json\/wp\/v2\/users\/1"}],"replies":[{"embeddable":true,"href":"https:\/\/howbees.com\/fi\/wp-json\/wp\/v2\/comments?post=198"}],"version-history":[{"count":2,"href":"https:\/\/howbees.com\/fi\/wp-json\/wp\/v2\/pages\/198\/revisions"}],"predecessor-version":[{"id":200,"href":"https:\/\/howbees.com\/fi\/wp-json\/wp\/v2\/pages\/198\/revisions\/200"}],"wp:attachment":[{"href":"https:\/\/howbees.com\/fi\/wp-json\/wp\/v2\/media?parent=198"}],"curies":[{"name":"wp","href":"https:\/\/api.w.org\/{rel}","templated":true}]}}