{"id":196,"date":"2024-04-07T23:57:22","date_gmt":"2024-04-07T23:57:22","guid":{"rendered":"https:\/\/howbees.com\/?page_id=196"},"modified":"2024-04-07T23:57:22","modified_gmt":"2024-04-07T23:57:22","slug":"%d7%aa%d7%a0%d7%90%d7%99-%d7%94%d7%a9%d7%99%d7%9e%d7%95%d7%a9","status":"publish","type":"page","link":"https:\/\/howbees.com\/he\/termos-de-uso\/","title":{"rendered":"\u05ea\u05e0\u05d0\u05d9 \u05e9\u05d9\u05de\u05d5\u05e9"},"content":{"rendered":"<p>\u05e2\u05dc \u05d9\u05d3\u05d9 \u05d2\u05d9\u05e9\u05d4 \u05dc\u05d0\u05ea\u05e8 HowBees, \u05d0\u05ea\u05d4 \u05de\u05e1\u05db\u05d9\u05dd \u05dc\u05d4\u05d9\u05d5\u05ea \u05de\u05d7\u05d5\u05d9\u05d1 \u05dc\u05ea\u05e0\u05d0\u05d9 \u05e9\u05d9\u05e8\u05d5\u05ea \u05d0\u05dc\u05d4, \u05dc\u05db\u05dc \u05d4\u05d7\u05d5\u05e7\u05d9\u05dd \u05d5\u05d4\u05ea\u05e7\u05e0\u05d5\u05ea \u05d4\u05d7\u05dc\u05d9\u05dd, \u05d5\u05de\u05e1\u05db\u05d9\u05dd \u05e9\u05d0\u05ea\u05d4 \u05d0\u05d7\u05e8\u05d0\u05d9 \u05dc\u05e6\u05d9\u05d5\u05ea \u05dc\u05db\u05dc \u05d4\u05d7\u05d5\u05e7\u05d9\u05dd \u05d4\u05de\u05e7\u05d5\u05de\u05d9\u05d9\u05dd \u05d4\u05d7\u05dc\u05d9\u05dd. \u05d0\u05dd \u05d0\u05d9\u05e0\u05da \u05de\u05e1\u05db\u05d9\u05dd \u05dc\u05d0\u05e3 \u05d0\u05d7\u05d3 \u05de\u05d4\u05ea\u05e0\u05d0\u05d9\u05dd \u05d4\u05dc\u05dc\u05d5, \u05e0\u05d0\u05e1\u05e8 \u05e2\u05dc\u05d9\u05da \u05dc\u05d4\u05e9\u05ea\u05de\u05e9 \u05d0\u05d5 \u05dc\u05d2\u05e9\u05ea \u05dc\u05d0\u05ea\u05e8 \u05d6\u05d4. \u05d4\u05d7\u05d5\u05de\u05e8\u05d9\u05dd \u05d4\u05db\u05dc\u05d5\u05dc\u05d9\u05dd \u05d1\u05d0\u05ea\u05e8 \u05d6\u05d4 \u05de\u05d5\u05d2\u05e0\u05d9\u05dd \u05e2\u05dc \u05d9\u05d3\u05d9 \u05d7\u05d5\u05e7\u05d9 \u05d6\u05db\u05d5\u05d9\u05d5\u05ea \u05d4\u05d9\u05d5\u05e6\u05e8\u05d9\u05dd \u05d5\u05d4\u05e1\u05d9\u05de\u05e0\u05d9\u05dd \u05d4\u05de\u05e1\u05d7\u05e8\u05d9\u05d9\u05dd \u05d4\u05d7\u05dc\u05d9\u05dd.<\/p>\n\n\n\n<h2 class=\"wp-block-heading\">\u05e9\u05d9\u05de\u05d5\u05e9 \u05d1\u05e8\u05d9\u05e9\u05d9\u05d5\u05df<\/h2>\n\n\n\n<p>\u05d4\u05e8\u05e9\u05d0\u05d4 \u05e0\u05d9\u05ea\u05e0\u05ea \u05dc\u05d4\u05d5\u05e8\u05d3\u05d4 \u05d6\u05de\u05e0\u05d9\u05ea \u05e9\u05dc \u05e2\u05d5\u05ea\u05e7 \u05d0\u05d7\u05d3 \u05e9\u05dc \u05d4\u05d7\u05d5\u05de\u05e8\u05d9\u05dd (\u05de\u05d9\u05d3\u05e2 \u05d0\u05d5 \u05ea\u05d5\u05db\u05e0\u05d4) \u05d1\u05d0\u05ea\u05e8 \u05d4\u05d0\u05d9\u05e0\u05d8\u05e8\u05e0\u05d8 \u05e9\u05dc HowBees \u05dc\u05e6\u05e4\u05d9\u05d9\u05d4 \u05d0\u05d9\u05e9\u05d9\u05ea \u05d5\u05dc\u05d0 \u05de\u05e1\u05d7\u05e8\u05d9\u05ea \u05d1\u05dc\u05d1\u05d3. \u05d6\u05d4\u05d5 \u05d4\u05e2\u05e0\u05e7\u05ea \u05e8\u05d9\u05e9\u05d9\u05d5\u05df, \u05dc\u05d0 \u05d4\u05e2\u05d1\u05e8\u05ea \u05d1\u05e2\u05dc\u05d5\u05ea, \u05d5\u05ea\u05d7\u05ea \u05e8\u05d9\u05e9\u05d9\u05d5\u05df \u05d6\u05d4 \u05d0\u05d9\u05e0\u05da \u05e8\u05e9\u05d0\u05d9:<\/p>\n\n\n\n<ul class=\"wp-block-list\">\n<li>\u05dc\u05e9\u05e0\u05d5\u05ea \u05d0\u05d5 \u05dc\u05d4\u05e2\u05ea\u05d9\u05e7 \u05d0\u05ea \u05d4\u05d7\u05d5\u05de\u05e8\u05d9\u05dd;<\/li>\n\n\n\n<li>\u05dc\u05d4\u05e9\u05ea\u05de\u05e9 \u05d1\u05d7\u05d5\u05de\u05e8\u05d9\u05dd \u05dc\u05db\u05dc \u05de\u05d8\u05e8\u05d4 \u05de\u05e1\u05d7\u05e8\u05d9\u05ea \u05d0\u05d5 \u05dc\u05ea\u05e6\u05d5\u05d2\u05d4 \u05e4\u05d5\u05de\u05d1\u05d9\u05ea (\u05de\u05e1\u05d7\u05e8\u05d9\u05ea \u05d0\u05d5 \u05dc\u05d0 \u05de\u05e1\u05d7\u05e8\u05d9\u05ea);<\/li>\n\n\n\n<li>\u05e0\u05d9\u05e1\u05d9\u05d5\u05df \u05dc\u05d1\u05e6\u05e2 \u05d3\u05d4-\u05e7\u05d5\u05de\u05e4\u05d9\u05dc\u05e6\u05d9\u05d4 \u05d0\u05d5 \u05d4\u05e0\u05d3\u05e1\u05d4 \u05dc\u05d0\u05d7\u05d5\u05e8 \u05e9\u05dc \u05db\u05dc \u05ea\u05d5\u05db\u05e0\u05d4 \u05d4\u05db\u05dc\u05d5\u05dc\u05d4 \u05d1\u05d0\u05ea\u05e8 \u05d4\u05d0\u05d9\u05e0\u05d8\u05e8\u05e0\u05d8 \u05e9\u05dc HowBees;<\/li>\n\n\n\n<li>\u05dc\u05d4\u05e1\u05d9\u05e8 \u05db\u05dc \u05d6\u05db\u05d5\u05d9\u05d5\u05ea \u05d9\u05d5\u05e6\u05e8\u05d9\u05dd \u05d0\u05d5 \u05e1\u05d9\u05de\u05e0\u05d9\u05dd \u05e7\u05e0\u05d9\u05d9\u05e0\u05d9\u05d9\u05dd \u05d0\u05d7\u05e8\u05d9\u05dd \u05de\u05d4\u05d7\u05d5\u05de\u05e8\u05d9\u05dd; \u05d0\u05d5\u05b9<\/li>\n\n\n\n<li>\u05dc\u05d4\u05e2\u05d1\u05d9\u05e8 \u05d0\u05ea \u05d4\u05d7\u05d5\u05de\u05e8\u05d9\u05dd \u05dc\u05d0\u05d3\u05dd \u05d0\u05d7\u05e8 \u05d0\u05d5 &#039;\u05dc\u05e9\u05e7\u05e3&#039; \u05d0\u05ea \u05d4\u05d7\u05d5\u05de\u05e8\u05d9\u05dd \u05d1\u05db\u05dc \u05e9\u05e8\u05ea \u05d0\u05d7\u05e8. \u05e8\u05d9\u05e9\u05d9\u05d5\u05df \u05d6\u05d4 \u05d9\u05e1\u05ea\u05d9\u05d9\u05dd \u05d0\u05d5\u05d8\u05d5\u05de\u05d8\u05d9\u05ea \u05d0\u05dd \u05ea\u05e4\u05e8 \u05d0\u05d7\u05ea \u05de\u05d4\u05d4\u05d2\u05d1\u05dc\u05d5\u05ea \u05d4\u05dc\u05dc\u05d5 \u05d5\u05e2\u05e9\u05d5\u05d9 \u05dc\u05d4\u05e1\u05ea\u05d9\u05d9\u05dd \u05e2\u05dc \u05d9\u05d3\u05d9 HowBees \u05d1\u05db\u05dc \u05e2\u05ea. \u05e2\u05dd \u05d4\u05e4\u05e1\u05e7\u05ea \u05d4\u05e6\u05e4\u05d9\u05d9\u05d4 \u05e9\u05dc\u05da \u05d1\u05d7\u05d5\u05de\u05e8\u05d9\u05dd \u05d0\u05dc\u05d4 \u05d0\u05d5 \u05e2\u05dd \u05e1\u05d9\u05d5\u05dd \u05e8\u05d9\u05e9\u05d9\u05d5\u05df \u05d6\u05d4, \u05e2\u05dc\u05d9\u05da \u05dc\u05de\u05d7\u05d5\u05e7 \u05db\u05dc \u05d7\u05d5\u05de\u05e8 \u05e9\u05d4\u05d5\u05e8\u05d3\u05ea \u05e9\u05d1\u05e8\u05e9\u05d5\u05ea\u05da \u05d1\u05d9\u05df \u05d0\u05dd \u05d1\u05e4\u05d5\u05e8\u05de\u05d8 \u05d0\u05dc\u05e7\u05d8\u05e8\u05d5\u05e0\u05d9 \u05d0\u05d5 \u05de\u05d5\u05d3\u05e4\u05e1.<\/li>\n<\/ul>\n\n\n\n<h2 class=\"wp-block-heading\">\u05db\u05ea\u05d1 \u05d5\u05d9\u05ea\u05d5\u05e8<\/h2>\n\n\n\n<p>\u05d4\u05d7\u05d5\u05de\u05e8\u05d9\u05dd \u05d1\u05d0\u05ea\u05e8 \u05d4\u05d0\u05d9\u05e0\u05d8\u05e8\u05e0\u05d8 \u05e9\u05dc HowBees \u05de\u05e1\u05d5\u05e4\u05e7\u05d9\u05dd &#039;\u05db\u05de\u05d5\u05ea \u05e9\u05d4\u05dd&#039;. HowBees \u05d0\u05d9\u05e0\u05d4 \u05e0\u05d5\u05ea\u05e0\u05ea \u05d0\u05d7\u05e8\u05d9\u05d5\u05ea, \u05de\u05e4\u05d5\u05e8\u05e9\u05ea \u05d0\u05d5 \u05de\u05e9\u05ea\u05de\u05e2\u05ea, \u05d5\u05de\u05ea\u05e0\u05e2\u05e8\u05ea \u05d1\u05d6\u05d0\u05ea \u05d5\u05de\u05d1\u05d8\u05dc\u05ea \u05d0\u05ea \u05db\u05dc \u05d4\u05d0\u05d7\u05e8\u05d9\u05d5\u05ea \u05d4\u05d0\u05d7\u05e8\u05d5\u05ea, \u05dc\u05e8\u05d1\u05d5\u05ea, \u05dc\u05dc\u05d0 \u05d4\u05d2\u05d1\u05dc\u05d4, \u05d0\u05d7\u05e8\u05d9\u05d5\u05ea \u05de\u05e9\u05ea\u05de\u05e2\u05ea \u05d0\u05d5 \u05ea\u05e0\u05d0\u05d9\u05dd \u05e9\u05dc \u05e1\u05d7\u05d9\u05e8\u05d5\u05ea, \u05d4\u05ea\u05d0\u05de\u05d4 \u05dc\u05de\u05d8\u05e8\u05d4 \u05de\u05e1\u05d5\u05d9\u05de\u05ea, \u05d0\u05d5 \u05d0\u05d9-\u05d4\u05e4\u05e8\u05d4 \u05e9\u05dc \u05e7\u05e0\u05d9\u05d9\u05df \u05e8\u05d5\u05d7\u05e0\u05d9 \u05d0\u05d5 \u05d4\u05e4\u05e8\u05d4 \u05d0\u05d7\u05e8\u05ea \u05e9\u05dc \u05d6\u05db\u05d5\u05d9\u05d5\u05ea.<\/p>\n\n\n\n<p>\u05d9\u05ea\u05e8 \u05e2\u05dc \u05db\u05df, HowBees \u05d0\u05d9\u05e0\u05d4 \u05de\u05ea\u05d7\u05d9\u05d9\u05d1\u05ea \u05d0\u05d5 \u05de\u05e6\u05d9\u05d2\u05d4 \u05de\u05e6\u05d2 \u05db\u05dc\u05e9\u05d4\u05d5 \u05d1\u05e0\u05d5\u05d2\u05e2 \u05dc\u05d3\u05d9\u05d5\u05e7, \u05d4\u05ea\u05d5\u05e6\u05d0\u05d5\u05ea \u05d4\u05e1\u05d1\u05d9\u05e8\u05d5\u05ea \u05d0\u05d5 \u05d4\u05de\u05d4\u05d9\u05de\u05e0\u05d5\u05ea \u05e9\u05dc \u05d4\u05e9\u05d9\u05de\u05d5\u05e9 \u05d1\u05d7\u05d5\u05de\u05e8\u05d9\u05dd \u05d1\u05d0\u05ea\u05e8 \u05d4\u05d0\u05d9\u05e0\u05d8\u05e8\u05e0\u05d8 \u05e9\u05dc\u05d4 \u05d0\u05d5 \u05d4\u05e7\u05e9\u05d5\u05e8\u05d9\u05dd \u05d0\u05d7\u05e8\u05ea \u05dc\u05d7\u05d5\u05de\u05e8\u05d9\u05dd \u05db\u05d0\u05dc\u05d4 \u05d0\u05d5 \u05d1\u05d0\u05ea\u05e8\u05d9\u05dd \u05d4\u05de\u05e7\u05d5\u05e9\u05e8\u05d9\u05dd \u05dc\u05d0\u05ea\u05e8 \u05d6\u05d4.<\/p>\n\n\n\n<h2 class=\"wp-block-heading\">\u05de\u05d2\u05d1\u05dc\u05d5\u05ea<\/h2>\n\n\n\n<p>\u05d1\u05e9\u05d5\u05dd \u05de\u05e7\u05e8\u05d4 HowBees \u05d0\u05d5 \u05d4\u05e1\u05e4\u05e7\u05d9\u05dd \u05e9\u05dc\u05d4 \u05dc\u05d0 \u05d9\u05d4\u05d9\u05d5 \u05d0\u05d7\u05e8\u05d0\u05d9\u05dd \u05dc\u05db\u05dc \u05e0\u05d6\u05e7 (\u05dc\u05e8\u05d1\u05d5\u05ea, \u05dc\u05dc\u05d0 \u05d4\u05d2\u05d1\u05dc\u05d4, \u05e0\u05d6\u05e7 \u05d1\u05d2\u05d9\u05df \u05d0\u05d5\u05d1\u05d3\u05df \u05e0\u05ea\u05d5\u05e0\u05d9\u05dd \u05d0\u05d5 \u05e8\u05d5\u05d5\u05d7, \u05d0\u05d5 \u05e2\u05e7\u05d1 \u05d4\u05e4\u05e8\u05e2\u05d4 \u05e2\u05e1\u05e7\u05d9\u05ea) \u05d4\u05e0\u05d5\u05d1\u05e2\u05d9\u05dd \u05de\u05d4\u05e9\u05d9\u05de\u05d5\u05e9 \u05d0\u05d5 \u05d7\u05d5\u05e1\u05e8 \u05d4\u05d9\u05db\u05d5\u05dc\u05ea \u05dc\u05d4\u05e9\u05ea\u05de\u05e9 \u05d1\u05d7\u05d5\u05de\u05e8\u05d9\u05dd \u05d1\u05d0\u05ea\u05e8 \u05d4\u05d0\u05d9\u05e0\u05d8\u05e8\u05e0\u05d8 \u05e9\u05dc HowBees, \u05d0\u05e4\u05d9\u05dc\u05d5 \u05d0\u05dd HowBees \u05d0\u05d5 \u05e0\u05e6\u05d9\u05d2 \u05de\u05d5\u05e8\u05e9\u05d4 \u05e9\u05dc HowBees \u05e7\u05d9\u05d1\u05dc\u05d5 \u05d4\u05d5\u05d3\u05e2\u05d4 \u05d1\u05e2\u05dc \u05e4\u05d4 \u05d0\u05d5 \u05d1\u05db\u05ea\u05d1 \u05e2\u05dc \u05d4\u05d0\u05e4\u05e9\u05e8\u05d5\u05ea \u05e9\u05dc \u05e0\u05d6\u05e7\u05d9\u05dd \u05db\u05d0\u05dc\u05d4. \u05de\u05db\u05d9\u05d5\u05d5\u05df \u05e9\u05ea\u05d7\u05d5\u05de\u05d9 \u05e9\u05d9\u05e4\u05d5\u05d8 \u05de\u05e1\u05d5\u05d9\u05de\u05d9\u05dd \u05d0\u05d9\u05e0\u05dd \u05de\u05ea\u05d9\u05e8\u05d9\u05dd \u05d4\u05d2\u05d1\u05dc\u05d5\u05ea \u05e2\u05dc \u05d0\u05d7\u05e8\u05d9\u05d5\u05ea \u05de\u05e9\u05ea\u05de\u05e2\u05ea, \u05d0\u05d5 \u05d4\u05d2\u05d1\u05dc\u05d5\u05ea \u05e9\u05dc \u05d0\u05d7\u05e8\u05d9\u05d5\u05ea \u05dc\u05e0\u05d6\u05e7\u05d9\u05dd \u05ea\u05d5\u05e6\u05d0\u05ea\u05d9\u05d9\u05dd \u05d0\u05d5 \u05de\u05e7\u05e8\u05d9\u05d9\u05dd, \u05d9\u05d9\u05ea\u05db\u05df \u05e9\u05d4\u05d2\u05d1\u05dc\u05d5\u05ea \u05d0\u05dc\u05d4 \u05dc\u05d0 \u05d9\u05d7\u05d5\u05dc\u05d5 \u05e2\u05dc\u05d9\u05da.<\/p>\n\n\n\n<h2 class=\"wp-block-heading\">\u05d3\u05d9\u05d5\u05e7 \u05e9\u05dc \u05d7\u05d5\u05de\u05e8\u05d9\u05dd<\/h2>\n\n\n\n<p>\u05d4\u05d7\u05d5\u05de\u05e8\u05d9\u05dd \u05d4\u05de\u05d5\u05e4\u05d9\u05e2\u05d9\u05dd \u05d1\u05d0\u05ea\u05e8 \u05d4\u05d0\u05d9\u05e0\u05d8\u05e8\u05e0\u05d8 \u05e9\u05dc HowBees \u05e2\u05e9\u05d5\u05d9\u05d9\u05dd \u05dc\u05db\u05dc\u05d5\u05dc \u05e9\u05d2\u05d9\u05d0\u05d5\u05ea \u05d8\u05db\u05e0\u05d9\u05d5\u05ea, \u05d3\u05e4\u05d5\u05e1\u05d9\u05d5\u05ea \u05d0\u05d5 \u05e6\u05d9\u05dc\u05d5\u05dd. HowBees \u05d0\u05d9\u05e0\u05d4 \u05de\u05ea\u05d7\u05d9\u05d9\u05d1\u05ea \u05db\u05d9 \u05db\u05dc \u05d4\u05d7\u05d5\u05de\u05e8\u05d9\u05dd \u05d1\u05d0\u05ea\u05e8 \u05d4\u05d0\u05d9\u05e0\u05d8\u05e8\u05e0\u05d8 \u05e9\u05dc\u05d4 \u05de\u05d3\u05d5\u05d9\u05e7\u05d9\u05dd, \u05de\u05dc\u05d0\u05d9\u05dd \u05d0\u05d5 \u05e2\u05d3\u05db\u05e0\u05d9\u05d9\u05dd. HowBees \u05e8\u05e9\u05d0\u05d9\u05ea \u05dc\u05d1\u05e6\u05e2 \u05e9\u05d9\u05e0\u05d5\u05d9\u05d9\u05dd \u05d1\u05d7\u05d5\u05de\u05e8\u05d9\u05dd \u05d4\u05db\u05dc\u05d5\u05dc\u05d9\u05dd \u05d1\u05d0\u05ea\u05e8 \u05d4\u05d0\u05d9\u05e0\u05d8\u05e8\u05e0\u05d8 \u05e9\u05dc\u05d4 \u05d1\u05db\u05dc \u05e2\u05ea \u05dc\u05dc\u05d0 \u05d4\u05d5\u05d3\u05e2\u05d4 \u05de\u05d5\u05e7\u05d3\u05de\u05ea. \u05e2\u05dd \u05d6\u05d0\u05ea, HowBees \u05d0\u05d9\u05e0\u05d4 \u05de\u05ea\u05d7\u05d9\u05d9\u05d1\u05ea \u05dc\u05e2\u05d3\u05db\u05df \u05d0\u05ea \u05d4\u05d7\u05d5\u05de\u05e8\u05d9\u05dd.<\/p>\n\n\n\n<h2 class=\"wp-block-heading\">\u05e7\u05d9\u05e9\u05d5\u05e8\u05d9\u05dd<\/h2>\n\n\n\n<p>HowBees \u05dc\u05d0 \u05d1\u05d7\u05e0\u05d4 \u05d0\u05ea \u05db\u05dc \u05d4\u05d0\u05ea\u05e8\u05d9\u05dd \u05d4\u05de\u05e7\u05d5\u05e9\u05e8\u05d9\u05dd \u05dc\u05d0\u05ea\u05e8 \u05e9\u05dc\u05d4 \u05d5\u05d0\u05d9\u05e0\u05d4 \u05d0\u05d7\u05e8\u05d0\u05d9\u05ea \u05dc\u05ea\u05db\u05e0\u05d9\u05dd \u05e9\u05dc \u05db\u05dc \u05d0\u05ea\u05e8 \u05de\u05e7\u05d5\u05e9\u05e8. \u05d4\u05db\u05dc\u05dc\u05ea \u05db\u05dc \u05e7\u05d9\u05e9\u05d5\u05e8 \u05d0\u05d9\u05e0\u05d4 \u05de\u05e2\u05d9\u05d3\u05d4 \u05e2\u05dc \u05d0\u05d9\u05e9\u05d5\u05e8 \u05e9\u05dc HowBees \u05dc\u05d0\u05ea\u05e8. \u05d4\u05e9\u05d9\u05de\u05d5\u05e9 \u05d1\u05db\u05dc \u05d0\u05ea\u05e8 \u05de\u05e7\u05d5\u05e9\u05e8 \u05d4\u05d5\u05d0 \u05e2\u05dc \u05d0\u05d7\u05e8\u05d9\u05d5\u05ea \u05d4\u05de\u05e9\u05ea\u05de\u05e9 \u05d1\u05dc\u05d1\u05d3.<\/p>\n\n\n\n<h2 class=\"wp-block-heading\">\u05e9\u05d9\u05e0\u05d5\u05d9\u05d9\u05dd<\/h2>\n\n\n\n<p>HowBees \u05e8\u05e9\u05d0\u05d9\u05ea \u05dc\u05e9\u05e0\u05d5\u05ea \u05ea\u05e0\u05d0\u05d9 \u05e9\u05d9\u05e8\u05d5\u05ea \u05d0\u05dc\u05d4 \u05e2\u05d1\u05d5\u05e8 \u05d0\u05ea\u05e8 \u05d4\u05d0\u05d9\u05e0\u05d8\u05e8\u05e0\u05d8 \u05e9\u05dc\u05d4 \u05d1\u05db\u05dc \u05e2\u05ea \u05dc\u05dc\u05d0 \u05d4\u05d5\u05d3\u05e2\u05d4 \u05de\u05d5\u05e7\u05d3\u05de\u05ea. \u05e2\u05dc \u05d9\u05d3\u05d9 \u05e9\u05d9\u05de\u05d5\u05e9 \u05d1\u05d0\u05ea\u05e8 \u05d6\u05d4, \u05d0\u05ea\u05d4 \u05de\u05e1\u05db\u05d9\u05dd \u05dc\u05d4\u05d9\u05d5\u05ea \u05de\u05d7\u05d5\u05d9\u05d1 \u05dc\u05d2\u05e8\u05e1\u05d4 \u05d4\u05e0\u05d5\u05db\u05d7\u05d9\u05ea \u05e9\u05dc \u05ea\u05e0\u05d0\u05d9 \u05e9\u05d9\u05e8\u05d5\u05ea \u05d0\u05dc\u05d4.<\/p>\n\n\n\n<p>\u05d7\u05d5\u05e7 \u05d7\u05dc \u05ea\u05e0\u05d0\u05d9\u05dd \u05d5\u05d4\u05d2\u05d1\u05dc\u05d5\u05ea \u05d0\u05dc\u05d4 \u05db\u05e4\u05d5\u05e4\u05d9\u05dd \u05d5\u05de\u05ea\u05e4\u05e8\u05e9\u05d9\u05dd \u05d1\u05d4\u05ea\u05d0\u05dd \u05dc\u05d7\u05d5\u05e7\u05d9 HowBees \u05d5\u05d0\u05ea\u05d4 \u05e0\u05db\u05e0\u05e2 \u05d1\u05d0\u05d5\u05e4\u05df \u05d1\u05dc\u05ea\u05d9 \u05d4\u05e4\u05d9\u05da \u05dc\u05e1\u05de\u05db\u05d5\u05ea \u05d4\u05e9\u05d9\u05e4\u05d5\u05d8 \u05d4\u05d1\u05dc\u05e2\u05d3\u05d9\u05ea \u05e9\u05dc \u05d1\u05ea\u05d9 \u05d4\u05de\u05e9\u05e4\u05d8 \u05d1\u05d0\u05d5\u05ea\u05d4 \u05de\u05d3\u05d9\u05e0\u05d4 \u05d0\u05d5 \u05de\u05d9\u05e7\u05d5\u05dd.<\/p>\n\n\n\n<h2 class=\"wp-block-heading\" id=\"lei-aplicavel\">\u05d7\u05d5\u05e7 \u05d9\u05e9\u05d9\u05dd<\/h2>\n\n\n\n<p>\u05ea\u05e0\u05d0\u05d9\u05dd \u05d5\u05d4\u05d2\u05d1\u05dc\u05d5\u05ea \u05d0\u05dc\u05d5 \u05db\u05e4\u05d5\u05e4\u05d9\u05dd \u05d5\u05de\u05ea\u05e4\u05e8\u05e9\u05d9\u05dd \u05d1\u05d4\u05ea\u05d0\u05dd \u05dc\u05d7\u05d5\u05e7\u05d9 HowBees \u05d5\u05d0\u05ea\u05d4 \u05e0\u05db\u05e0\u05e2 \u05d1\u05d0\u05d5\u05e4\u05df \u05d1\u05dc\u05ea\u05d9 \u05d4\u05e4\u05d9\u05da \u05dc\u05e1\u05de\u05db\u05d5\u05ea \u05d4\u05e9\u05d9\u05e4\u05d5\u05d8 \u05d4\u05d1\u05dc\u05e2\u05d3\u05d9\u05ea \u05e9\u05dc \u05d1\u05ea\u05d9 \u05d4\u05de\u05e9\u05e4\u05d8 \u05d1\u05d0\u05d5\u05ea\u05d4 \u05de\u05d3\u05d9\u05e0\u05d4 \u05d0\u05d5 \u05de\u05d9\u05e7\u05d5\u05dd.<\/p>","protected":false},"excerpt":{"rendered":"<p>Ao acessar ao site HowBees, concorda em cumprir estes termos de servi\u00e7o, todas as leis e regulamentos aplic\u00e1veis e concorda que \u00e9 respons\u00e1vel pelo cumprimento de todas as leis locais aplic\u00e1veis. Se voc\u00ea n\u00e3o concordar com algum desses termos, est\u00e1 proibido de usar ou acessar este site. Os materiais contidos neste site s\u00e3o protegidos pelas [&hellip;]<\/p>\n","protected":false},"author":1,"featured_media":0,"parent":0,"menu_order":0,"comment_status":"closed","ping_status":"closed","template":"","meta":{"footnotes":""},"class_list":["post-196","page","type-page","status-publish"],"_links":{"self":[{"href":"https:\/\/howbees.com\/he\/wp-json\/wp\/v2\/pages\/196","targetHints":{"allow":["GET"]}}],"collection":[{"href":"https:\/\/howbees.com\/he\/wp-json\/wp\/v2\/pages"}],"about":[{"href":"https:\/\/howbees.com\/he\/wp-json\/wp\/v2\/types\/page"}],"author":[{"embeddable":true,"href":"https:\/\/howbees.com\/he\/wp-json\/wp\/v2\/users\/1"}],"replies":[{"embeddable":true,"href":"https:\/\/howbees.com\/he\/wp-json\/wp\/v2\/comments?post=196"}],"version-history":[{"count":1,"href":"https:\/\/howbees.com\/he\/wp-json\/wp\/v2\/pages\/196\/revisions"}],"predecessor-version":[{"id":197,"href":"https:\/\/howbees.com\/he\/wp-json\/wp\/v2\/pages\/196\/revisions\/197"}],"wp:attachment":[{"href":"https:\/\/howbees.com\/he\/wp-json\/wp\/v2\/media?parent=196"}],"curies":[{"name":"wp","href":"https:\/\/api.w.org\/{rel}","templated":true}]}}