{"id":196,"date":"2024-04-07T23:57:22","date_gmt":"2024-04-07T23:57:22","guid":{"rendered":"https:\/\/howbees.com\/?page_id=196"},"modified":"2024-04-07T23:57:22","modified_gmt":"2024-04-07T23:57:22","slug":"uvjeti-koristenja","status":"publish","type":"page","link":"https:\/\/howbees.com\/hr\/termos-de-uso\/","title":{"rendered":"Uvjeti kori\u0161tenja"},"content":{"rendered":"<p>Pristupom web stranici HowBees prihva\u0107ate ove uvjete pru\u017eanja usluge, sve primjenjive zakone i propise i sla\u017eete se da ste odgovorni za po\u0161tivanje svih primjenjivih lokalnih zakona. Ako se ne sla\u017eete s bilo kojim od ovih uvjeta, zabranjeno vam je kori\u0161tenje ili pristup ovoj stranici. Materijali sadr\u017eani na ovoj stranici za\u0161ti\u0107eni su va\u017ee\u0107im zakonima o autorskim pravima i za\u0161titnim znakovima.<\/p>\n\n\n\n<h2 class=\"wp-block-heading\">Kori\u0161tenje licence<\/h2>\n\n\n\n<p>Dopu\u0161teno je privremeno preuzimanje jedne kopije materijala (informacija ili softvera) na web stranici HowBees samo za osobno, nekomercijalno prolazno gledanje. Ovo je dodjela licence, a ne prijenos vlasni\u0161tva, i prema ovoj licenci ne smijete:<\/p>\n\n\n\n<ul class=\"wp-block-list\">\n<li>mijenjati ili kopirati materijale;<\/li>\n\n\n\n<li>koristiti materijale u bilo koju komercijalnu svrhu ili za javno prikazivanje (komercijalno ili nekomercijalno);<\/li>\n\n\n\n<li>poku\u0161ati dekompilirati ili obrnuti in\u017eenjering bilo kojeg softvera koji se nalazi na web stranici HowBees;<\/li>\n\n\n\n<li>ukloniti sva autorska prava ili druge vlasni\u010dke oznake iz materijala; ili<\/li>\n\n\n\n<li>prenijeti materijale drugoj osobi ili &#039;zrcaliti&#039; materijale na bilo kojem drugom poslu\u017eitelju. Ova licenca \u0107e automatski prestati ako prekr\u0161ite bilo koje od ovih ograni\u010denja, a HowBees je mo\u017ee raskinuti u bilo kojem trenutku. Nakon prestanka pregledavanja ovih materijala ili nakon raskida ove licence, morate izbrisati sve preuzete materijale u svom posjedu, bilo u elektroni\u010dkom ili tiskanom obliku.<\/li>\n<\/ul>\n\n\n\n<h2 class=\"wp-block-heading\">Odricanje<\/h2>\n\n\n\n<p>Materijali na web stranici HowBees dostupni su &quot;kakvi jesu&quot;. HowBees ne daje nikakva jamstva, izri\u010dita ili pre\u0161utna, te se ovime odri\u010de i negira sva druga jamstva, uklju\u010duju\u0107i, bez ograni\u010denja, pre\u0161utna jamstva ili uvjete utr\u017eivosti, prikladnosti za odre\u0111enu svrhu ili nekr\u0161enja intelektualnog vlasni\u0161tva ili drugog kr\u0161enja prava.<\/p>\n\n\n\n<p>Nadalje, HowBees ne jam\u010di niti daje bilo kakve izjave o to\u010dnosti, vjerojatnim rezultatima ili pouzdanosti upotrebe materijala na svojoj web stranici ili na drugi na\u010din koji se odnosi na takve materijale ili na bilo koje stranice povezane s ovom stranicom.<\/p>\n\n\n\n<h2 class=\"wp-block-heading\">Ograni\u010denja<\/h2>\n\n\n\n<p>Ni u kojem slu\u010daju HowBees ili njegovi dobavlja\u010di ne\u0107e biti odgovorni za bilo kakvu \u0161tetu (uklju\u010duju\u0107i, bez ograni\u010denja, \u0161tetu zbog gubitka podataka ili dobiti, ili zbog prekida poslovanja) proiza\u0161lu iz kori\u0161tenja ili nemogu\u0107nosti kori\u0161tenja materijala na web stranici HowBeesa, \u010dak i ako je HowBees ili ovla\u0161teni predstavnik HowBees usmeno ili pismeno obavije\u0161ten o mogu\u0107nosti takve \u0161tete. Budu\u0107i da neke jurisdikcije ne dopu\u0161taju ograni\u010denja implicitnih jamstava ili ograni\u010denja odgovornosti za posljedi\u010dne ili slu\u010dajne \u0161tete, ta se ograni\u010denja mo\u017eda ne odnose na vas.<\/p>\n\n\n\n<h2 class=\"wp-block-heading\">Preciznost materijala<\/h2>\n\n\n\n<p>Materijali koji se pojavljuju na web stranici HowBees mogu sadr\u017eavati tehni\u010dke, tipografske ili fotografske pogre\u0161ke. HowBees ne jam\u010di da su materijali na njegovoj web stranici to\u010dni, potpuni ili aktualni. HowBees mo\u017ee mijenjati materijale sadr\u017eane na svojoj web stranici u bilo kojem trenutku bez prethodne najave. Me\u0111utim, HowBees se ne obvezuje a\u017eurirati materijale.<\/p>\n\n\n\n<h2 class=\"wp-block-heading\">Linkovi<\/h2>\n\n\n\n<p>HowBees nije pregledao sva mjesta povezana s njegovim web mjestom i nije odgovoran za sadr\u017eaj bilo kojeg povezanog mjesta. Uklju\u010divanje bilo koje poveznice ne zna\u010di da HowBees odobrava stranicu. Kori\u0161tenje bilo koje povezane stranice je na vlastitu odgovornost korisnika.<\/p>\n\n\n\n<h2 class=\"wp-block-heading\">Izmjene<\/h2>\n\n\n\n<p>HowBees mo\u017ee revidirati ove uvjete pru\u017eanja usluge za svoje web mjesto u bilo kojem trenutku bez prethodne obavijesti. Kori\u0161tenjem ove web stranice suglasni ste s trenutnom verzijom ovih uvjeta pru\u017eanja usluge.<\/p>\n\n\n\n<p>Mjerodavno pravo Ovi uvjeti i odredbe ure\u0111eni su i tuma\u010de se u skladu sa zakonima HowBeesa i vi se neopozivo podvrgavate isklju\u010divoj nadle\u017enosti sudova u toj dr\u017eavi ili mjestu.<\/p>\n\n\n\n<h2 class=\"wp-block-heading\" id=\"lei-aplicavel\">Mjerodavno pravo<\/h2>\n\n\n\n<p>Ovi uvjeti i odredbe ure\u0111eni su i tuma\u010de se u skladu sa zakonima HowBeesa i vi se neopozivo podvrgavate isklju\u010divoj nadle\u017enosti sudova u toj dr\u017eavi ili mjestu.<\/p>","protected":false},"excerpt":{"rendered":"<p>Ao acessar ao site HowBees, concorda em cumprir estes termos de servi\u00e7o, todas as leis e regulamentos aplic\u00e1veis e concorda que \u00e9 respons\u00e1vel pelo cumprimento de todas as leis locais aplic\u00e1veis. Se voc\u00ea n\u00e3o concordar com algum desses termos, est\u00e1 proibido de usar ou acessar este site. Os materiais contidos neste site s\u00e3o protegidos pelas [&hellip;]<\/p>\n","protected":false},"author":1,"featured_media":0,"parent":0,"menu_order":0,"comment_status":"closed","ping_status":"closed","template":"","meta":{"footnotes":""},"class_list":["post-196","page","type-page","status-publish"],"_links":{"self":[{"href":"https:\/\/howbees.com\/hr\/wp-json\/wp\/v2\/pages\/196","targetHints":{"allow":["GET"]}}],"collection":[{"href":"https:\/\/howbees.com\/hr\/wp-json\/wp\/v2\/pages"}],"about":[{"href":"https:\/\/howbees.com\/hr\/wp-json\/wp\/v2\/types\/page"}],"author":[{"embeddable":true,"href":"https:\/\/howbees.com\/hr\/wp-json\/wp\/v2\/users\/1"}],"replies":[{"embeddable":true,"href":"https:\/\/howbees.com\/hr\/wp-json\/wp\/v2\/comments?post=196"}],"version-history":[{"count":1,"href":"https:\/\/howbees.com\/hr\/wp-json\/wp\/v2\/pages\/196\/revisions"}],"predecessor-version":[{"id":197,"href":"https:\/\/howbees.com\/hr\/wp-json\/wp\/v2\/pages\/196\/revisions\/197"}],"wp:attachment":[{"href":"https:\/\/howbees.com\/hr\/wp-json\/wp\/v2\/media?parent=196"}],"curies":[{"name":"radni list","href":"https:\/\/api.w.org\/{rel}","templated":true}]}}