{"id":198,"date":"2024-04-07T23:58:34","date_gmt":"2024-04-07T23:58:34","guid":{"rendered":"https:\/\/howbees.com\/?page_id=198"},"modified":"2024-04-07T23:58:51","modified_gmt":"2024-04-07T23:58:51","slug":"%e3%83%97%e3%83%a9%e3%82%a4%e3%83%90%e3%82%b7%e3%83%bc%e3%83%9d%e3%83%aa%e3%82%b7%e3%83%bc","status":"publish","type":"page","link":"https:\/\/howbees.com\/ja\/politica-de-privacidade\/","title":{"rendered":"\u30d7\u30e9\u30a4\u30d0\u30b7\u30fc\u30dd\u30ea\u30b7\u30fc"},"content":{"rendered":"<p>\u53ce\u96c6\u3055\u308c\u305f\u3059\u3079\u3066\u306e\u60c5\u5831\u306f\u3001\u5f53\u793e\u306e\u30a6\u30a7\u30d6\u30b5\u30a4\u30c8\u5185\u3067\u306e\u304a\u5ba2\u69d8\u306e\u4f53\u9a13\u3092\u5411\u4e0a\u3055\u305b\u308b\u305f\u3081\u306b\u4f7f\u7528\u3055\u308c\u307e\u3059\u3002\u53ce\u96c6\u3055\u308c\u308b\u60c5\u5831\u306b\u306f\u3001\u540d\u524d\u3001\u96fb\u5b50\u30e1\u30fc\u30eb\u3001\u96fb\u8a71\u756a\u53f7\u3001\u305d\u306e\u4ed6\u306e\u60c5\u5831\u304c\u542b\u307e\u308c\u308b\u5834\u5408\u304c\u3042\u308a\u307e\u3059\u3002<\/p>\n\n\n\n<p>HowBees \u3092\u4f7f\u7528\u3059\u308b\u3068\u3001\u3053\u306e\u30d7\u30e9\u30a4\u30d0\u30b7\u30fc\u5951\u7d04\u306b\u540c\u610f\u3057\u305f\u3053\u3068\u306b\u306a\u308a\u307e\u3059\u3002\u30e6\u30fc\u30b6\u30fc\u304c\u672c\u30d7\u30e9\u30a4\u30d0\u30b7\u30fc\u30dd\u30ea\u30b7\u30fc\u306b\u542b\u307e\u308c\u308b\u5229\u7528\u898f\u7d04\u306b\u4e00\u90e8\u3067\u3082\u540c\u610f\u3057\u306a\u3044\u5834\u5408\u306f\u3001HowBees \u304c\u63d0\u4f9b\u3059\u308b\u30b3\u30f3\u30c6\u30f3\u30c4\u306b\u30a2\u30af\u30bb\u30b9\u3057\u305f\u308a\u4f7f\u7528\u3057\u305f\u308a\u3057\u306a\u3044\u3067\u304f\u3060\u3055\u3044\u3002\u30e6\u30fc\u30b6\u30fc\u306f\u3001\u672c\u30a6\u30a7\u30d6\u30b5\u30a4\u30c8\u3092\u4f7f\u7528\u3059\u308b\u3053\u3068\u306b\u3088\u308a\u3001\u672c\u30d7\u30e9\u30a4\u30d0\u30b7\u30fc\u30dd\u30ea\u30b7\u30fc\u304a\u3088\u3073\u4e00\u822c\u5229\u7528\u898f\u7d04\u306e\u6761\u4ef6\u306b\u5f93\u3063\u3066\u3001\u81ea\u8eab\u306e\u30c7\u30fc\u30bf\u304c\u51e6\u7406\u3055\u308c\u308b\u3053\u3068\u3092\u627f\u8a8d\u3057\u3001\u3053\u308c\u306b\u5b8c\u5168\u306b\u540c\u610f\u3059\u308b\u3082\u306e\u3068\u3057\u307e\u3059\u3002<\/p>\n\n\n\n<p>\u5f53\u793e\u306f\u3001\u30e6\u30fc\u30b6\u30fc\u306e\u540c\u610f\u3084\u901a\u77e5\u306a\u3057\u306b\u3044\u3064\u3067\u3082\u672c\u30d7\u30e9\u30a4\u30d0\u30b7\u30fc\u30dd\u30ea\u30b7\u30fc\u3092\u5909\u66f4\u3059\u308b\u6a29\u5229\u3092\u7559\u4fdd\u3057\u307e\u3059\u306e\u3067\u3001\u983b\u7e41\u306b\u78ba\u8a8d\u3057\u3066\u304f\u3060\u3055\u3044\u3002\u5909\u66f4\u304a\u3088\u3073\u8aac\u660e\u306f\u3001\u30a6\u30a7\u30d6\u30b5\u30a4\u30c8\u306b\u516c\u958b\u3055\u308c\u308b\u3068\u3059\u3050\u306b\u6709\u52b9\u306b\u306a\u308a\u307e\u3059\u3002\u3053\u306e\u30dd\u30ea\u30b7\u30fc\u306b\u91cd\u5927\u306a\u5909\u66f4\u304c\u3042\u3063\u305f\u5834\u5408\u306f\u3001\u3053\u3053\u3067\u66f4\u65b0\u3055\u308c\u305f\u3053\u3068\u3092\u304a\u77e5\u3089\u305b\u3057\u307e\u3059\u3002\u3053\u308c\u306b\u3088\u308a\u3001\u5f53\u793e\u304c\u53ce\u96c6\u3059\u308b\u60c5\u5831\u3001\u305d\u306e\u60c5\u5831\u306e\u4f7f\u7528\u65b9\u6cd5\u3001\u304a\u3088\u3073\u3001\u8a72\u5f53\u3059\u308b\u5834\u5408\u306f\u3069\u306e\u3088\u3046\u306a\u72b6\u6cc1\u3067\u4f7f\u7528\u304a\u3088\u3073\/\u307e\u305f\u306f\u958b\u793a\u3059\u308b\u304b\u306b\u3064\u3044\u3066\u304a\u5ba2\u69d8\u306b\u304a\u77e5\u3089\u305b\u3057\u307e\u3059\u3002\u305d\u308c\u3002<\/p>\n\n\n\n<p>HowBees \u306f\u30e6\u30fc\u30b6\u30fc\u306e\u30d7\u30e9\u30a4\u30d0\u30b7\u30fc\u3068\u3001\u30c7\u30fc\u30bf\u306e\u4f7f\u7528\u65b9\u6cd5\u306e\u900f\u660e\u6027\u3092\u5c0a\u91cd\u3057\u307e\u3059\u3002\u5f53\u793e\u306e\u30d7\u30e9\u30a4\u30d0\u30b7\u30fc\u30dd\u30ea\u30b7\u30fc\u306f\u3001\u56fd\u969b\u304a\u3088\u3073\u56fd\u5185\u306e\u30c7\u30fc\u30bf\u4fdd\u8b77\u57fa\u6e96\u306b\u5f93\u3063\u3066\u4f5c\u6210\u3055\u308c\u3066\u3044\u307e\u3059\u3002<\/p>\n\n\n\n<p>\u3053\u306e\u30d7\u30e9\u30a4\u30d0\u30b7\u30fc\u30dd\u30ea\u30b7\u30fc\u306f\u3001HowBees\u306e\u4e00\u822c\u5229\u7528\u898f\u7d04\u3068\u4f75\u305b\u3066\u304a\u8aad\u307f\u3044\u305f\u3060\u304d\u3001\u89e3\u91c8\u3057\u3066\u3044\u305f\u3060\u304f\u5fc5\u8981\u304c\u3042\u308a\u307e\u3059\u3002 <a href=\"https:\/\/howbees.com\/ja\/%e5%88%a9%e7%94%a8%e8%a6%8f%e7%b4%84\/\">https:\/\/howbees.com\/termos-de-uso\/<\/a><\/p>\n\n\n\n<h2 class=\"wp-block-heading\">\u30e6\u30fc\u30b6\u30fc\u5411\u3051\u4e00\u822c\u60c5\u5831<\/h2>\n\n\n\n<p>HowBees \u306f\u3001\u30e6\u30fc\u30b6\u30fc\u3068\u60c5\u5831\u3092\u5171\u6709\u3057\u3001\u8ab0\u3082\u304c\u77e5\u8b58\u306b\u30a2\u30af\u30bb\u30b9\u3067\u304d\u308b\u3088\u3046\u306b\u3059\u308b\u3053\u3068\u3092\u76ee\u7684\u3068\u3057\u3066\u3044\u307e\u3059\u3002\u30e6\u30fc\u30b6\u30fc\u306f\u4e8b\u524d\u306b\u767b\u9332\u3057\u306a\u304f\u3066\u3082 HowBees \u306e Web \u30b5\u30a4\u30c8\u3092\u95b2\u89a7\u3067\u304d\u307e\u3059\u3002<\/p>\n\n\n\n<p>HowBees \u306f\u3001\u30c7\u30fc\u30bf\u306e\u4fdd\u5b58\u3001\u4fdd\u8b77\u3001\u30d7\u30e9\u30a4\u30d0\u30b7\u30fc\u3001\u8ee2\u9001\u306b\u304a\u3044\u3066\u56fd\u969b\u7684\u306a\u30bb\u30ad\u30e5\u30ea\u30c6\u30a3\u6a19\u6e96\u3068\u898f\u7bc4\u306b\u5f93\u3063\u3066\u304a\u308a\u3001\u30c7\u30fc\u30bf\u306e\u4fdd\u5b58\u3001\u4fdd\u8b77\u3001\u30d7\u30e9\u30a4\u30d0\u30b7\u30fc\u3001\u8ee2\u9001\u306e\u3044\u304b\u306a\u308b\u65b9\u6cd5\u3082 100% \u5b89\u5168\u3067\u4fb5\u5bb3\u3055\u308c\u306a\u3044\u3082\u306e\u3067\u306f\u306a\u3044\u3053\u3068\u3092\u5f37\u8abf\u3057\u3066\u3044\u307e\u3059\u3002<\/p>\n\n\n\n<p>HowBees \u306f\u3001\u56fd\u5185\u5916\u306e\u6280\u8853\u304a\u3088\u3073\u898f\u5236\u306e\u9032\u6b69\u306b\u5408\u308f\u305b\u3066\u3001\u5e38\u306b\u898b\u76f4\u3057\u3068\u6539\u5584\u304c\u884c\u308f\u308c\u3066\u3044\u308b\u5b9f\u8df5\u3068\u6280\u8853\u3092\u63a1\u7528\u3057\u3066\u3044\u307e\u3059\u3002\u4fdd\u8b77\u3068\u306f\u3001\u304a\u5ba2\u69d8\u306e\u30c7\u30fc\u30bf\u3078\u306e\u4e0d\u6b63\u30a2\u30af\u30bb\u30b9\u3001\u4f7f\u7528\u3001\u5909\u66f4\u3001\u958b\u793a\u3001\u7834\u58ca\u3092\u6307\u3057\u307e\u3059\u3002\u3053\u306e\u3088\u3046\u306a\u4e8b\u614b\u3092\u9632\u3050\u305f\u3081\u306b\u3001\u5f53\u793e\u3067\u306f\u3001\u6697\u53f7\u5316\u3055\u308c\u305f\u901a\u4fe1\u3001\u30a2\u30af\u30bb\u30b9\u5236\u5fa1\u3001\u5b89\u5168\u306a\u30bd\u30d5\u30c8\u30a6\u30a7\u30a2\u958b\u767a\u306e\u9075\u5b88\u3001\u793e\u5185\u30b3\u30f3\u30d7\u30e9\u30a4\u30a2\u30f3\u30b9 \u30dd\u30ea\u30b7\u30fc\u3001\u30c7\u30fc\u30bf \u30e9\u30a4\u30d5\u30b5\u30a4\u30af\u30eb\u5168\u4f53\u306b\u308f\u305f\u3063\u3066\u30bb\u30ad\u30e5\u30ea\u30c6\u30a3\u3092\u5b9f\u73fe\u3059\u308b\u8aac\u660e\u8cac\u4efb\u3068\u30ea\u30b9\u30af\u8efd\u6e1b\u5bfe\u7b56\u306a\u3069\u306e\u5bfe\u7b56\u306b\u6295\u8cc7\u3057\u3066\u3044\u307e\u3059\u3002\u30e6\u30fc\u30b6\u30fc\u60c5\u5831\u306f\u3001\u5b89\u5168\u3067\u6709\u540d\u304b\u3064\u56fd\u969b\u7684\u306b\u8a8d\u3081\u3089\u308c\u305f\u30c7\u30fc\u30bf\u30d9\u30fc\u30b9\u306b\u3082\u4fdd\u5b58\u3055\u308c\u307e\u3059\u3002<\/p>\n\n\n\n<p>HowBees \u306f\u3001\u3069\u306e\u3088\u3046\u306a\u72b6\u6cc1\u4e0b\u3067\u3082\u3001\u3069\u306e\u3088\u3046\u306a\u7a2e\u985e\u306e\u88fd\u54c1\u3067\u3042\u3063\u3066\u3082\u3001\u30ea\u30ea\u30fc\u30b9\u3059\u308b\u305f\u3081\u306b\u3044\u304b\u306a\u308b\u91d1\u984d\u3082\u8981\u6c42\u3057\u307e\u305b\u3093\u3002\u3053\u306e\u3088\u3046\u306a\u4e8b\u614b\u304c\u767a\u751f\u3057\u305f\u5834\u5408\u306f\u3001\u76f4\u3061\u306b\u5f53\u793e\u306b\u3054\u9023\u7d61\u304f\u3060\u3055\u3044\u3002<\/p>\n\n\n\n<p>\u5f53\u793e\u306f\u3059\u3079\u3066\u306e\u60c5\u5831\u3092\u53ef\u80fd\u306a\u9650\u308a\u6700\u65b0\u306e\u72b6\u614b\u306b\u4fdd\u3064\u3088\u3046\u52aa\u3081\u3066\u3044\u307e\u3059\u3002\u305f\u3060\u3057\u3001\u3053\u306e\u60c5\u5831\u306f\u3001\u7279\u5b9a\u306e Web \u30b5\u30a4\u30c8\u4e0a\u306e\u6a5f\u95a2\u307e\u305f\u306f\u30b5\u30fc\u30d3\u30b9 \u30d7\u30ed\u30d0\u30a4\u30c0\u30fc\u306e Web \u30b5\u30a4\u30c8\u306b\u8a18\u8f09\u3055\u308c\u3066\u3044\u308b\u60c5\u5831\u3068\u7570\u306a\u308b\u5834\u5408\u304c\u3042\u308b\u3053\u3068\u306b\u6ce8\u610f\u3057\u3066\u304f\u3060\u3055\u3044\u3002\u5f53\u793e\u306f\u60c5\u5831\u306e\u6b63\u78ba\u6027\u304a\u3088\u3073\u6700\u65b0\u6027\u3092\u4fdd\u8a3c\u3059\u308b\u3082\u306e\u3067\u306f\u3042\u308a\u307e\u305b\u3093\u3002\u9078\u629e\u3057\u305f\u6a5f\u95a2\u306e\u5229\u7528\u898f\u7d04\u3092\u5fc5\u305a\u304a\u8aad\u307f\u304f\u3060\u3055\u3044\u3002\u5f53\u793e\u306f\u3001\u88fd\u54c1\u3084\u63d0\u6848\u3092\u30ea\u30af\u30a8\u30b9\u30c8\u3059\u308b\u30e6\u30fc\u30b6\u30fc\u3092\u7d39\u4ecb\u3059\u308b\u969b\u306b\u3001\u5f53\u793e\u306e\u30a6\u30a7\u30d6\u30b5\u30a4\u30c8\u4e0a\u306e\u5e83\u544a\u3084\u30d1\u30fc\u30c8\u30ca\u30fc\u304b\u3089\u5c11\u984d\u306e\u5831\u916c\u3092\u53d7\u3051\u53d6\u308a\u307e\u3059\u3002\u79c1\u305f\u3061\u304c\u516c\u958b\u3059\u308b\u3059\u3079\u3066\u306e\u5185\u5bb9\u306f\u3001\u5404\u88fd\u54c1\u306e\u5b9a\u91cf\u7684\u304a\u3088\u3073\u5b9a\u6027\u7684\u306a\u8a55\u4fa1\u306b\u57fa\u3065\u3044\u3066\u3044\u307e\u3059\u3002\u6ce8\u76ee\u3059\u3079\u304d\u306f\u3001\u79c1\u305f\u3061\u306e\u30d1\u30fc\u30c8\u30ca\u30fc\u304c\u3001\u79c1\u305f\u3061\u304c\u57f7\u7b46\u304a\u3088\u3073\u30ec\u30d3\u30e5\u30fc\u3059\u308b\u88fd\u54c1\u3001\u307e\u305f HowBees \u3067\u306e\u300c\u30d9\u30b9\u30c8\u300d\u8a18\u4e8b\u306e\u9806\u5e8f\u3084\u88fd\u54c1\u306e\u4f4d\u7f6e\u4ed8\u3051\u306b\u76f4\u63a5\u5f71\u97ff\u3092\u4e0e\u3048\u308b\u3053\u3068\u304c\u3067\u304d\u308b\u3068\u3044\u3046\u3053\u3068\u3067\u3059\u3002\u5f53\u793e\u306e\u30a6\u30a7\u30d6\u30b5\u30a4\u30c8\u306b\u306f\u81a8\u5927\u306a\u60c5\u5831\u304c\u63b2\u8f09\u3055\u308c\u3066\u3044\u308b\u305f\u3081\u3001\u60c5\u5831\u306e\u54c1\u8cea\u3084\u9069\u6642\u6027\u306b\u3064\u3044\u3066\u306f\u4e00\u5207\u4fdd\u8a3c\u3044\u305f\u3057\u307e\u305b\u3093\u3002\u305d\u306e\u305f\u3081\u3001\u5f53\u793e\u306f\u30d1\u30fc\u30c8\u30ca\u30fc\u304b\u3089\u306e\u60c5\u5831\u3092\u512a\u5148\u3057\u307e\u3059\u3002<\/p>\n\n\n\n<p>\u5f53\u793e\u306f\u3001\u304a\u5ba2\u69d8\u306e\u500b\u4eba\u60c5\u5831\u3092\u4fdd\u8b77\u3059\u308b\u305f\u3081\u306b\u3001\u5408\u7406\u7684\u306a\u4e88\u9632\u63aa\u7f6e\u3092\u8b1b\u3058\u3001\u696d\u754c\u306e\u30d9\u30b9\u30c8\u30d7\u30e9\u30af\u30c6\u30a3\u30b9\u306b\u5f93\u3063\u3066\u3001\u304a\u5ba2\u69d8\u306e\u500b\u4eba\u60c5\u5831\u304c\u4e0d\u9069\u5207\u306b\u7d1b\u5931\u3001\u8aa4\u7528\u3001\u30a2\u30af\u30bb\u30b9\u3001\u958b\u793a\u3001\u5909\u66f4\u3001\u7834\u58ca\u3055\u308c\u308b\u3053\u3068\u304c\u306a\u3044\u3088\u3046\u52aa\u3081\u307e\u3059\u3002<\/p>\n\n\n\n<h2 class=\"wp-block-heading\">\u7b2c\u4e09\u8005\u30b5\u30a4\u30c8\u3078\u306e\u30ea\u30f3\u30af<\/h2>\n\n\n\n<p>HowBees \u306b\u306f\u4ed6\u306e Web \u30b5\u30a4\u30c8\u3078\u306e\u30ea\u30f3\u30af\u304c\u3042\u308a\u3001\u5f53\u793e\u306e\u898b\u89e3\u3067\u306f\u3001\u8a2a\u554f\u8005\u306b\u3068\u3063\u3066\u5f79\u7acb\u3064\u60c5\u5831\u3084\u30c4\u30fc\u30eb\u304c\u542b\u307e\u308c\u3066\u3044\u308b\u53ef\u80fd\u6027\u304c\u3042\u308a\u307e\u3059\u3002\u5f53\u793e\u306e\u30d7\u30e9\u30a4\u30d0\u30b7\u30fc\u30dd\u30ea\u30b7\u30fc\u306f\u7b2c\u4e09\u8005\u306e\u30a6\u30a7\u30d6\u30b5\u30a4\u30c8\u306b\u306f\u9069\u7528\u3055\u308c\u307e\u305b\u3093\u3002\u5f53\u793e\u306f\u3001\u3053\u308c\u3089\u306e\u30b5\u30a4\u30c8\u4e0a\u306e\u30d7\u30e9\u30a4\u30d0\u30b7\u30fc \u30dd\u30ea\u30b7\u30fc\u307e\u305f\u306f\u30b3\u30f3\u30c6\u30f3\u30c4\u306b\u3064\u3044\u3066\u306f\u8cac\u4efb\u3092\u8ca0\u3044\u307e\u305b\u3093\u3002 HowBees \u306f\u305d\u308c\u3089\u306b\u5bfe\u3057\u3066\u3044\u304b\u306a\u308b\u7a2e\u985e\u306e\u7ba1\u7406\u3082\u884c\u308f\u305a\u3001\u3057\u305f\u304c\u3063\u3066\u3001\u30e6\u30fc\u30b6\u30fc\u3068\u30a6\u30a7\u30d6\u30b5\u30a4\u30c8\u3067\u5ba3\u4f1d\u3055\u308c\u3066\u3044\u308b\u30b5\u30fc\u30c9\u30d1\u30fc\u30c6\u30a3\u306e\u88fd\u54c1\u304a\u3088\u3073\u30b5\u30fc\u30d3\u30b9\u3068\u306e\u9593\u306b\u78ba\u7acb\u3055\u308c\u305f\u95a2\u4fc2\u306b\u3064\u3044\u3066\u306f\u4e00\u5207\u306e\u8cac\u4efb\u3092\u8ca0\u3044\u307e\u305b\u3093\u3002<\/p>\n\n\n\n<p>\u5f53\u793e\u306e\u30a6\u30a7\u30d6\u30b5\u30a4\u30c8\u3092\u96e2\u308c\u305f\u308a\u3001\u7b2c\u4e09\u8005\u306e\u30a6\u30a7\u30d6\u30b5\u30a4\u30c8\u3084\u30a2\u30d7\u30ea\u30b1\u30fc\u30b7\u30e7\u30f3\u306b\u30ea\u30c0\u30a4\u30ec\u30af\u30c8\u3055\u308c\u305f\u308a\u3057\u305f\u5834\u5408\u306f\u3001\u3053\u306e\u30d7\u30e9\u30a4\u30d0\u30b7\u30fc \u30dd\u30ea\u30b7\u30fc\u307e\u305f\u306f\u5f53\u793e\u306e\u30a6\u30a7\u30d6\u30b5\u30a4\u30c8\u306e\u5229\u7528\u898f\u7d04\u306f\u9069\u7528\u3055\u308c\u306a\u304f\u306a\u308a\u307e\u3059\u3002<\/p>\n\n\n\n<p>\u30aa\u30d7\u30c8\u30a4\u30f3\u5f8c\u306b\u6c17\u304c\u5909\u308f\u3063\u305f\u5834\u5408\u306f\u3001\u3044\u3064\u3067\u3082\u5f53\u793e\u306b\u9023\u7d61\u3057\u3066\u3001\u5f53\u793e\u304c\u3042\u306a\u305f\u306b\u9023\u7d61\u3057\u305f\u308a\u3001\u3042\u306a\u305f\u306e\u60c5\u5831\u3092\u7d99\u7d9a\u7684\u306b\u53ce\u96c6\u3001\u4f7f\u7528\u3001\u958b\u793a\u3059\u308b\u3053\u3068\u306b\u5bfe\u3059\u308b\u540c\u610f\u3092\u53d6\u308a\u6d88\u3059\u3053\u3068\u304c\u3067\u304d\u307e\u3059\u3002 <a href=\"mailto:contato@HowBees.com\">contato@HowBees.com<\/a>.<\/p>\n\n\n\n<h2 class=\"wp-block-heading\">\u975e\u500b\u4eba\u30c7\u30fc\u30bf<\/h2>\n\n\n\n<p>\u30e6\u30fc\u30b6\u30fc\u304cHowBees\u304b\u3089\u7121\u6599\u30b3\u30f3\u30c6\u30f3\u30c4\uff08\u96fb\u5b50\u66f8\u7c4d\u3001\u30af\u30a4\u30ba\u3001\u8a18\u4e8b\u3001\u30a4\u30f3\u30d5\u30a9\u30b0\u30e9\u30d5\u30a3\u30c3\u30af\u306a\u3069\uff09\u3092\u30ea\u30af\u30a8\u30b9\u30c8\u3057\u306a\u3044\u5834\u5408\u3001\u30a6\u30a7\u30d6\u30b5\u30a4\u30c8\u306e\u3069\u306e\u30da\u30fc\u30b8\u304c\u8a2a\u554f\u3055\u308c\u305f\u304b\u306a\u3069\u306e\u8a73\u7d30\u3092\u793a\u3059\u975e\u500b\u4eba\u30c7\u30fc\u30bf\u306e\u8ffd\u8de1\u3068\u53ce\u96c6\u304c\u884c\u308f\u308c\u308b\u3053\u3068\u304c\u3042\u308a\u307e\u3059\u3002\u3044\u3064\u8a2a\u554f\u3055\u308c\u305f\u304b\u3001\u3069\u306e\u30cf\u30a4\u30d1\u30fc\u30ea\u30f3\u30af\u304c\u30af\u30ea\u30c3\u30af\u3055\u308c\u305f\u304b\u3001\u3069\u306e\u30b3\u30f3\u30c6\u30f3\u30c4\u307e\u305f\u306f\u30b5\u30fc\u30d3\u30b9\u304c\u8981\u6c42\u307e\u305f\u306f\u793a\u3055\u308c\u305f\u304b\u3001\u306a\u3069\u3002<\/p>\n\n\n\n<h2 class=\"wp-block-heading\">\u30af\u30c3\u30ad\u30fc<\/h2>\n\n\n\n<p>Google \u306f\u30b5\u30fc\u30c9\u30d1\u30fc\u30c6\u30a3\u30d9\u30f3\u30c0\u30fc\u3068\u3057\u3066\u3001\u5e83\u544a\u3092\u914d\u4fe1\u3059\u308b\u305f\u3081\u306b Cookie \u3092\u4f7f\u7528\u3057\u307e\u3059\u3002 DART Cookie \u3092\u4f7f\u7528\u3059\u308b\u3068\u3001Google \u306f\u8aad\u8005\u306e\u30a4\u30f3\u30bf\u30fc\u30cd\u30c3\u30c8\u4e0a\u306e\u4ed6\u306e\u30a6\u30a7\u30d6\u30b5\u30a4\u30c8\u3078\u306e\u30a2\u30af\u30bb\u30b9\u306b\u57fa\u3065\u3044\u3066\u5e83\u544a\u3092\u8868\u793a\u3067\u304d\u307e\u3059\u3002\u30e6\u30fc\u30b6\u30fc\u306f\u3001Google \u5e83\u544a\u304a\u3088\u3073\u30b3\u30f3\u30c6\u30f3\u30c4 \u30cd\u30c3\u30c8\u30ef\u30fc\u30af\u306e\u30d7\u30e9\u30a4\u30d0\u30b7\u30fc \u30dd\u30ea\u30b7\u30fc\u306b\u30a2\u30af\u30bb\u30b9\u3057\u3066\u3001DART Cookie \u306e\u4f7f\u7528\u3092\u30aa\u30d7\u30c8\u30a2\u30a6\u30c8\u3067\u304d\u307e\u3059\u3002<\/p>\n\n\n\n<p>HowBees \u306f\u3001\u30e6\u30fc\u30b6\u30fc\u306e\u30ca\u30d3\u30b2\u30fc\u30b7\u30e7\u30f3\u3092\u5bb9\u6613\u306b\u3057\u3001\u30c7\u30fc\u30bf\u306e\u30bb\u30ad\u30e5\u30ea\u30c6\u30a3\u3001\u4fdd\u8b77\u3001\u4fe1\u983c\u6027\u3092\u4fdd\u8a3c\u3059\u308b\u305f\u3081\u306b\u3001\u30c7\u30fc\u30bf\u3068 IP (\u30a4\u30f3\u30bf\u30fc\u30cd\u30c3\u30c8 \u30d7\u30ed\u30c8\u30b3\u30eb) \u8b58\u5225\u60c5\u5831\u3092\u53ce\u96c6\u3059\u308b\u305f\u3081\u306b Cookie \u3092\u4f7f\u7528\u3057\u307e\u3059\u3002<\/p>\n\n\n\n<p>\u3055\u3089\u306b\u3001\u30e1\u30f3\u30c6\u30ca\u30f3\u30b9\u8cbb\u7528\u3092\u8cc4\u3046\u305f\u3081\u306b\u3001\u5f53\u793e\u30a6\u30a7\u30d6\u30b5\u30a4\u30c8\u4e0a\u3067\u30b5\u30fc\u30c9\u30d1\u30fc\u30c6\u30a3\u306e\u5e83\u544a\u3082\u4f7f\u7528\u3057\u3066\u3044\u307e\u3059\u3002\u3053\u308c\u3089\u306e\u5e83\u544a\u4e3b\u306e\u4e2d\u306b\u306f\u3001\u5f53\u793e\u306e\u30a6\u30a7\u30d6\u30b5\u30a4\u30c8\u3067\u5e83\u544a\u3092\u63b2\u8f09\u3059\u308b\u969b\u306b\u30af\u30c3\u30ad\u30fc\u306a\u3069\u306e\u6280\u8853\u3092\u4f7f\u7528\u3059\u308b\u3082\u306e\u304c\u3042\u308a\u3001\u3053\u308c\u306b\u3088\u308a\u3001\u3053\u308c\u3089\u306e\u5e83\u544a\u4e3b\uff08Google AdSense\u3084Ad Exchange\u3092\u4ecb\u3057\u305fGoogle\u306a\u3069\uff09\u306f\u3001IP\u30a2\u30c9\u30ec\u30b9\u3001ISP\u3001\u30d6\u30e9\u30a6\u30b6\u306a\u3069\u3053\u306e\u6a5f\u80fd\u306f\u3001\u901a\u5e38\u3001\u30b8\u30aa\u30bf\u30fc\u30b2\u30c6\u30a3\u30f3\u30b0\uff08\u30e6\u30fc\u30b6\u30fc\u306e\u5730\u7406\u7684\u4f4d\u7f6e\u306b\u57fa\u3065\u3044\u3066\u9069\u5207\u306a\u5e83\u544a\u3092\u8868\u793a\u3059\u308b\u3053\u3068\uff09\u306b\u4f7f\u7528\u3055\u308c\u307e\u3059\u3002<\/p>\n\n\n\n<p>\u30e6\u30fc\u30b6\u30fc\u306f\u30d6\u30e9\u30a6\u30b6\u8a2d\u5b9a\u3067\u3044\u3064\u3067\u3082\u30af\u30c3\u30ad\u30fc\u3092\u53d7\u3051\u5165\u308c\u308b\u304b\u5426\u304b\u3092\u5909\u66f4\u3067\u304d\u307e\u3059\u304c\u3001\u30d6\u30e9\u30a6\u30b8\u30f3\u30b0\u30af\u30c3\u30ad\u30fc\u3092\u7121\u52b9\u306b\u3059\u308b\u3068HowBees\u306e\u4e00\u90e8\u306e\u6a5f\u80fd\u304c\u640d\u306a\u308f\u308c\u308b\u53ef\u80fd\u6027\u304c\u3042\u308b\u3053\u3068\u306b\u6ce8\u610f\u3057\u3066\u304f\u3060\u3055\u3044\u3002<\/p>\n\n\n\n<h2 class=\"wp-block-heading\">\u500b\u4eba\u3092\u7279\u5b9a\u3067\u304d\u308b\u30c7\u30fc\u30bf<\/h2>\n\n\n\n<p>HowBees \u306e\u8a18\u4e8b\u3001\u96fb\u5b50\u66f8\u7c4d\u3001\u30af\u30a4\u30ba\u306a\u3069\u306e\u7121\u6599\u30b3\u30f3\u30c6\u30f3\u30c4\u306b\u30a2\u30af\u30bb\u30b9\u3059\u308b\u306b\u306f\u3001\u30e6\u30fc\u30b6\u30fc\u306f\u96fb\u5b50\u30e1\u30fc\u30eb\u3084\u6c0f\u540d\u306a\u3069\u306e\u500b\u4eba\u3092\u7279\u5b9a\u3067\u304d\u308b\u30c7\u30fc\u30bf\u3092\u63d0\u4f9b\u3057\u306a\u3051\u308c\u3070\u306a\u308a\u307e\u305b\u3093\u3002<\/p>\n\n\n\n<p>HowBees \u306b\u3088\u3063\u3066\u51e6\u7406\u3055\u308c\u308b\u500b\u4eba\u8b58\u5225\u30c7\u30fc\u30bf\u306f\u3001\u6b21\u306e\u76ee\u7684\u3067\u4f7f\u7528\u3055\u308c\u307e\u3059\u3002<\/p>\n\n\n\n<p>\u2013 \u30e6\u30fc\u30b6\u30fc\u3092\u6b63\u78ba\u306b\u8b58\u5225\u3057\u3001\u30e6\u30fc\u30b6\u30fc\u81ea\u8eab\u306e\u30bb\u30ad\u30e5\u30ea\u30c6\u30a3\u3068\u4fdd\u8b77\u3092\u5f37\u5316\u3057\u307e\u3059\u3002<\/p>\n\n\n\n<p>\u2013 HowBees \u304c\u63d0\u4f9b\u3059\u308b\u30b5\u30fc\u30d3\u30b9\u304a\u3088\u3073\u88fd\u54c1\u3078\u306e\u30a2\u30af\u30bb\u30b9\u3002<\/p>\n\n\n\n<p>\u2013 \u30e6\u30fc\u30b6\u30fc\u306e\u5b9f\u969b\u306e\u30cb\u30fc\u30ba\u3068\u73fe\u5b9f\u306b\u5fdc\u3058\u3066\u6700\u9069\u306a\u88fd\u54c1\u3068\u60c5\u5831\u3092\u63d0\u793a\u3059\u308b\u3053\u3068\u3092\u76ee\u7684\u3068\u3057\u305f\u3001HowBees \u306b\u3088\u308b\u30e6\u30fc\u30b6\u30fc \u30d7\u30ed\u30d5\u30a1\u30a4\u30eb\u306e\u5206\u6790\u3002<\/p>\n\n\n\n<p>\u30e6\u30fc\u30b6\u30fc\u306e\u30d7\u30ed\u30d5\u30a3\u30fc\u30eb\u3092\u3055\u3089\u306b\u6b63\u78ba\u306b\u5206\u6790\u3059\u308b\u3053\u3068\u3092\u76ee\u7684\u3068\u3057\u3066\u3001HowBees \u306f\u30e6\u30fc\u30b6\u30fc\u306b\u95a2\u3059\u308b\u3088\u308a\u591a\u304f\u306e\u3001\u3088\u308a\u826f\u3044\u60c5\u5831\u3092\u5165\u624b\u3059\u308b\u305f\u3081\u306e\u8abf\u67fb\u3092\u5b9f\u65bd\u3057\u3001\u5404\u30e6\u30fc\u30b6\u30fc\u306e\u597d\u307f\u3084\u30cb\u30fc\u30ba\u306b\u5fdc\u3058\u3066\u30d1\u30fc\u30bd\u30ca\u30e9\u30a4\u30ba\u3055\u308c\u305f\u88fd\u54c1\u3084\u30b5\u30fc\u30d3\u30b9\u3092\u63d0\u6848\u3059\u308b\u3053\u3068\u304c\u3042\u308a\u307e\u3059\u3002<\/p>\n\n\n\n<p>\u3053\u306e\u3088\u3046\u306b\u3057\u3066\u3001HowBees \u3068\u30d1\u30fc\u30c8\u30ca\u30fc\u4f01\u696d\u306f\u3001\u30e6\u30fc\u30b6\u30fc\u3092\u6e80\u8db3\u5ea6\u8abf\u67fb\u306b\u62db\u5f85\u3057\u3001\u5fc5\u8981\u306a\u30ac\u30a4\u30c9\u30e9\u30a4\u30f3\u3092\u8a18\u8f09\u3057\u305f\u96fb\u5b50\u30e1\u30fc\u30eb\u3092\u9001\u4fe1\u3059\u308b\u5834\u5408\u304c\u3042\u308a\u307e\u3059\u3002\u53ce\u96c6\u3055\u308c\u305f\u30c7\u30fc\u30bf\u306f\u3001HowBees \u304a\u3088\u3073\u30d1\u30fc\u30c8\u30ca\u30fc\u4f01\u696d\u304c\u63d0\u4f9b\u3059\u308b\u30b7\u30b9\u30c6\u30e0\u3001\u88fd\u54c1\u3001\u30b3\u30f3\u30c6\u30f3\u30c4\u3001\u30b5\u30fc\u30d3\u30b9\u306e\u6539\u5584\u3092\u4e3b\u306a\u76ee\u7684\u3068\u3057\u3066\u4f7f\u7528\u3055\u308c\u307e\u3059\u3002<\/p>\n\n\n\n<p>\u30e6\u30fc\u30b6\u30fc\u304c\u554f\u984c\u3092\u5831\u544a\u3057\u305f\u308a\u3001\u8cea\u554f\u3057\u305f\u308a\u3001\u30b5\u30dd\u30fc\u30c8\u3092\u53d7\u3051\u308b\u305f\u3081\u306b\u5f53\u793e\u306b\u9023\u7d61\u3057\u305f\u5834\u5408\u3001\u5f53\u793e\u306f\u30e6\u30fc\u30b6\u30fc\u306e\u9023\u7d61\u5148\u60c5\u5831\u3001\u304a\u3088\u3073\u554f\u984c\u3084\u8cea\u554f\u3092\u8abf\u67fb\u3059\u308b\u305f\u3081\u306b\u5fc5\u8981\u306a\u305d\u308c\u305e\u308c\u306e\u30e1\u30c3\u30bb\u30fc\u30b8\u3084\u305d\u306e\u4ed6\u306e\u30c7\u30fc\u30bf\u3092\u53ce\u96c6\u3057\u3066\u4fdd\u5b58\u3057\u307e\u3059\u3002\u3053\u306e\u30c7\u30fc\u30bf\u306f\u3001\u53ce\u96c6\u3055\u308c\u305f\u60c5\u5831\u306b\u57fa\u3065\u3044\u3066\u8cea\u554f\u3092\u89e3\u6c7a\u3057\u3001\u7591\u554f\u70b9\u3092\u660e\u78ba\u306b\u3057\u3001\u554f\u984c\u3092\u4fee\u6b63\u3057\u3001\u30b7\u30b9\u30c6\u30e0\u3092\u6539\u5584\u3057\u3066\u3001HowBees \u5185\u3067\u306e\u30e6\u30fc\u30b6\u30fc \u30a8\u30af\u30b9\u30da\u30ea\u30a8\u30f3\u30b9\u3092\u3055\u3089\u306b\u5411\u4e0a\u3055\u305b\u308b\u305f\u3081\u306b\u4f7f\u7528\u3055\u308c\u307e\u3059\u3002<\/p>\n\n\n\n<h2 class=\"wp-block-heading\">\u30c7\u30fc\u30bf\u5171\u6709\u306b\u3064\u3044\u3066<\/h2>\n\n\n\n<p>HowBees \u306f\u30e6\u30fc\u30b6\u30fc\u306e\u60c5\u5831\u3084\u500b\u4eba\u30c7\u30fc\u30bf\u3092\u8ca9\u58f2\u3059\u308b\u3053\u3068\u306f\u3042\u308a\u307e\u305b\u3093\u304c\u3001\u30d7\u30ed\u30d5\u30a3\u30fc\u30eb\u3084\u30cb\u30fc\u30ba\u306b\u6700\u9069\u306a\u88fd\u54c1\u3084\u30b5\u30fc\u30d3\u30b9\u3092\u7d39\u4ecb\u3057\u305f\u308a\u3001\u30e6\u30fc\u30b6\u30fc\u81ea\u8eab\u304c\u8981\u6c42\u3057\u305f\u88fd\u54c1\u3084\u30b5\u30fc\u30d3\u30b9\u3092\u63d0\u4f9b\u3057\u305f\u308a\u3059\u308b\u305f\u3081\u306b\u3001\u30d1\u30fc\u30c8\u30ca\u30fc\u4f01\u696d\u3068\u60c5\u5831\u3092\u5171\u6709\u3059\u308b\u5834\u5408\u304c\u3042\u308a\u307e\u3059\u3002<\/p>\n\n\n\n<p>HowBees \u306f\u3001\u53f8\u6cd5\u5f53\u5c40\u307e\u305f\u306f\u653f\u5e9c\u6a5f\u95a2\u3092\u652f\u63f4\u307e\u305f\u306f\u5354\u529b\u3059\u308b\u6a29\u5229\u3092\u7559\u4fdd\u3057\u3001\u4ee5\u4e0b\u306e\u76ee\u7684\u3067\u30e6\u30fc\u30b6\u30fc\u306e\u500b\u4eba\u8b58\u5225\u30c7\u30fc\u30bf\u3092\u5171\u6709\u3059\u308b\u3053\u3068\u304c\u3042\u308a\u307e\u3059: a) \u6cd5\u7684\u6a29\u5229\u3092\u78ba\u7acb\u307e\u305f\u306f\u884c\u4f7f\u3059\u308b\u305f\u3081; b) \u81ea\u3089\u306e\u8ca1\u7523\u3092\u4fdd\u8b77\u3059\u308b\u3053\u3068c) \u30e6\u30fc\u30b6\u30fc\u3001\u5354\u529b\u8005\u3001\u7ba1\u7406\u8005\u3001\u307e\u305f\u306f\u4f5c\u70ba\u307e\u305f\u306f\u4e0d\u4f5c\u70ba\u306b\u3088\u3063\u3066\u88ab\u5bb3\u3092\u53d7\u3051\u305f\u4eba\u7269\u3092\u4fdd\u8b77\u3059\u308b\u305f\u3081\u306b\u652f\u63f4\u307e\u305f\u306f\u5354\u529b\u304c\u5fc5\u8981\u3067\u3042\u308b\u3068\u5224\u65ad\u3057\u305f\u5834\u5408\u3002<\/p>\n\n\n\n<h2 class=\"wp-block-heading\">\u751f\u30c7\u30fc\u30bf\u3068\u672a\u53ce\u96c6\u30c7\u30fc\u30bf\u306b\u3064\u3044\u3066<\/h2>\n\n\n\n<p>HowBees \u306f\u3001\u89aa\u307e\u305f\u306f\u6cd5\u5b9a\u5f8c\u898b\u4eba\u306e\u4e8b\u524d\u306e\u8a31\u53ef\u306a\u3057\u306b\u300113 \u6b73\u672a\u6e80\u306e\u5b50\u4f9b\u306e\u500b\u4eba\u30c7\u30fc\u30bf\u3092\u51e6\u7406\u3057\u307e\u305b\u3093\u3002<\/p>\n\n\n\n<p>13 \u6b73\u672a\u6e80\u306e\u5b50\u4f9b\u306e\u500b\u4eba\u30c7\u30fc\u30bf\u304c\u3001\u89aa\u307e\u305f\u306f\u6cd5\u5b9a\u5f8c\u898b\u4eba\u306e\u660e\u793a\u7684\u306a\u8a31\u53ef\u306a\u3057\u306b\u610f\u56f3\u305b\u305a\u306b\u53ce\u96c6\u3055\u308c\u3001\u51e6\u7406\u3055\u308c\u305f\u5834\u5408\u3001HowBees \u306f\u4e8b\u524d\u306e\u901a\u77e5\u306a\u3057\u306b\u53ce\u96c6\u3055\u308c\u305f\u3059\u3079\u3066\u306e\u30c7\u30fc\u30bf\u3092\u524a\u9664\u3057\u307e\u3059\u3002<\/p>\n\n\n\n<p>\u5f53\u793e\u304c\u8aa4\u3063\u3066\u5150\u7ae5\u306e\u30c7\u30fc\u30bf\u3092\u51e6\u7406\u3057\u305f\u3053\u3068\u306b\u30e6\u30fc\u30b6\u30fc\u304c\u6c17\u4ed8\u3044\u305f\u5834\u5408\u306f\u3001\u76f4\u3061\u306b\u5f53\u793e\u306e\u96fb\u5b50\u30e1\u30fc\u30eb\u30a2\u30c9\u30ec\u30b9\u307e\u3067\u3054\u9023\u7d61\u304f\u3060\u3055\u3044\u3002 <a href=\"mailto:contato@HowBees.com\">contato@howbees.com<\/a>\u5fc5\u8981\u306a\u63aa\u7f6e\u3092\u8b1b\u3058\u308b\u3053\u3068\u304c\u3067\u304d\u308b\u3088\u3046\u306b\u3044\u305f\u3057\u307e\u3059\u3002<\/p>","protected":false},"excerpt":{"rendered":"<p>Todas as informa\u00e7\u00f5es recolhidas ser\u00e3o utilizadas para melhorar sua experi\u00eancia dentro do nosso site. As informa\u00e7\u00f5es recolhidas podem incluir o seu nome, email, n\u00famero de telefone e\/ou outros. O uso do HowBees pressup\u00f5e a aceita\u00e7\u00e3o deste Acordo de Privacidade. Caso o usu\u00e1rio n\u00e3o concorde, ainda que em parte, com os termos e condi\u00e7\u00f5es contidos nesta Pol\u00edtica de Privacidade, n\u00e3o dever\u00e1 acessar e\/ou utilizar os conte\u00fados oferecidos pelo HowBees. Ao utilizar o site, o Usu\u00e1rio assume ci\u00eancia e concorda integralmente com o tratamento de seus dados, em acordo com os termos desta Pol\u00edtica de Privacidade e com os Termos e Condi\u00e7\u00f5es Gerais de Uso. Reservamos o direito de modificar essa pol\u00edtica [&hellip;]<\/p>\n","protected":false},"author":1,"featured_media":0,"parent":0,"menu_order":0,"comment_status":"closed","ping_status":"closed","template":"","meta":{"footnotes":""},"class_list":["post-198","page","type-page","status-publish"],"_links":{"self":[{"href":"https:\/\/howbees.com\/ja\/wp-json\/wp\/v2\/pages\/198","targetHints":{"allow":["GET"]}}],"collection":[{"href":"https:\/\/howbees.com\/ja\/wp-json\/wp\/v2\/pages"}],"about":[{"href":"https:\/\/howbees.com\/ja\/wp-json\/wp\/v2\/types\/page"}],"author":[{"embeddable":true,"href":"https:\/\/howbees.com\/ja\/wp-json\/wp\/v2\/users\/1"}],"replies":[{"embeddable":true,"href":"https:\/\/howbees.com\/ja\/wp-json\/wp\/v2\/comments?post=198"}],"version-history":[{"count":2,"href":"https:\/\/howbees.com\/ja\/wp-json\/wp\/v2\/pages\/198\/revisions"}],"predecessor-version":[{"id":200,"href":"https:\/\/howbees.com\/ja\/wp-json\/wp\/v2\/pages\/198\/revisions\/200"}],"wp:attachment":[{"href":"https:\/\/howbees.com\/ja\/wp-json\/wp\/v2\/media?parent=198"}],"curies":[{"name":"wp","href":"https:\/\/api.w.org\/{rel}","templated":true}]}}