{"id":198,"date":"2024-04-07T23:58:34","date_gmt":"2024-04-07T23:58:34","guid":{"rendered":"https:\/\/howbees.com\/?page_id=198"},"modified":"2024-04-07T23:58:51","modified_gmt":"2024-04-07T23:58:51","slug":"privatumo-politika","status":"publish","type":"page","link":"https:\/\/howbees.com\/lt\/politica-de-privacidade\/","title":{"rendered":"Privatumo politika"},"content":{"rendered":"<p>Visa surinkta informacija bus naudojama siekiant pagerinti j\u016bs\u0173 patirt\u012f m\u016bs\u0173 svetain\u0117je. Surinkta informacija gali apimti j\u016bs\u0173 vard\u0105, pavard\u0119, el. pa\u0161to adres\u0105, telefono numer\u012f ir (arba) kitus.<\/p>\n\n\n\n<p>\u201eHowBees\u201c naudojimas rei\u0161kia, kad sutinkate su \u0161ia privatumo sutartimi. Jei vartotojas net i\u0161 dalies nesutinka su \u0161ioje privatumo politikoje esan\u010diomis s\u0105lygomis, jis netur\u0117t\u0173 pasiekti ir (arba) naudoti HowBees si\u016blomo turinio. Vartotojas, naudodamasis svetaine, pripa\u017e\u012fsta ir visi\u0161kai sutinka su jo duomen\u0173 tvarkymu, vadovaudamasis \u0161ios Privatumo politikos ir Bendr\u0173j\u0173 naudojimo s\u0105lyg\u0173 s\u0105lygomis.<\/p>\n\n\n\n<p>Pasiliekame teis\u0119 bet kada keisti \u0161i\u0105 privatumo politik\u0105 be Vartotoj\u0173 sutikimo ar \u012fsp\u0117jimo, tod\u0117l pra\u0161ome j\u0105 da\u017enai per\u017ei\u016br\u0117ti. Pakeitimai ir patikslinimai \u012fsigalios i\u0161 karto po j\u0173 paskelbimo svetain\u0117je. Jei atliksime esminius \u0161ios politikos pakeitimus, prane\u0161ime jums \u010dia, kad jie buvo atnaujinti, kad \u017einotum\u0117te, koki\u0105 informacij\u0105 renkame, kaip j\u0105 naudojame ir kokiomis aplinkyb\u0117mis, jei toki\u0173 yra, naudojame ir (arba) atskleid\u017eiame. tai.<\/p>\n\n\n\n<p>HowBees gerbia savo vartotoj\u0173 privatum\u0105 ir duomen\u0173 naudojimo skaidrum\u0105. M\u016bs\u0173 privatumo politika buvo parengta pagal tarptautinius ir nacionalinius duomen\u0173 apsaugos standartus.<\/p>\n\n\n\n<p>\u0160i\u0105 privatumo politik\u0105 reikia skaityti ir ai\u0161kinti kartu su \u201eHowBees\u201c bendrosiomis naudojimo s\u0105lygomis ir s\u0105lygomis, kurias rasite adresu <a href=\"https:\/\/howbees.com\/lt\/naudojimo-salygos\/\">https:\/\/howbees.com\/termos-de-uso\/<\/a><\/p>\n\n\n\n<h2 class=\"wp-block-heading\">Bendra informacija vartotojams<\/h2>\n\n\n\n<p>HowBees siekia dalytis informacija su savo vartotojais, kad \u017einios b\u016bt\u0173 prieinamos visiems. Vartotojas gali nar\u0161yti HowBees svetain\u0117je i\u0161 anksto neprisiregistrav\u0119s.<\/p>\n\n\n\n<p>\u201eHowBees\u201c laikosi tarptautini\u0173 saugumo norm\u0173 ir standart\u0173 duomen\u0173 saugojimo, apsaugos, privatumo ir perdavimo srityse, pabr\u0117\u017edama, kad joks duomen\u0173 saugojimo, apsaugos, privatumo ir perdavimo b\u016bdas n\u0117ra 100% saugus ir nelie\u010diamas.<\/p>\n\n\n\n<p>\u201eHowBees\u201c taiko praktik\u0105 ir technologijas, kurios yra nuolat per\u017ei\u016brimos ir tobulinamos, atsi\u017evelgiant \u012f nacionalinius ir u\u017esienio techninius ir reguliavimo pa\u017eangas. Kai kalbame apie apsaug\u0105, turime omenyje bet koki\u0105 neteis\u0117t\u0105 prieig\u0105 prie j\u016bs\u0173 duomen\u0173, j\u0173 naudojim\u0105, pakeitim\u0105, atskleidim\u0105 ar sunaikinim\u0105. Kad taip nenutikt\u0173, investuojame \u012f priemones, apiman\u010dias u\u017e\u0161ifruot\u0105 ry\u0161\u012f, prieigos kontrol\u0119, saugaus programin\u0117s \u012frangos k\u016brimo, vidin\u0117s atitikties politikos ir atskaitomyb\u0117s bei rizikos ma\u017einimo priemones, u\u017etikrinan\u010dias saugum\u0105 duomen\u0173 gyvavimo cikle. Vartotojo informacija taip pat saugoma saugiose, \u017einomose ir tarptautiniu mastu pripa\u017eintose duomen\u0173 baz\u0117se.<\/p>\n\n\n\n<p>HowBees jokiomis aplinkyb\u0117mis nepra\u0161o pinig\u0173 sum\u0173, kad i\u0161leist\u0173 bet kokio tipo produkt\u0105, kad ir koks jis b\u016bt\u0173. Jei taip atsitiks, nedelsdami prane\u0161kite mums.<\/p>\n\n\n\n<p>Mes stengiam\u0117s, kad visa informacija b\u016bt\u0173 kuo atnaujinta. Ta\u010diau verta atkreipti d\u0117mes\u012f \u012f tai, kad \u0161i informacija gali skirtis nuo informacijos, randamos konkre\u010dios svetain\u0117s \u012fstaig\u0173 ar paslaug\u0173 teik\u0117j\u0173 tinklalapiuose. Negarantuojame informacijos tikslumo ar savalaiki\u0161kumo. Visada nepamir\u0161kite perskaityti pasirinkt\u0173 \u012fstaig\u0173 naudojimo s\u0105lyg\u0173 ir s\u0105lyg\u0173. Nedidel\u0119 sum\u0105 gauname i\u0161 reklamos m\u016bs\u0173 svetain\u0117je ir i\u0161 partneri\u0173, kai nukreipiame vartotoj\u0105, kuris pra\u0161o produkto ar pasi\u016blymo. Viskas, k\u0105 skelbiame, yra pagr\u012fsta kiekybiniais ir kokybiniais kiekvieno produkto vertinimais. Verta pamin\u0117ti, kad m\u016bs\u0173 partneriai gali tiesiogiai paveikti produktus, apie kuriuos ra\u0161ome ir ap\u017evelgiame, taip pat \u201egeriausi\u0173\u201c straipsni\u0173 tvark\u0105 ir produkt\u0173 rodym\u0105 \u201eHowBees\u201c. Atsi\u017evelgiant \u012f informacijos kiek\u012f m\u016bs\u0173 svetain\u0117je, mes nesuteikiame jokios garantijos d\u0117l informacijos kokyb\u0117s ir aktualumo; Tod\u0117l pirmenyb\u0119 teikiame informacijai i\u0161 m\u016bs\u0173 partneri\u0173.<\/p>\n\n\n\n<p>Siekdami apsaugoti j\u016bs\u0173 asmenin\u0119 informacij\u0105, imam\u0117s pagr\u012fst\u0173 atsargumo priemoni\u0173 ir laikom\u0117s geriausios pramon\u0117s praktikos, siekdami u\u017etikrinti, kad ji neb\u016bt\u0173 netinkamai prarasta, netinkamai naudojama, prieiga, atskleista, pakeista ar sunaikinta.<\/p>\n\n\n\n<h2 class=\"wp-block-heading\">Nuorodos \u012f tre\u010di\u0173j\u0173 \u0161ali\u0173 svetaines<\/h2>\n\n\n\n<p>HowBees turi nuorodas \u012f kitas svetaines, kuriose, m\u016bs\u0173 nuomone, gali b\u016bti m\u016bs\u0173 lankytojams naudingos informacijos\/\u012franki\u0173. M\u016bs\u0173 privatumo politika netaikoma tre\u010di\u0173j\u0173 \u0161ali\u0173 svetain\u0117ms. Mes nesame atsakingi u\u017e privatumo politik\u0105 ar turin\u012f tose pa\u010diose svetain\u0117se. \u201eHowBees\u201c j\u0173 nekontroliuoja, tod\u0117l yra atleid\u017eiama nuo bet kokios atsakomyb\u0117s u\u017e santykius tarp Vartotojo ir svetain\u0117je reklamuojam\u0173 tre\u010di\u0173j\u0173 \u0161ali\u0173 produkt\u0173 ir paslaug\u0173.<\/p>\n\n\n\n<p>Kai i\u0161einate i\u0161 m\u016bs\u0173 svetain\u0117s arba esate nukreipti \u012f tre\u010diosios \u0161alies svetain\u0119 ar program\u0105, jums nebegalioja \u0161i privatumo politika ar m\u016bs\u0173 svetain\u0117s paslaug\u0173 teikimo s\u0105lygos.<\/p>\n\n\n\n<p>Jei pasirink\u0119 persigalvosite, galite bet kada at\u0161aukti sutikim\u0105, kad mes su jumis susisiektume d\u0117l tolesnio j\u016bs\u0173 informacijos rinkimo, naudojimo ar atskleidimo, susisiek\u0119 su mumis el. <a href=\"mailto:contato@HowBees.com\">contato@HowBees.com<\/a>.<\/p>\n\n\n\n<h2 class=\"wp-block-heading\">Neasmeniniai duomenys<\/h2>\n\n\n\n<p>Kai vartotojai nepra\u0161o nemokamo turinio i\u0161 HowBees (el. knyg\u0173, viktorin\u0173, straipsni\u0173, infografik\u0173 ir kt.), gali b\u016bti sekami ir renkami neasmeniniai duomenys, nurodantys, be kita ko, kuriuose svetain\u0117s puslapiuose buvo lankytasi, kada jie buvo aplankyta, kurie hipersaitai buvo paspausti, koks turinys ar paslaugos buvo pra\u0161omos arba rekomenduojamos, be kita ko.<\/p>\n\n\n\n<h2 class=\"wp-block-heading\">Slapukai<\/h2>\n\n\n\n<p>\u201eGoogle\u201c, kaip tre\u010diosios \u0161alies pardav\u0117jas, skelbimams teikti naudoja slapukus. Naudodama DART slapuk\u0105, Google gali teikti skelbimus pagal j\u016bs\u0173 apsilankymus kitose interneto svetain\u0117se. Vartotojai gali i\u0161jungti DART slapuk\u0105 apsilank\u0119 Google skelbim\u0173 ir turinio tinklo privatumo politikoje.<\/p>\n\n\n\n<p>\u201eHowBees\u201c naudoja slapukus, kad pad\u0117t\u0173 rinkti duomenis ir IP (interneto protokolo) identifikavimo informacij\u0105, kad b\u016bt\u0173 lengviau nar\u0161yti vartotoj\u0105, o tai padeda u\u017etikrinti duomen\u0173 saugum\u0105, apsaug\u0105 ir autenti\u0161kum\u0105.<\/p>\n\n\n\n<p>Be to, savo svetain\u0117je taip pat naudojame tre\u010di\u0173j\u0173 \u0161ali\u0173 reklam\u0105 prie\u017ei\u016bros i\u0161laidoms padengti. Kai kurie i\u0161 \u0161i\u0173 reklamuotoj\u0173, kai reklamuojasi m\u016bs\u0173 svetain\u0117je, gali naudoti technologijas, pvz., slapukus, o tai reik\u0161, kad \u0161ie reklamuotojai (pvz., \u201eGoogle\u201c per \u201eGoogle AdSense\u201c ir \u201eAd Exchange\u201c) taip pat gaus j\u016bs\u0173 asmenin\u0119 informacij\u0105, pvz., j\u016bs\u0173 IP adres\u0105, j\u016bs\u0173 IPT, savo nar\u0161ykl\u0119 ir pan. \u0160i funkcija paprastai naudojama geografiniam taikymui (rodomi skelbimai, kurie yra prasmingi pagal j\u016bs\u0173 geografin\u0119 viet\u0105).<\/p>\n\n\n\n<p>Vartotojas gali bet kada pakeisti, ar priimti slapukus savo nar\u0161ykl\u0117s konfig\u016bracijoje, atkreipdamas d\u0117mes\u012f, kad i\u0161jungus nar\u0161ymo slapukus gali b\u016bti pa\u017eeistos kai kurios HowBees funkcijos.<\/p>\n\n\n\n<h2 class=\"wp-block-heading\">Asmen\u012f identifikuojantys duomenys<\/h2>\n\n\n\n<p>Nor\u0117dami pasiekti nemokam\u0105 HowBees turin\u012f, pvz., straipsnius, el. knygas, viktorinas ir kt., vartotojas turi pateikti kai kuriuos identifikuojamus asmeninius duomenis, b\u016btent: el. pa\u0161to adres\u0105 ir vard\u0105.<\/p>\n\n\n\n<p>HowBees tvarkom\u0173 asmen\u012f identifikuojan\u010di\u0173 duomen\u0173 tikslai yra \u0161ie:<\/p>\n\n\n\n<p>\u2013 Teisingas ir tikslus Vartotojo identifikavimas, taip u\u017etikrinant didesn\u012f saugum\u0105 ir apsaug\u0105 patiems Vartotojams;<\/p>\n\n\n\n<p>\u2013 Prieiga prie \u201eHowBees\u201c teikiam\u0173 paslaug\u0173 ir produkt\u0173;<\/p>\n\n\n\n<p>\u2013 \u201eHowBees\u201c naudotoj\u0173 profili\u0173 analiz\u0117, siekiant nurodyti geriausius produktus ir informacij\u0105 pagal j\u0173 tikrus poreikius ir realyb\u0119.<\/p>\n\n\n\n<p>Siekdama dar tikslesn\u0117s Vartotojo profilio analiz\u0117s, HowBees gali atlikti tyrimus, siekdama gauti daugiau ir geresn\u0117s informacijos apie Jus ir taip rekomenduoti individualizuotus produktus bei paslaugas pagal kiekvieno Vartotojo pageidavimus ir poreikius.<\/p>\n\n\n\n<p>Tokiu b\u016bdu \u201eHowBees\u201c ir partneri\u0173 \u012fmon\u0117s gal\u0117s pakviesti vartotojus dalyvauti pasitenkinimo apklausose, kur bus i\u0161si\u0173sti el. lai\u0161kai su reikiamomis gair\u0117mis. Surinkti duomenys bus naudojami siekiant pagrindinio \u201eHowBees\u201c ir partneri\u0173 \u012fmoni\u0173 sistem\u0173, produkt\u0173, turinio ir paslaug\u0173 patobulinim\u0173.<\/p>\n\n\n\n<p>Jei vartotojas susisiekia su mumis nor\u0117damas prane\u0161ti apie problem\u0105, klausim\u0105 arba gauti pagalbos, mes renkame ir saugome vartotojo kontaktin\u0119 informacij\u0105, taip pat atitinkamus prane\u0161imus ir kitus duomenis, reikalingus problemai ar klausimui i\u0161tirti. \u0160ie duomenys bus naudojami siekiant i\u0161spr\u0119sti visas u\u017eklausas, pagr\u012fstas surinkta informacija, i\u0161spr\u0119sti abejones, i\u0161taisyti problemas ir tobulinti sistem\u0105, toliau gerinant naudotojo patirt\u012f HowBees.<\/p>\n\n\n\n<h2 class=\"wp-block-heading\">Apie dalijim\u0105si duomenimis<\/h2>\n\n\n\n<p>HowBees neparduos savo Vartotoj\u0173 informacijos ar asmenini\u0173 duomen\u0173, bet gali jais dalytis su \u012fmon\u0117mis partner\u0117mis, kad gal\u0117t\u0173 nurodyti produktus ir paslaugas, kurie geriausiai atitinka j\u0173 profil\u012f ir poreikius arba teikti produktus ir (arba) paslaugas, kuri\u0173 pageidauja pats vartotojas. .<\/p>\n\n\n\n<p>HowBees pasilieka teis\u0119 pad\u0117ti arba bendradarbiauti su bet kokia teismine institucija ar vyriausybine institucija ir gali dalytis Naudotoj\u0173 asmen\u012f identifikuojan\u010diais duomenimis, siekdama: a) nustatyti ar \u012fgyvendinti savo teisines teises; b) saugoti j\u0173 turt\u0105; c) kai manote, kad j\u016bs\u0173 pagalba ar bendradarbiavimas yra b\u016btinas siekiant apsaugoti j\u016bs\u0173 vartotojus, bendradarbius, administratorius ar bet k\u0105, kas nukent\u0117jo d\u0117l veiksm\u0173 ar neveikimo.<\/p>\n\n\n\n<h2 class=\"wp-block-heading\">Apie neapdorotus ir nesurinktus duomenis<\/h2>\n\n\n\n<p>HowBees netvarko vaik\u0173 iki 13 (trylikos) met\u0173 asmens duomen\u0173 be i\u0161ankstinio j\u0173 t\u0117v\u0173 ar teis\u0117t\u0173 glob\u0117j\u0173 leidimo.<\/p>\n\n\n\n<p>Jei vaik\u0173 iki 13 (trylikos) met\u0173 asmens duomenys yra renkami ir tvarkomi be ai\u0161kaus j\u0173 t\u0117v\u0173 ar teis\u0117t\u0173 glob\u0117j\u0173 leidimo, \u201eHowBees\u201c i\u0161trins visus surinktus duomenis be jokio i\u0161ankstinio \u012fsp\u0117jimo.<\/p>\n\n\n\n<p>Jei Vartotojas su\u017eino, kad per klaid\u0105 apdorojome vaiko duomenis, pra\u0161ome nedelsiant susisiekti su mumis el. <a href=\"mailto:contato@HowBees.com\">contato@howbees.com<\/a>, kad gal\u0117tume imtis reikiam\u0173 priemoni\u0173.<\/p>","protected":false},"excerpt":{"rendered":"<p>Todas as informa\u00e7\u00f5es recolhidas ser\u00e3o utilizadas para melhorar sua experi\u00eancia dentro do nosso site. As informa\u00e7\u00f5es recolhidas podem incluir o seu nome, email, n\u00famero de telefone e\/ou outros. O uso do HowBees pressup\u00f5e a aceita\u00e7\u00e3o deste Acordo de Privacidade. Caso o usu\u00e1rio n\u00e3o concorde, ainda que em parte, com os termos e condi\u00e7\u00f5es contidos nesta [&hellip;]<\/p>\n","protected":false},"author":1,"featured_media":0,"parent":0,"menu_order":0,"comment_status":"closed","ping_status":"closed","template":"","meta":{"footnotes":""},"class_list":["post-198","page","type-page","status-publish"],"_links":{"self":[{"href":"https:\/\/howbees.com\/lt\/wp-json\/wp\/v2\/pages\/198","targetHints":{"allow":["GET"]}}],"collection":[{"href":"https:\/\/howbees.com\/lt\/wp-json\/wp\/v2\/pages"}],"about":[{"href":"https:\/\/howbees.com\/lt\/wp-json\/wp\/v2\/types\/page"}],"author":[{"embeddable":true,"href":"https:\/\/howbees.com\/lt\/wp-json\/wp\/v2\/users\/1"}],"replies":[{"embeddable":true,"href":"https:\/\/howbees.com\/lt\/wp-json\/wp\/v2\/comments?post=198"}],"version-history":[{"count":2,"href":"https:\/\/howbees.com\/lt\/wp-json\/wp\/v2\/pages\/198\/revisions"}],"predecessor-version":[{"id":200,"href":"https:\/\/howbees.com\/lt\/wp-json\/wp\/v2\/pages\/198\/revisions\/200"}],"wp:attachment":[{"href":"https:\/\/howbees.com\/lt\/wp-json\/wp\/v2\/media?parent=198"}],"curies":[{"name":"wp","href":"https:\/\/api.w.org\/{rel}","templated":true}]}}