{"id":196,"date":"2024-04-07T23:57:22","date_gmt":"2024-04-07T23:57:22","guid":{"rendered":"https:\/\/howbees.com\/?page_id=196"},"modified":"2024-04-07T23:57:22","modified_gmt":"2024-04-07T23:57:22","slug":"gebruiksvoorwaarden","status":"publish","type":"page","link":"https:\/\/howbees.com\/nl_nl\/termos-de-uso\/","title":{"rendered":"Gebruiksvoorwaarden"},"content":{"rendered":"<p>Door de HowBees-website te bezoeken, gaat u ermee akkoord gebonden te zijn aan deze servicevoorwaarden en alle toepasselijke wet- en regelgeving, en gaat u ermee akkoord dat u verantwoordelijk bent voor de naleving van alle toepasselijke lokale wetten. Als u niet akkoord gaat met een van deze voorwaarden, mag u deze site niet gebruiken of openen. De materialen op deze site zijn beschermd door toepasselijke auteursrecht- en handelsmerkwetten.<\/p>\n\n\n\n<h2 class=\"wp-block-heading\">Licentiegebruik<\/h2>\n\n\n\n<p>Er wordt toestemming verleend om tijdelijk slechts \u00e9\u00e9n exemplaar van het materiaal (informatie of software) op de website van HowBees te downloaden voor persoonlijk, niet-commercieel, tijdelijk bekijken. Dit is het verlenen van een licentie, geen eigendomsoverdracht, en onder deze licentie mag u niet:<\/p>\n\n\n\n<ul class=\"wp-block-list\">\n<li>de materialen wijzigen of kopi\u00ebren;<\/li>\n\n\n\n<li>de materialen gebruiken voor commerci\u00eble doeleinden of voor openbare vertoning (commercieel of niet-commercieel);<\/li>\n\n\n\n<li>proberen software op de website van HowBees te decompileren of reverse-engineeren;<\/li>\n\n\n\n<li>eventuele auteursrecht- of andere eigendomsaantekeningen uit de materialen verwijderen; of<\/li>\n\n\n\n<li>het materiaal overdragen aan een andere persoon of het materiaal &#039;spiegelen&#039; op een andere server. Deze licentie wordt automatisch be\u00ebindigd als u een van deze beperkingen schendt en kan op elk moment door HowBees worden be\u00ebindigd. Bij het be\u00ebindigen van het bekijken van dit materiaal of bij het be\u00ebindigen van deze licentie, moet u alle gedownloade materialen in uw bezit verwijderen, zowel in elektronische als in gedrukte vorm.<\/li>\n<\/ul>\n\n\n\n<h2 class=\"wp-block-heading\">Vrijwaring<\/h2>\n\n\n\n<p>De materialen op de website van HowBees worden geleverd &#039;as is&#039;. HowBees geeft geen garanties, expliciet of impliciet, en ontkent en ontkent hierbij alle andere garanties, inclusief maar niet beperkt tot impliciete garanties of voorwaarden van verkoopbaarheid, geschiktheid voor een bepaald doel, of niet-schending van intellectueel eigendom of andere schending van rechten.<\/p>\n\n\n\n<p>Verder geeft HowBees geen garantie of doet geen uitspraken met betrekking tot de nauwkeurigheid, waarschijnlijke resultaten of betrouwbaarheid van het gebruik van het materiaal op haar website of anderszins gerelateerd aan dergelijk materiaal of op sites die aan deze site zijn gekoppeld.<\/p>\n\n\n\n<h2 class=\"wp-block-heading\">Beperkingen<\/h2>\n\n\n\n<p>In geen geval zal HowBees of haar leveranciers aansprakelijk zijn voor enige schade (inclusief, maar niet beperkt tot, schade door verlies van gegevens of winst, of als gevolg van bedrijfsonderbreking) die voortvloeit uit het gebruik of de onmogelijkheid om het materiaal op de website van HowBees te gebruiken, zelfs als HowBees of een door HowBees geautoriseerde vertegenwoordiger mondeling of schriftelijk op de hoogte is gesteld van de mogelijkheid van dergelijke schade. Omdat in sommige rechtsgebieden geen beperkingen op impliciete garanties of aansprakelijkheidsbeperkingen voor gevolgschade of incidentele schade zijn toegestaan, zijn deze beperkingen mogelijk niet op u van toepassing.<\/p>\n\n\n\n<h2 class=\"wp-block-heading\">Precisie van materialen<\/h2>\n\n\n\n<p>De materialen die op de website van HowBees verschijnen, kunnen technische, typografische of fotografische fouten bevatten. HowBees garandeert niet dat de materialen op haar website accuraat, volledig of actueel zijn. HowBees kan op elk moment zonder voorafgaande kennisgeving wijzigingen aanbrengen in de materialen op haar website. HowBees doet echter geen enkele belofte om de materialen bij te werken.<\/p>\n\n\n\n<h2 class=\"wp-block-heading\">Koppelingen<\/h2>\n\n\n\n<p>HowBees heeft niet alle sites beoordeeld die aan haar website zijn gekoppeld en is niet verantwoordelijk voor de inhoud van enige gekoppelde site. Het opnemen van een link impliceert geen goedkeuring door HowBees van de site. Het gebruik van een gelinkte site is op eigen risico van de gebruiker.<\/p>\n\n\n\n<h2 class=\"wp-block-heading\">Wijzigingen<\/h2>\n\n\n\n<p>HowBees kan deze servicevoorwaarden voor haar website op elk moment zonder voorafgaande kennisgeving herzien. Door deze website te gebruiken, gaat u ermee akkoord gebonden te zijn aan de huidige versie van deze servicevoorwaarden.<\/p>\n\n\n\n<p>Toepasselijk recht Deze algemene voorwaarden worden beheerst door en ge\u00efnterpreteerd in overeenstemming met de wetten van HowBees en u onderwerpt zich onherroepelijk aan de exclusieve jurisdictie van de rechtbanken in die staat of locatie.<\/p>\n\n\n\n<h2 class=\"wp-block-heading\" id=\"lei-aplicavel\">Toepasselijk recht<\/h2>\n\n\n\n<p>Deze algemene voorwaarden worden beheerst door en ge\u00efnterpreteerd in overeenstemming met de wetten van HowBees en u onderwerpt zich onherroepelijk aan de exclusieve jurisdictie van de rechtbanken in die staat of locatie.<\/p>","protected":false},"excerpt":{"rendered":"<p>Ao acessar ao site HowBees, concorda em cumprir estes termos de servi\u00e7o, todas as leis e regulamentos aplic\u00e1veis e concorda que \u00e9 respons\u00e1vel pelo cumprimento de todas as leis locais aplic\u00e1veis. Se voc\u00ea n\u00e3o concordar com algum desses termos, est\u00e1 proibido de usar ou acessar este site. Os materiais contidos neste site s\u00e3o protegidos pelas [&hellip;]<\/p>\n","protected":false},"author":1,"featured_media":0,"parent":0,"menu_order":0,"comment_status":"closed","ping_status":"closed","template":"","meta":{"footnotes":""},"class_list":["post-196","page","type-page","status-publish"],"_links":{"self":[{"href":"https:\/\/howbees.com\/nl_nl\/wp-json\/wp\/v2\/pages\/196","targetHints":{"allow":["GET"]}}],"collection":[{"href":"https:\/\/howbees.com\/nl_nl\/wp-json\/wp\/v2\/pages"}],"about":[{"href":"https:\/\/howbees.com\/nl_nl\/wp-json\/wp\/v2\/types\/page"}],"author":[{"embeddable":true,"href":"https:\/\/howbees.com\/nl_nl\/wp-json\/wp\/v2\/users\/1"}],"replies":[{"embeddable":true,"href":"https:\/\/howbees.com\/nl_nl\/wp-json\/wp\/v2\/comments?post=196"}],"version-history":[{"count":1,"href":"https:\/\/howbees.com\/nl_nl\/wp-json\/wp\/v2\/pages\/196\/revisions"}],"predecessor-version":[{"id":197,"href":"https:\/\/howbees.com\/nl_nl\/wp-json\/wp\/v2\/pages\/196\/revisions\/197"}],"wp:attachment":[{"href":"https:\/\/howbees.com\/nl_nl\/wp-json\/wp\/v2\/media?parent=196"}],"curies":[{"name":"wp","href":"https:\/\/api.w.org\/{rel}","templated":true}]}}