{"id":198,"date":"2024-04-07T23:58:34","date_gmt":"2024-04-07T23:58:34","guid":{"rendered":"https:\/\/howbees.com\/?page_id=198"},"modified":"2024-04-07T23:58:51","modified_gmt":"2024-04-07T23:58:51","slug":"polityka-prywatnosci","status":"publish","type":"page","link":"https:\/\/howbees.com\/pl\/politica-de-privacidade\/","title":{"rendered":"Polityka prywatno\u015bci"},"content":{"rendered":"<p>Wszystkie zebrane informacje zostan\u0105 wykorzystane w celu poprawy komfortu korzystania z naszej witryny. Gromadzone informacje mog\u0105 obejmowa\u0107 Twoje imi\u0119 i nazwisko, adres e-mail, numer telefonu i\/lub inne informacje.<\/p>\n\n\n\n<p>Korzystanie z HowBees zak\u0142ada akceptacj\u0119 niniejszej Umowy o ochronie prywatno\u015bci. Je\u015bli u\u017cytkownik nie zgadza si\u0119, cho\u0107by w cz\u0119\u015bci, z warunkami zawartymi w niniejszej Polityce prywatno\u015bci, nie powinien uzyskiwa\u0107 dost\u0119pu i\/lub korzysta\u0107 z tre\u015bci oferowanych przez HowBees. Korzystaj\u0105c z serwisu, U\u017cytkownik przyjmuje do wiadomo\u015bci i w pe\u0142ni wyra\u017ca zgod\u0119 na przetwarzanie swoich danych, zgodnie z warunkami niniejszej Polityki Prywatno\u015bci oraz Og\u00f3lnych Warunk\u00f3w Korzystania.<\/p>\n\n\n\n<p>Zastrzegamy sobie prawo do modyfikacji niniejszej polityki prywatno\u015bci w dowolnym momencie, bez zgody i powiadomienia U\u017cytkownik\u00f3w, dlatego prosimy o cz\u0119ste jej przegl\u0105danie. Zmiany i wyja\u015bnienia zaczn\u0105 obowi\u0105zywa\u0107 niezw\u0142ocznie po ich opublikowaniu na stronie internetowej. Je\u015bli wprowadzimy istotne zmiany w niniejszej polityce, powiadomimy Ci\u0119 tutaj, \u017ce zosta\u0142y one zaktualizowane, aby\u015b wiedzia\u0142, jakie informacje gromadzimy, w jaki spos\u00f3b je wykorzystujemy oraz w jakich okoliczno\u015bciach, je\u015bli w og\u00f3le, wykorzystujemy i\/lub ujawniamy To.<\/p>\n\n\n\n<p>HowBees szanuje prywatno\u015b\u0107 swoich u\u017cytkownik\u00f3w i przejrzysto\u015b\u0107 sposobu wykorzystania danych. Nasza Polityka Prywatno\u015bci zosta\u0142a przygotowana zgodnie z mi\u0119dzynarodowymi i krajowymi standardami ochrony danych.<\/p>\n\n\n\n<p>Niniejsz\u0105 Polityk\u0119 prywatno\u015bci nale\u017cy czyta\u0107 i interpretowa\u0107 w powi\u0105zaniu z Og\u00f3lnymi warunkami u\u017cytkowania HowBees, dost\u0119pnymi pod adresem <a href=\"https:\/\/howbees.com\/pl\/warunki-korzystania\/\">https:\/\/howbees.com\/termos-de-uso\/<\/a><\/p>\n\n\n\n<h2 class=\"wp-block-heading\">Og\u00f3lne informacje dla u\u017cytkownik\u00f3w<\/h2>\n\n\n\n<p>Celem HowBees jest dzielenie si\u0119 informacjami ze swoimi U\u017cytkownikami, dzi\u0119ki czemu wiedza staje si\u0119 dost\u0119pna dla ka\u017cdego. U\u017cytkownik mo\u017ce przegl\u0105da\u0107 witryn\u0119 HowBees bez konieczno\u015bci wcze\u015bniejszej rejestracji.<\/p>\n\n\n\n<p>HowBees przestrzega mi\u0119dzynarodowych norm i standard\u00f3w bezpiecze\u0144stwa w zakresie przechowywania, ochrony, prywatno\u015bci i przesy\u0142ania danych, podkre\u015blaj\u0105c, \u017ce \u017cadna metoda przechowywania, ochrony, prywatno\u015bci i przesy\u0142ania danych nie jest bezpieczna i nienaruszalna.<\/p>\n\n\n\n<p>HowBees przyjmuje praktyki i technologie, kt\u00f3re s\u0105 stale sprawdzane i ulepszane zgodnie z krajowym i zagranicznym post\u0119pem technicznym i regulacyjnym. Kiedy m\u00f3wimy o ochronie, mamy na my\u015bli ka\u017cdy nieuprawniony dost\u0119p, wykorzystanie, zmian\u0119, ujawnienie lub zniszczenie Twoich danych. Aby temu zapobiec, inwestujemy w \u015brodki obejmuj\u0105ce szyfrowan\u0105 komunikacj\u0119, kontrol\u0119 dost\u0119pu, przestrzeganie zasad bezpiecznego tworzenia oprogramowania, wewn\u0119trzne zasady zgodno\u015bci oraz \u015brodki w zakresie odpowiedzialno\u015bci i ograniczania ryzyka, kt\u00f3re zapewniaj\u0105 bezpiecze\u0144stwo w cyklu \u017cycia danych. Informacje o u\u017cytkownikach s\u0105 r\u00f3wnie\u017c przechowywane w bezpiecznych, renomowanych i uznawanych na ca\u0142ym \u015bwiecie bazach danych.<\/p>\n\n\n\n<p>Firma HowBees w \u017cadnym wypadku nie \u017c\u0105da kwot pieni\u0119\u017cnych za wypuszczenie jakiegokolwiek rodzaju produktu, jakikolwiek by on nie by\u0142. Je\u015bli tak si\u0119 stanie, daj nam zna\u0107 natychmiast.<\/p>\n\n\n\n<p>Pracujemy nad tym, aby wszystkie informacje by\u0142y jak najbardziej aktualne. Warto jednak zaznaczy\u0107, \u017ce informacje te mog\u0105 r\u00f3\u017cni\u0107 si\u0119 od informacji znajduj\u0105cych si\u0119 na stronach internetowych instytucji lub us\u0142ugodawc\u00f3w konkretnego serwisu. Nie gwarantujemy dok\u0142adno\u015bci ani aktualno\u015bci informacji. Zawsze pami\u0119taj o zapoznaniu si\u0119 z warunkami korzystania i regulaminami wybranych instytucji. Otrzymujemy niewielk\u0105 kwot\u0119 z reklam na naszej stronie internetowej oraz od naszych partner\u00f3w, gdy polecamy u\u017cytkownika, kt\u00f3ry prosi o produkt lub propozycj\u0119. Wszystko, co publikujemy, opiera si\u0119 na ocenach ilo\u015bciowych i jako\u015bciowych ka\u017cdego produktu. Warto zaznaczy\u0107, \u017ce nasi partnerzy mog\u0105 bezpo\u015brednio wp\u0142ywa\u0107 na to, o jakich produktach piszemy i recenzujemy, a tak\u017ce na kolejno\u015b\u0107 \u201enajlepszych\u201d artyku\u0142\u00f3w i lokowanie produkt\u00f3w w HowBees. Bior\u0105c pod uwag\u0119 ilo\u015b\u0107 informacji znajduj\u0105cych si\u0119 na naszej stronie internetowej, nie udzielamy \u017cadnej gwarancji dotycz\u0105cej jako\u015bci i aktualno\u015bci informacji; Dlatego priorytetowo traktujemy informacje od naszych partner\u00f3w.<\/p>\n\n\n\n<p>Aby chroni\u0107 Twoje dane osobowe, podejmujemy rozs\u0105dne \u015brodki ostro\u017cno\u015bci i post\u0119pujemy zgodnie z najlepszymi praktykami bran\u017cowymi, aby mie\u0107 pewno\u015b\u0107, \u017ce nie zostan\u0105 one niew\u0142a\u015bciwie utracone, niew\u0142a\u015bciwie wykorzystane, udost\u0119pnione, ujawnione, zmienione lub zniszczone.<\/p>\n\n\n\n<h2 class=\"wp-block-heading\">Linki do witryn stron trzecich<\/h2>\n\n\n\n<p>HowBees zawiera linki do innych stron internetowych, kt\u00f3re naszym zdaniem mog\u0105 zawiera\u0107 przydatne informacje\/narz\u0119dzia dla naszych go\u015bci. Nasza Polityka Prywatno\u015bci nie ma zastosowania do stron internetowych podmiot\u00f3w trzecich. Nie ponosimy odpowiedzialno\u015bci za polityk\u0119 prywatno\u015bci ani tre\u015bci znajduj\u0105ce si\u0119 na tych samych stronach. HowBees nie sprawuje nad nimi \u017cadnej kontroli, w zwi\u0105zku z czym jest zwolniony z jakiejkolwiek odpowiedzialno\u015bci w relacjach powsta\u0142ych pomi\u0119dzy U\u017cytkownikiem a produktami i us\u0142ugami stron trzecich reklamowanymi w serwisie.<\/p>\n\n\n\n<p>Po opuszczeniu naszej witryny lub przekierowaniu do witryny lub aplikacji strony trzeciej nie podlegaj\u0105 ju\u017c Pa\u0144stwo niniejszej Polityce prywatno\u015bci ani Warunkom \u015bwiadczenia us\u0142ug naszej witryny internetowej.<\/p>\n\n\n\n<p>Je\u015bli po wyra\u017ceniu zgody zmienisz zdanie, mo\u017cesz w dowolnym momencie wycofa\u0107 swoj\u0105 zgod\u0119 na kontaktowanie si\u0119 z Tob\u0105 w celu dalszego gromadzenia, wykorzystywania lub ujawniania Twoich danych, kontaktuj\u0105c si\u0119 z nami pod adresem <a href=\"mailto:contato@HowBees.com\">contato@HowBees.com<\/a>.<\/p>\n\n\n\n<h2 class=\"wp-block-heading\">Dane nieosobowe<\/h2>\n\n\n\n<p>Je\u017celi u\u017cytkownicy nie \u017c\u0105daj\u0105 od HowBees bezp\u0142atnych tre\u015bci (m.in. e-book\u00f3w, quiz\u00f3w, artyku\u0142\u00f3w, infografik), mog\u0105 by\u0107 \u015bledzone i gromadzone dane nieosobowe, wskazuj\u0105ce m.in., kt\u00f3re strony serwisu odwiedzili, kiedy je odwiedzili. odwiedzone, kt\u00f3re hiper\u0142\u0105cza zosta\u0142y klikni\u0119te, jakie tre\u015bci lub us\u0142ugi zosta\u0142y poproszone lub polecone, mi\u0119dzy innymi.<\/p>\n\n\n\n<h2 class=\"wp-block-heading\">Ciasteczka<\/h2>\n\n\n\n<p>Google, jako dostawca zewn\u0119trzny, wykorzystuje pliki cookie do wy\u015bwietlania reklam. Dzi\u0119ki plikowi cookie DART Google mo\u017ce wy\u015bwietla\u0107 reklamy na podstawie Twoich wizyt w innych witrynach internetowych. U\u017cytkownicy mog\u0105 wy\u0142\u0105czy\u0107 plik cookie DART, odwiedzaj\u0105c polityk\u0119 prywatno\u015bci reklam Google i sieci partnerskiej.<\/p>\n\n\n\n<p>HowBees wykorzystuje pliki cookie do zbierania danych i informacji identyfikacyjnych IP (protoko\u0142u internetowego), aby u\u0142atwi\u0107 nawigacj\u0119 U\u017cytkownika, pomagaj\u0105c zagwarantowa\u0107 bezpiecze\u0144stwo, ochron\u0119 i autentyczno\u015b\u0107 danych.<\/p>\n\n\n\n<p>Ponadto na naszej stronie internetowej korzystamy r\u00f3wnie\u017c z reklam podmiot\u00f3w zewn\u0119trznych, aby pokry\u0107 koszty utrzymania. Niekt\u00f3rzy z tych reklamodawc\u00f3w mog\u0105 u\u017cywa\u0107 technologii takich jak pliki cookie podczas reklamowania si\u0119 na naszej stronie internetowej, co oznacza, \u017ce ci reklamodawcy (tacy jak Google za po\u015brednictwem Google AdSense i Ad Exchange) b\u0119d\u0105 r\u00f3wnie\u017c otrzymywa\u0107 Twoje dane osobowe, takie jak Tw\u00f3j adres IP, Tw\u00f3j dostawca us\u0142ug internetowych, Twoja przegl\u0105darka itp. Ta funkcja jest zwykle u\u017cywana do kierowania geograficznego (wy\u015bwietlania reklam, kt\u00f3re maj\u0105 sens w zale\u017cno\u015bci od Twojej lokalizacji geograficznej).<\/p>\n\n\n\n<p>U\u017cytkownik mo\u017ce w ka\u017cdej chwili zmieni\u0107 w swojej przegl\u0105darce opcj\u0119 akceptowania plik\u00f3w cookies, pami\u0119taj\u0105c, \u017ce dezaktywacja plik\u00f3w cookies nawigacyjnych mo\u017ce spowodowa\u0107 pogorszenie niekt\u00f3rych funkcjonalno\u015bci HowBees.<\/p>\n\n\n\n<h2 class=\"wp-block-heading\">Dane osobowe<\/h2>\n\n\n\n<p>Aby uzyska\u0107 dost\u0119p do bezp\u0142atnych tre\u015bci w HowBees, takich jak mi\u0119dzy innymi artyku\u0142y, e-booki, quizy, u\u017cytkownik musi poda\u0107 pewne dane osobowe, kt\u00f3re umo\u017cliwiaj\u0105 jego identyfikacj\u0119, a mianowicie: adres e-mail i imi\u0119 i nazwisko.<\/p>\n\n\n\n<p>Cele danych osobowych przetwarzanych przez HowBees to:<\/p>\n\n\n\n<p>\u2013 Prawid\u0142owa i precyzyjna identyfikacja U\u017cytkownika, zapewniaj\u0105c tym samym wi\u0119ksze bezpiecze\u0144stwo i ochron\u0119 samym U\u017cytkownikom;<\/p>\n\n\n\n<p>\u2013 Dost\u0119p do us\u0142ug i produkt\u00f3w udost\u0119pnianych przez HowBees;<\/p>\n\n\n\n<p>\u2013 Analiza profili U\u017cytkownik\u00f3w przez HowBees w celu wskazania najlepszych produkt\u00f3w i informacji zgodnie z ich rzeczywistymi potrzebami i rzeczywisto\u015bci\u0105.<\/p>\n\n\n\n<p>Maj\u0105c na celu jeszcze dok\u0142adniejsz\u0105 analiz\u0119 profilu U\u017cytkownika, HowBees mo\u017ce przeprowadza\u0107 badania, aby pozyska\u0107 o Tobie wi\u0119cej i lepszych informacji, a tym samym rekomendowa\u0107 spersonalizowane produkty i us\u0142ugi, zgodnie z preferencjami i potrzebami ka\u017cdego U\u017cytkownika.<\/p>\n\n\n\n<p>W ten spos\u00f3b HowBees i firmy partnerskie b\u0119d\u0105 mog\u0142y zaprasza\u0107 U\u017cytkownik\u00f3w do udzia\u0142u w badaniach satysfakcji, do kt\u00f3rych wysy\u0142ane b\u0119d\u0105 e-maile z niezb\u0119dnymi wskaz\u00f3wkami. Zebrane dane b\u0119d\u0105 wykorzystywane g\u0142\u00f3wnie w celu poszukiwania ulepsze\u0144 system\u00f3w, produkt\u00f3w, tre\u015bci i us\u0142ug oferowanych przez HowBees i firmy partnerskie.<\/p>\n\n\n\n<p>Je\u015bli u\u017cytkownik kontaktuje si\u0119 z nami, aby zg\u0142osi\u0107 problem, zada\u0107 pytanie lub uzyska\u0107 pomoc, zbieramy i przechowujemy dane kontaktowe u\u017cytkownika, a tak\u017ce odpowiednie wiadomo\u015bci i inne dane niezb\u0119dne do zbadania problemu lub pytania. Dane te b\u0119d\u0105 wykorzystywane w celu rozwi\u0105zania wszelkich zapyta\u0144 na podstawie zebranych informacji, rozwiania w\u0105tpliwo\u015bci, usuni\u0119cia problem\u00f3w i udoskonalenia systemu, jeszcze bardziej poprawiaj\u0105c komfort U\u017cytkownika w HowBees.<\/p>\n\n\n\n<h2 class=\"wp-block-heading\">O udost\u0119pnianiu danych<\/h2>\n\n\n\n<p>HowBees nie b\u0119dzie sprzedawa\u0107 informacji ani danych osobowych swoich U\u017cytkownik\u00f3w, ale mo\u017ce je udost\u0119pnia\u0107 firmom partnerskim w celu wskazania produkt\u00f3w i us\u0142ug, kt\u00f3re najlepiej odpowiadaj\u0105 ich profilowi i potrzebom lub w celu dostarczenia produkt\u00f3w i\/lub us\u0142ug zam\u00f3wionych przez samego U\u017cytkownika .<\/p>\n\n\n\n<p>HowBees zastrzega sobie prawo do pomocy lub wsp\u00f3\u0142pracy z dowolnym organem s\u0105dowym lub organem rz\u0105dowym i mo\u017ce udost\u0119pnia\u0107 dane osobowe U\u017cytkownik\u00f3w w celu: a) ustalenia lub wykonywania swoich praw; b) chroni\u0107 swoje w\u0142a\u015bciwo\u015bci; c) gdy uznasz, \u017ce Twoja pomoc lub wsp\u00f3\u0142praca jest konieczna, aby chroni\u0107 Twoich U\u017cytkownik\u00f3w, wsp\u00f3\u0142pracownik\u00f3w, administrator\u00f3w lub kogokolwiek, kto dozna\u0142 szkody w wyniku dzia\u0142ania lub zaniechania.<\/p>\n\n\n\n<h2 class=\"wp-block-heading\">O nieprzetworzonych i niepobranych danych<\/h2>\n\n\n\n<p>HowBees nie przetwarza danych osobowych dzieci poni\u017cej 13 (trzynastu) lat, bez uprzedniej zgody ich rodzic\u00f3w lub opiekun\u00f3w prawnych.<\/p>\n\n\n\n<p>Je\u017celi dane osobowe dzieci poni\u017cej 13 (trzynastu) lat zostan\u0105 zebrane i przetworzone bez wyra\u017anej zgody ich rodzic\u00f3w lub opiekun\u00f3w prawnych, w spos\u00f3b niezamierzony, HowBees usunie wszystkie zebrane dane bez uprzedniego powiadomienia.<\/p>\n\n\n\n<p>Je\u017celi U\u017cytkownik dowie si\u0119, \u017ce b\u0142\u0119dnie przetwarzali\u015bmy dane dziecka, prosimy o niezw\u0142oczny kontakt mailowy <a href=\"mailto:contato@HowBees.com\">contato@howbees.com<\/a>, aby\u015bmy mogli podj\u0105\u0107 niezb\u0119dne \u015brodki.<\/p>","protected":false},"excerpt":{"rendered":"<p>Todas as informa\u00e7\u00f5es recolhidas ser\u00e3o utilizadas para melhorar sua experi\u00eancia dentro do nosso site. As informa\u00e7\u00f5es recolhidas podem incluir o seu nome, email, n\u00famero de telefone e\/ou outros. O uso do HowBees pressup\u00f5e a aceita\u00e7\u00e3o deste Acordo de Privacidade. Caso o usu\u00e1rio n\u00e3o concorde, ainda que em parte, com os termos e condi\u00e7\u00f5es contidos nesta [&hellip;]<\/p>\n","protected":false},"author":1,"featured_media":0,"parent":0,"menu_order":0,"comment_status":"closed","ping_status":"closed","template":"","meta":{"footnotes":""},"class_list":["post-198","page","type-page","status-publish"],"_links":{"self":[{"href":"https:\/\/howbees.com\/pl\/wp-json\/wp\/v2\/pages\/198","targetHints":{"allow":["GET"]}}],"collection":[{"href":"https:\/\/howbees.com\/pl\/wp-json\/wp\/v2\/pages"}],"about":[{"href":"https:\/\/howbees.com\/pl\/wp-json\/wp\/v2\/types\/page"}],"author":[{"embeddable":true,"href":"https:\/\/howbees.com\/pl\/wp-json\/wp\/v2\/users\/1"}],"replies":[{"embeddable":true,"href":"https:\/\/howbees.com\/pl\/wp-json\/wp\/v2\/comments?post=198"}],"version-history":[{"count":2,"href":"https:\/\/howbees.com\/pl\/wp-json\/wp\/v2\/pages\/198\/revisions"}],"predecessor-version":[{"id":200,"href":"https:\/\/howbees.com\/pl\/wp-json\/wp\/v2\/pages\/198\/revisions\/200"}],"wp:attachment":[{"href":"https:\/\/howbees.com\/pl\/wp-json\/wp\/v2\/media?parent=198"}],"curies":[{"name":"wp","href":"https:\/\/api.w.org\/{rel}","templated":true}]}}