{"id":196,"date":"2024-04-07T23:57:22","date_gmt":"2024-04-07T23:57:22","guid":{"rendered":"https:\/\/howbees.com\/?page_id=196"},"modified":"2024-04-07T23:57:22","modified_gmt":"2024-04-07T23:57:22","slug":"podmienky-pouzivania","status":"publish","type":"page","link":"https:\/\/howbees.com\/sk\/termos-de-uso\/","title":{"rendered":"Podmienky pou\u017e\u00edvania"},"content":{"rendered":"<p>Vstupom na webov\u00fa str\u00e1nku HowBees s\u00fahlas\u00edte s t\u00fdm, \u017ee budete viazan\u00ed t\u00fdmito podmienkami slu\u017eby, v\u0161etk\u00fdmi platn\u00fdmi z\u00e1konmi a nariadeniami a s\u00fahlas\u00edte s t\u00fdm, \u017ee ste zodpovedn\u00ed za dodr\u017eiavanie ak\u00fdchko\u013evek platn\u00fdch miestnych z\u00e1konov. Ak nes\u00fahlas\u00edte s niektorou z t\u00fdchto podmienok, m\u00e1te zak\u00e1zan\u00e9 pou\u017e\u00edva\u0165 t\u00fato str\u00e1nku alebo k nej pristupova\u0165. Materi\u00e1ly obsiahnut\u00e9 na tejto str\u00e1nke s\u00fa chr\u00e1nen\u00e9 platn\u00fdmi z\u00e1konmi o autorsk\u00fdch pr\u00e1vach a ochrann\u00fdch zn\u00e1mkach.<\/p>\n\n\n\n<h2 class=\"wp-block-heading\">Pou\u017eitie licencie<\/h2>\n\n\n\n<p>Je udelen\u00e9 povolenie na do\u010dasn\u00e9 stiahnutie jednej k\u00f3pie materi\u00e1lov (inform\u00e1ci\u00ed alebo softv\u00e9ru) na webovej str\u00e1nke HowBees len na osobn\u00e9, nekomer\u010dn\u00e9 prechodn\u00e9 prezeranie. Toto je udelenie licencie, nie prevod vlastn\u00edckeho pr\u00e1va, a na z\u00e1klade tejto licencie nesmiete:<\/p>\n\n\n\n<ul class=\"wp-block-list\">\n<li>upravova\u0165 alebo kop\u00edrova\u0165 materi\u00e1ly;<\/li>\n\n\n\n<li>pou\u017e\u00edva\u0165 materi\u00e1ly na ak\u00e9ko\u013evek komer\u010dn\u00e9 \u00fa\u010dely alebo na verejn\u00e9 vystavenie (komer\u010dn\u00e9 alebo nekomer\u010dn\u00e9);<\/li>\n\n\n\n<li>pok\u00fasi\u0165 sa dekompilova\u0165 alebo sp\u00e4tne analyzova\u0165 ak\u00fdko\u013evek softv\u00e9r obsiahnut\u00fd na webovej str\u00e1nke HowBees;<\/li>\n\n\n\n<li>odstr\u00e1ni\u0165 z materi\u00e1lov ak\u00e9ko\u013evek autorsk\u00e9 alebo in\u00e9 vlastn\u00edcke z\u00e1pisy; alebo<\/li>\n\n\n\n<li>prenies\u0165 materi\u00e1ly inej osobe alebo \u201ezrkadli\u0165\u201c materi\u00e1ly na akomko\u013evek inom serveri. T\u00e1to licencia bude automaticky ukon\u010den\u00e1, ak poru\u0161\u00edte ktor\u00e9ko\u013evek z t\u00fdchto obmedzen\u00ed a m\u00f4\u017ee by\u0165 kedyko\u013evek ukon\u010den\u00e1 spolo\u010dnos\u0165ou HowBees. Po ukon\u010den\u00ed prezerania t\u00fdchto materi\u00e1lov alebo po ukon\u010den\u00ed tejto licencie mus\u00edte vymaza\u0165 v\u0161etky stiahnut\u00e9 materi\u00e1ly, ktor\u00e9 vlastn\u00edte, \u010di u\u017e v elektronickej alebo tla\u010denej podobe.<\/li>\n<\/ul>\n\n\n\n<h2 class=\"wp-block-heading\">Vyl\u00fa\u010denie zodpovednosti<\/h2>\n\n\n\n<p>Materi\u00e1ly na webovej str\u00e1nke HowBees sa poskytuj\u00fa \u201etak, ako s\u00fa\u201c. HowBees neposkytuje \u017eiadne z\u00e1ruky, vyjadren\u00e9 alebo predpokladan\u00e9, a t\u00fdmto sa zrieka a neguje v\u0161etky ostatn\u00e9 z\u00e1ruky, vr\u00e1tane, bez obmedzenia, predpokladan\u00fdch z\u00e1ruk alebo podmienok predajnosti, vhodnosti na konkr\u00e9tny \u00fa\u010del alebo neporu\u0161ovania du\u0161evn\u00e9ho vlastn\u00edctva alebo in\u00e9ho poru\u0161enia pr\u00e1v.<\/p>\n\n\n\n<p>Spolo\u010dnos\u0165 HowBees \u010falej nezaru\u010duje ani neposkytuje \u017eiadne vyhl\u00e1senia t\u00fdkaj\u00face sa presnosti, pravdepodobn\u00fdch v\u00fdsledkov alebo spo\u013eahlivosti pou\u017eitia materi\u00e1lov na svojich webov\u00fdch str\u00e1nkach alebo inak s\u00favisiacich s tak\u00fdmito materi\u00e1lmi alebo na ak\u00fdchko\u013evek str\u00e1nkach prepojen\u00fdch s touto str\u00e1nkou.<\/p>\n\n\n\n<h2 class=\"wp-block-heading\">Obmedzenia<\/h2>\n\n\n\n<p>Spolo\u010dnos\u0165 HowBees ani jej dod\u00e1vatelia v \u017eiadnom pr\u00edpade nezodpovedaj\u00fa za \u017eiadne \u0161kody (vr\u00e1tane, bez obmedzenia, \u0161k\u00f4d za stratu \u00fadajov alebo zisku alebo v d\u00f4sledku preru\u0161enia podnikania) vypl\u00fdvaj\u00face z pou\u017e\u00edvania alebo nemo\u017enosti pou\u017ei\u0165 materi\u00e1ly na webovej str\u00e1nke HowBees, a to aj ak HowBees alebo autorizovan\u00fd z\u00e1stupca HowBees bol \u00fastne alebo p\u00edsomne upozornen\u00fd na mo\u017enos\u0165 vzniku tak\u00fdchto \u0161k\u00f4d. Preto\u017ee niektor\u00e9 jurisdikcie nepovo\u013euj\u00fa obmedzenia implicitn\u00fdch z\u00e1ruk alebo obmedzenia zodpovednosti za n\u00e1sledn\u00e9 alebo n\u00e1hodn\u00e9 \u0161kody, tieto obmedzenia sa na v\u00e1s nemusia vz\u0165ahova\u0165.<\/p>\n\n\n\n<h2 class=\"wp-block-heading\">Presnos\u0165 materi\u00e1lov<\/h2>\n\n\n\n<p>Materi\u00e1ly, ktor\u00e9 sa objavuj\u00fa na webovej str\u00e1nke HowBees, m\u00f4\u017eu obsahova\u0165 technick\u00e9, typografick\u00e9 alebo fotografick\u00e9 chyby. HowBees nezaru\u010duje, \u017ee ak\u00e9ko\u013evek materi\u00e1ly na jej webovej str\u00e1nke s\u00fa presn\u00e9, \u00fapln\u00e9 alebo aktu\u00e1lne. Spolo\u010dnos\u0165 HowBees m\u00f4\u017ee kedyko\u013evek bez upozornenia zmeni\u0165 materi\u00e1ly obsiahnut\u00e9 na svojich webov\u00fdch str\u00e1nkach. HowBees sa v\u0161ak nezav\u00e4zuje aktualizova\u0165 materi\u00e1ly.<\/p>\n\n\n\n<h2 class=\"wp-block-heading\">Odkazy<\/h2>\n\n\n\n<p>Spolo\u010dnos\u0165 HowBees neskontrolovala v\u0161etky str\u00e1nky prepojen\u00e9 s jej webovou str\u00e1nkou a nezodpoved\u00e1 za obsah \u017eiadnej prepojenej lokality. Zahrnutie ak\u00e9hoko\u013evek odkazu neznamen\u00e1, \u017ee spolo\u010dnos\u0165 HowBees podporuje str\u00e1nku. Pou\u017e\u00edvanie akejko\u013evek prepojenej str\u00e1nky je na vlastn\u00e9 riziko pou\u017e\u00edvate\u013ea.<\/p>\n\n\n\n<h2 class=\"wp-block-heading\">\u00dapravy<\/h2>\n\n\n\n<p>Spolo\u010dnos\u0165 HowBees m\u00f4\u017ee kedyko\u013evek bez upozornenia upravi\u0165 tieto zmluvn\u00e9 podmienky pre svoju webov\u00fa str\u00e1nku. Pou\u017e\u00edvan\u00edm tejto webovej str\u00e1nky s\u00fahlas\u00edte s t\u00fdm, \u017ee budete viazan\u00ed aktu\u00e1lnou verziou t\u00fdchto podmienok slu\u017eby.<\/p>\n\n\n\n<p>Rozhoduj\u00face pr\u00e1vo Tieto zmluvn\u00e9 podmienky sa riadia a vykladaj\u00fa v s\u00falade so z\u00e1konmi HowBees a vy sa neodvolate\u013ene podria\u010fujete v\u00fdlu\u010dnej jurisdikcii s\u00fadov v danom \u0161t\u00e1te alebo lokalite.<\/p>\n\n\n\n<h2 class=\"wp-block-heading\" id=\"lei-aplicavel\">Platn\u00e9 pr\u00e1vo<\/h2>\n\n\n\n<p>Tieto zmluvn\u00e9 podmienky sa riadia a vykladaj\u00fa v s\u00falade so z\u00e1konmi HowBees a vy sa neodvolate\u013ene podria\u010fujete v\u00fdlu\u010dnej jurisdikcii s\u00fadov v danom \u0161t\u00e1te alebo lokalite.<\/p>","protected":false},"excerpt":{"rendered":"<p>Ao acessar ao site HowBees, concorda em cumprir estes termos de servi\u00e7o, todas as leis e regulamentos aplic\u00e1veis e concorda que \u00e9 respons\u00e1vel pelo cumprimento de todas as leis locais aplic\u00e1veis. Se voc\u00ea n\u00e3o concordar com algum desses termos, est\u00e1 proibido de usar ou acessar este site. Os materiais contidos neste site s\u00e3o protegidos pelas [&hellip;]<\/p>\n","protected":false},"author":1,"featured_media":0,"parent":0,"menu_order":0,"comment_status":"closed","ping_status":"closed","template":"","meta":{"footnotes":""},"class_list":["post-196","page","type-page","status-publish"],"_links":{"self":[{"href":"https:\/\/howbees.com\/sk\/wp-json\/wp\/v2\/pages\/196","targetHints":{"allow":["GET"]}}],"collection":[{"href":"https:\/\/howbees.com\/sk\/wp-json\/wp\/v2\/pages"}],"about":[{"href":"https:\/\/howbees.com\/sk\/wp-json\/wp\/v2\/types\/page"}],"author":[{"embeddable":true,"href":"https:\/\/howbees.com\/sk\/wp-json\/wp\/v2\/users\/1"}],"replies":[{"embeddable":true,"href":"https:\/\/howbees.com\/sk\/wp-json\/wp\/v2\/comments?post=196"}],"version-history":[{"count":1,"href":"https:\/\/howbees.com\/sk\/wp-json\/wp\/v2\/pages\/196\/revisions"}],"predecessor-version":[{"id":197,"href":"https:\/\/howbees.com\/sk\/wp-json\/wp\/v2\/pages\/196\/revisions\/197"}],"wp:attachment":[{"href":"https:\/\/howbees.com\/sk\/wp-json\/wp\/v2\/media?parent=196"}],"curies":[{"name":"pracovn\u00fd list","href":"https:\/\/api.w.org\/{rel}","templated":true}]}}