{"id":196,"date":"2024-04-07T23:57:22","date_gmt":"2024-04-07T23:57:22","guid":{"rendered":"https:\/\/howbees.com\/?page_id=196"},"modified":"2024-04-07T23:57:22","modified_gmt":"2024-04-07T23:57:22","slug":"pogoji-uporabe","status":"publish","type":"page","link":"https:\/\/howbees.com\/sl\/termos-de-uso\/","title":{"rendered":"Pogoji uporabe"},"content":{"rendered":"<p>Z dostopom do spletnega mesta HowBees se strinjate, da vas zavezujejo ti pogoji storitve, vsi veljavni zakoni in predpisi ter se strinjate, da ste odgovorni za skladnost z vsemi veljavnimi lokalnimi zakoni. \u010ce se ne strinjate s katerim od teh pogojev, vam je prepovedana uporaba ali dostop do tega mesta. Gradivo na tem spletnem mestu je za\u0161\u010diteno z veljavno zakonodajo o avtorskih pravicah in blagovnih znamkah.<\/p>\n\n\n\n<h2 class=\"wp-block-heading\">Uporaba licence<\/h2>\n\n\n\n<p>Dovoljeno je za\u010dasno prenesti eno kopijo gradiva (informacij ali programske opreme) na spletno mesto HowBees samo za osebno, nekomercialno prehodno ogledovanje. To je podelitev licence, ne prenos lastni\u0161tva, in v skladu s to licenco ne smete:<\/p>\n\n\n\n<ul class=\"wp-block-list\">\n<li>spreminjati ali kopirati materiale;<\/li>\n\n\n\n<li>uporabljati materiale za kakr\u0161ne koli komercialne namene ali za javno prikazovanje (komercialno ali nekomercialno);<\/li>\n\n\n\n<li>poskus dekompilacije ali obratnega in\u017eeniringa katere koli programske opreme, ki je na spletnem mestu HowBees;<\/li>\n\n\n\n<li>odstraniti morebitne avtorske ali druge lastni\u0161ke oznake iz materialov; oz<\/li>\n\n\n\n<li>prenesti materiale na drugo osebo ali &#039;zrcaliti&#039; materiale na katerem koli drugem stre\u017eniku. Ta licenca samodejno preneha veljati, \u010de prekr\u0161ite katero koli od teh omejitev in jo lahko HowBees kadar koli prekine. Po prekinitvi ogledovanja teh gradiv ali po prekinitvi te licence morate izbrisati vsa prenesena gradiva, ki jih imate v elektronski ali tiskani obliki.<\/li>\n<\/ul>\n\n\n\n<h2 class=\"wp-block-heading\">Zavrnitev odgovornosti<\/h2>\n\n\n\n<p>Gradiva na spletni strani HowBees so na voljo &quot;tak\u0161na, kot so&quot;. HowBees ne daje nobenih jamstev, izrecnih ali implicitnih, in s tem zavra\u010da in zanika vsa druga jamstva, vklju\u010dno, brez omejitev, implicitnih jamstev ali pogojev primernosti za prodajo, primernosti za dolo\u010den namen ali nekr\u0161itve intelektualne lastnine ali druge kr\u0161itve pravic.<\/p>\n\n\n\n<p>Poleg tega HowBees ne jam\u010di ali daje nobenih izjav v zvezi s to\u010dnostjo, verjetnimi rezultati ali zanesljivostjo uporabe materialov na svojem spletnem mestu ali druga\u010de povezanih s tak\u0161nimi materiali ali na katerem koli spletnem mestu, povezanem s tem spletnim mestom.<\/p>\n\n\n\n<h2 class=\"wp-block-heading\">Omejitve<\/h2>\n\n\n\n<p>V nobenem primeru HowBees ali njegovi dobavitelji niso odgovorni za kakr\u0161no koli \u0161kodo (vklju\u010dno, brez omejitev, \u0161kodo zaradi izgube podatkov ali dobi\u010dka ali zaradi prekinitve poslovanja), ki bi nastala zaradi uporabe ali nezmo\u017enosti uporabe materialov na spletni strani HowBees, tudi \u010de je bil HowBees ali poobla\u0161\u010deni predstavnik HowBees ustno ali pisno obve\u0161\u010den o mo\u017enosti tovrstne \u0161kode. Ker nekatere jurisdikcije ne dovoljujejo omejitev implicitnih jamstev ali omejitev odgovornosti za posledi\u010dno ali naklju\u010dno \u0161kodo, te omejitve morda ne veljajo za vas.<\/p>\n\n\n\n<h2 class=\"wp-block-heading\">Natan\u010dnost materialov<\/h2>\n\n\n\n<p>Gradivo, ki se pojavlja na spletni strani HowBees, lahko vklju\u010duje tehni\u010dne, tipkarske ali fotografske napake. HowBees ne jam\u010di, da so materiali na njegovi spletni strani to\u010dni, popolni ali aktualni. HowBees lahko kadar koli brez predhodnega obvestila spremeni materiale na svoji spletni strani. Vendar se HowBees ne zavezuje, da bo posodabljal materiale.<\/p>\n\n\n\n<h2 class=\"wp-block-heading\">Povezave<\/h2>\n\n\n\n<p>HowBees ni pregledal vseh spletnih mest, povezanih z njegovo spletno stranjo, in ni odgovoren za vsebino katere koli povezane strani. Vklju\u010ditev katere koli povezave ne pomeni, da HowBees podpira spletno mesto. Uporaba katere koli povezane strani je na lastno odgovornost uporabnika.<\/p>\n\n\n\n<h2 class=\"wp-block-heading\">Spremembe<\/h2>\n\n\n\n<p>HowBees lahko kadar koli brez predhodnega obvestila spremeni te pogoje storitve za svoje spletno mesto. Z uporabo te spletne strani se strinjate, da vas zavezuje trenutna razli\u010dica teh pogojev storitve.<\/p>\n\n\n\n<p>Pristojno pravo Ta dolo\u010dila in pogoje urejajo in razlagajo v skladu z zakoni dru\u017ebe HowBees, vi pa se nepreklicno podrejate izklju\u010dni pristojnosti sodi\u0161\u010d v tej dr\u017eavi ali na tej lokaciji.<\/p>\n\n\n\n<h2 class=\"wp-block-heading\" id=\"lei-aplicavel\">Veljavno pravo<\/h2>\n\n\n\n<p>Ta dolo\u010dila in pogoji urejajo in razlagajo v skladu z zakoni dru\u017ebe HowBees, vi pa se nepreklicno podrejate izklju\u010dni pristojnosti sodi\u0161\u010d v tej dr\u017eavi ali na tej lokaciji.<\/p>","protected":false},"excerpt":{"rendered":"<p>Ao acessar ao site HowBees, concorda em cumprir estes termos de servi\u00e7o, todas as leis e regulamentos aplic\u00e1veis e concorda que \u00e9 respons\u00e1vel pelo cumprimento de todas as leis locais aplic\u00e1veis. Se voc\u00ea n\u00e3o concordar com algum desses termos, est\u00e1 proibido de usar ou acessar este site. Os materiais contidos neste site s\u00e3o protegidos pelas [&hellip;]<\/p>\n","protected":false},"author":1,"featured_media":0,"parent":0,"menu_order":0,"comment_status":"closed","ping_status":"closed","template":"","meta":{"footnotes":""},"class_list":["post-196","page","type-page","status-publish"],"_links":{"self":[{"href":"https:\/\/howbees.com\/sl\/wp-json\/wp\/v2\/pages\/196","targetHints":{"allow":["GET"]}}],"collection":[{"href":"https:\/\/howbees.com\/sl\/wp-json\/wp\/v2\/pages"}],"about":[{"href":"https:\/\/howbees.com\/sl\/wp-json\/wp\/v2\/types\/page"}],"author":[{"embeddable":true,"href":"https:\/\/howbees.com\/sl\/wp-json\/wp\/v2\/users\/1"}],"replies":[{"embeddable":true,"href":"https:\/\/howbees.com\/sl\/wp-json\/wp\/v2\/comments?post=196"}],"version-history":[{"count":1,"href":"https:\/\/howbees.com\/sl\/wp-json\/wp\/v2\/pages\/196\/revisions"}],"predecessor-version":[{"id":197,"href":"https:\/\/howbees.com\/sl\/wp-json\/wp\/v2\/pages\/196\/revisions\/197"}],"wp:attachment":[{"href":"https:\/\/howbees.com\/sl\/wp-json\/wp\/v2\/media?parent=196"}],"curies":[{"name":"delovni list","href":"https:\/\/api.w.org\/{rel}","templated":true}]}}