{"id":198,"date":"2024-04-07T23:58:34","date_gmt":"2024-04-07T23:58:34","guid":{"rendered":"https:\/\/howbees.com\/?page_id=198"},"modified":"2024-04-07T23:58:51","modified_gmt":"2024-04-07T23:58:51","slug":"politika-zasebnosti","status":"publish","type":"page","link":"https:\/\/howbees.com\/sl\/politica-de-privacidade\/","title":{"rendered":"Politika zasebnosti"},"content":{"rendered":"<p>Vse zbrane informacije bomo uporabili za izbolj\u0161anje va\u0161e izku\u0161nje na na\u0161i spletni strani. Zbrani podatki lahko vklju\u010dujejo va\u0161e ime, e-po\u0161to, telefonsko \u0161tevilko in\/ali druge podatke.<\/p>\n\n\n\n<p>Uporaba HowBees pomeni sprejemanje te pogodbe o zasebnosti. \u010ce se uporabnik ne strinja, niti delno, s pogoji in dolo\u010dili v tem pravilniku o zasebnosti, ne sme dostopati in\/ali uporabljati vsebine, ki jo ponuja HowBees. Uporabnik z uporabo spletnega mesta potrjuje in v celoti sogla\u0161a z obdelavo svojih podatkov, v skladu z dolo\u010dili tega pravilnika o zasebnosti in splo\u0161nih pogojev uporabe.<\/p>\n\n\n\n<p>Pridr\u017eujemo si pravico do spremembe tega pravilnika o zasebnosti kadar koli brez soglasja ali obvestila uporabnikov, zato ga redno pregledujte. Spremembe in pojasnila stopijo v veljavo takoj po objavi na spletni strani. \u010ce ta pravilnik bistveno spremenimo, vas bomo tukaj obvestili, da je bil posodobljen, tako da boste seznanjeni s tem, katere podatke zbiramo, kako jih uporabljamo in v kak\u0161nih okoli\u0161\u010dinah, \u010de obstajajo, jih uporabljamo in\/ali razkrivamo. to.<\/p>\n\n\n\n<p>HowBees spo\u0161tuje zasebnost svojih uporabnikov in preglednost v na\u010dinu uporabe podatkov. Na\u0161 pravilnik o zasebnosti je pripravljen v skladu z mednarodnimi in nacionalnimi standardi varstva podatkov.<\/p>\n\n\n\n<p>Ta pravilnik o zasebnosti je treba brati in razlagati v povezavi s splo\u0161nimi pogoji uporabe HowBees, ki so na voljo na <a href=\"https:\/\/howbees.com\/sl\/pogoji-uporabe\/\">https:\/\/howbees.com\/termos-de-uso\/<\/a><\/p>\n\n\n\n<h2 class=\"wp-block-heading\">Splo\u0161ne informacije za uporabnike<\/h2>\n\n\n\n<p>HowBees \u017eeli deliti informacije s svojimi uporabniki, tako da je znanje dostopno vsem. Uporabnik lahko brska po spletni strani HowBees, ne da bi se moral predhodno registrirati.<\/p>\n\n\n\n<p>HowBees sledi mednarodnim varnostnim standardom in normam pri shranjevanju, za\u0161\u010diti, zasebnosti in prenosu podatkov, pri \u010demer poudarja, da noben na\u010din shranjevanja, za\u0161\u010dite, zasebnosti in prenosa podatkov ni 100% varen in nedotakljiv.<\/p>\n\n\n\n<p>HowBees sprejema prakse in tehnologije, ki se nenehno pregledujejo in izbolj\u0161ujejo v skladu z nacionalnim in mednarodnim tehni\u010dnim in regulativnim napredkom. Ko govorimo o za\u0161\u010diti, mislimo na kakr\u0161en koli nepoobla\u0161\u010den dostop, uporabo, spreminjanje, razkritje ali uni\u010denje va\u0161ih podatkov. Da se to ne bi zgodilo, vlagamo v ukrepe, ki vklju\u010dujejo \u0161ifrirano komunikacijo, nadzor dostopa, upo\u0161tevanje varnega razvoja programske opreme, notranje politike skladnosti ter ukrepe za odgovornost in zmanj\u0161anje tveganja, ki omogo\u010dajo varnost v celotnem \u017eivljenjskem ciklu podatkov. Podatki o uporabnikih so shranjeni tudi v varnih, priznanih in mednarodno priznanih bazah podatkov.<\/p>\n\n\n\n<p>HowBees pod nobenim pogojem ne zahteva nobenega zneska denarja za izdajo katere koli vrste izdelka, kakr\u0161en koli \u017ee je. \u010ce se to zgodi, nas nemudoma obvestite.<\/p>\n\n\n\n<p>Trudimo se, da so vse informacije \u010dim bolj a\u017eurne. Vendar velja opozoriti, da se te informacije lahko razlikujejo od informacij na spletnih straneh institucij ali ponudnikov storitev na dolo\u010deni spletni strani. Ne jam\u010dimo za to\u010dnost in a\u017eurnost podatkov. Vedno ne pozabite prebrati pogojev ustanov, ki jih izberete. Od ogla\u0161evanja na na\u0161i spletni strani in od na\u0161ih partnerjev prejmemo majhen znesek, ko napotimo uporabnika, ki zahteva izdelek ali ponudbo. Vse, kar objavljamo, temelji na kvantitativnih in kvalitativnih ocenah posameznega izdelka. Omeniti velja, da lahko na\u0161i partnerji neposredno vplivajo na izdelke, o katerih pi\u0161emo in jih recenziramo, pa tudi na vrstni red \u00bbnajbolj\u0161ih\u00ab \u010dlankov in pozicioniranje izdelkov na HowBees. Glede na koli\u010dino informacij na na\u0161i spletni strani ne zagotavljamo nikakr\u0161nega jamstva za kakovost in a\u017eurnost informacij; Zato dajemo prednost informacijam na\u0161ih partnerjev.<\/p>\n\n\n\n<p>Za za\u0161\u010dito va\u0161ih osebnih podatkov izvajamo razumne previdnostne ukrepe in sledimo najbolj\u0161im praksam v panogi, da zagotovimo, da se ne izgubijo, zlorabijo, dostopajo, razkrijejo, spremenijo ali uni\u010dijo na neustrezen na\u010din.<\/p>\n\n\n\n<h2 class=\"wp-block-heading\">Povezave do spletnih mest tretjih oseb<\/h2>\n\n\n\n<p>HowBees ima povezave do drugih spletnih strani, ki po na\u0161em mnenju lahko vsebujejo koristne informacije\/orodja za na\u0161e obiskovalce. Na\u0161 pravilnik o zasebnosti ne velja za spletna mesta tretjih oseb. Nismo odgovorni za politiko zasebnosti ali vsebino na teh istih spletnih mestih. HowBees ne izvaja nikakr\u0161nega nadzora nad njimi in je zato opro\u0161\u010den vsakr\u0161ne odgovornosti v odnosih med uporabnikom in izdelki in storitvami tretjih oseb, ogla\u0161evanimi na spletnem mestu.<\/p>\n\n\n\n<p>Ko zapustite na\u0161e spletno mesto ali ste preusmerjeni na spletno mesto ali aplikacijo tretje osebe, vas ta pravilnik o zasebnosti ali pogoji storitve na\u0161ega spletnega mesta ne urejajo ve\u010d.<\/p>\n\n\n\n<p>\u010ce si potem, ko ste privolili, premislite, lahko kadar koli prekli\u010dete svoje soglasje, da stopimo v stik z vami, za nadaljnje zbiranje, uporabo ali razkritje va\u0161ih podatkov, tako da nas kontaktirate na <a href=\"mailto:contato@HowBees.com\">contato@HowBees.com<\/a>.<\/p>\n\n\n\n<h2 class=\"wp-block-heading\">Neosebni podatki<\/h2>\n\n\n\n<p>Ko uporabniki ne zahtevajo brezpla\u010dne vsebine od HowBees (med drugim e-knjig, kvizi, \u010dlanki, infografike), se lahko izvede sledenje in zbiranje neosebnih podatkov, ki med drugim navajajo, katere strani spletnega mesta so bile obiskane, kdaj so bili obiskani, katere hiperpovezave so kliknili, katere vsebine ali storitve so bile med drugim zahtevane ali navedene.<\/p>\n\n\n\n<h2 class=\"wp-block-heading\">Pi\u0161kotki<\/h2>\n\n\n\n<p>Google kot tretji ponudnik uporablja pi\u0161kotke za prikazovanje oglasov. S pi\u0161kotkom DART lahko Google prikazuje oglase na podlagi bral\u010devih obiskov drugih spletnih mest na internetu. Uporabniki lahko zavrnejo uporabo pi\u0161kotka DART tako, da obi\u0161\u010dejo Googlov pravilnik o zasebnosti oglasov in vsebinskega omre\u017eja.<\/p>\n\n\n\n<p>HowBees uporablja pi\u0161kotke za pomo\u010d pri zbiranju podatkov in informacij o identifikaciji IP (internetnega protokola) za la\u017ejo uporabni\u0161ko navigacijo, kar pomaga zagotoviti varnost, za\u0161\u010dito in pristnost podatkov.<\/p>\n\n\n\n<p>Poleg tega na na\u0161em spletnem mestu uporabljamo tudi ogla\u0161evanje tretjih oseb za kritje stro\u0161kov vzdr\u017eevanja. Nekateri od teh ogla\u0161evalcev lahko pri ogla\u0161evanju na na\u0161i spletni strani uporabljajo tehnologijo, kot so pi\u0161kotki, zaradi \u010desar bodo ti ogla\u0161evalci (kot je Google prek Google AdSense in Ad Exchange) prejeli tudi va\u0161e osebne podatke, kot so va\u0161 naslov IP, ponudnik internetnih storitev, va\u0161 brskalnik itd. Ta funkcija se obi\u010dajno uporablja za geografsko ciljanje (prikazovanje oglasov, ki so smiselni glede na va\u0161o geografsko lokacijo).<\/p>\n\n\n\n<p>Uporabnik lahko kadar koli spremeni, ali \u017eeli sprejeti pi\u0161kotke v nastavitvah svojega brskalnika, pri \u010demer upo\u0161teva, da so lahko z onemogo\u010danjem pi\u0161kotkov brskanja nekatere funkcionalnosti HowBees oslabljene.<\/p>\n\n\n\n<h2 class=\"wp-block-heading\">Osebno dolo\u010dljivi podatki<\/h2>\n\n\n\n<p>Za dostop do brezpla\u010dne vsebine na HowBees, kot so med drugim \u010dlanki, e-knjige, kvizi, mora uporabnik posredovati nekaj osebnih podatkov, kot so: e-po\u0161ta in polno ime.<\/p>\n\n\n\n<p>Osebno dolo\u010dljivi podatki, ki jih obdeluje HowBees, so namenjeni:<\/p>\n\n\n\n<p>\u2013 Pravilna in natan\u010dna identifikacija Uporabnika, s \u010dimer je zagotovljena ve\u010dja varnost in za\u0161\u010dita samih Uporabnikov;<\/p>\n\n\n\n<p>\u2013 Dostop do storitev in izdelkov, ki jih ponuja HowBees;<\/p>\n\n\n\n<p>\u2013 Analiza uporabni\u0161kega profila s strani HowBees z namenom navesti najbolj\u0161e izdelke in informacije glede na njihove resni\u010dne potrebe in realnost.<\/p>\n\n\n\n<p>Z namenom \u0161e natan\u010dnej\u0161e analize uporabnikovega profila lahko HowBees izvede raziskavo, da bi pridobil ve\u010d in bolj\u0161e podatke o vas in tako navedel personalizirane izdelke in storitve glede na \u017eelje in potrebe posameznega uporabnika.<\/p>\n\n\n\n<p>Na ta na\u010din lahko HowBees in partnerska podjetja povabijo uporabnike k sodelovanju v anketah o zadovoljstvu, kjer bodo poslana e-po\u0161tna sporo\u010dila s potrebnimi smernicami. Zbrani podatki bodo uporabljeni z glavnim ciljem iskanja izbolj\u0161av v sistemih, izdelkih, vsebinah in storitvah, ki jih ponujajo HowBees in partnerska podjetja.<\/p>\n\n\n\n<p>\u010ce uporabnik stopi v stik z nami, da prijavi te\u017eavo, ima vpra\u0161anje ali pridobi na\u0161o podporo, zbiramo in hranimo uporabnikove kontaktne podatke ter ustrezna sporo\u010dila in druge podatke, potrebne za preiskavo te\u017eave ali vpra\u0161anja. Ti podatki bodo uporabljeni za re\u0161evanje kakr\u0161nih koli vpra\u0161anj na podlagi zbranih informacij, razjasnitev dvomov, odpravo te\u017eav in izbolj\u0161anje sistema, kar bo dodatno izbolj\u0161alo uporabni\u0161ko izku\u0161njo znotraj HowBees.<\/p>\n\n\n\n<h2 class=\"wp-block-heading\">O deljenju podatkov<\/h2>\n\n\n\n<p>HowBees ne bo prodajal informacij ali osebnih podatkov svojih uporabnikov, lahko pa jih deli s partnerskimi podjetji, da navede izdelke in storitve, ki najbolj ustrezajo profilu in potrebam, ali da zagotovi izdelke in\/ali storitve, ki jih zahteva sam uporabnik.<\/p>\n\n\n\n<p>HowBees si pridr\u017euje pravico do pomo\u010di ali sodelovanja s katerim koli pravosodnim organom ali vladno agencijo in lahko deli podatke, ki omogo\u010dajo osebno identifikacijo uporabnikov, da: a) vzpostavi ali uveljavlja svoje zakonske pravice; b) varujejo svoje lastnine; c) ko meni, da je njegova pomo\u010d ali sodelovanje potrebno za za\u0161\u010dito njegovih uporabnikov, sodelavcev, skrbnikov ali katere koli osebe, ki je bila o\u0161kodovana zaradi dejanja ali opustitve.<\/p>\n\n\n\n<h2 class=\"wp-block-heading\">O neobdelanih in nezbranih podatkih<\/h2>\n\n\n\n<p>HowBees ne obdeluje osebnih podatkov otrok, mlaj\u0161ih od 13 (trinajst) let, brez predhodnega dovoljenja star\u0161ev ali zakonitih skrbnikov.<\/p>\n\n\n\n<p>\u010ce se osebni podatki otrok, mlaj\u0161ih od 13 (trinajst) let, nenamerno zbirajo in obdelujejo brez izrecnega dovoljenja njihovih star\u0161ev ali zakonitih skrbnikov, bo HowBees vse zbrane podatke izbrisal brez predhodnega obvestila.<\/p>\n\n\n\n<p>\u010ce uporabnik izve, da smo pomotoma obdelovali podatke otroka, ga prosimo, da nas nemudoma kontaktira na na\u0161 elektronski naslov. <a href=\"mailto:contato@HowBees.com\">contato@howbees.com<\/a>, da lahko sprejmemo potrebne ukrepe.<\/p>","protected":false},"excerpt":{"rendered":"<p>Todas as informa\u00e7\u00f5es recolhidas ser\u00e3o utilizadas para melhorar sua experi\u00eancia dentro do nosso site. As informa\u00e7\u00f5es recolhidas podem incluir o seu nome, email, n\u00famero de telefone e\/ou outros. O uso do HowBees pressup\u00f5e a aceita\u00e7\u00e3o deste Acordo de Privacidade. Caso o usu\u00e1rio n\u00e3o concorde, ainda que em parte, com os termos e condi\u00e7\u00f5es contidos nesta [&hellip;]<\/p>\n","protected":false},"author":1,"featured_media":0,"parent":0,"menu_order":0,"comment_status":"closed","ping_status":"closed","template":"","meta":{"footnotes":""},"class_list":["post-198","page","type-page","status-publish"],"_links":{"self":[{"href":"https:\/\/howbees.com\/sl\/wp-json\/wp\/v2\/pages\/198","targetHints":{"allow":["GET"]}}],"collection":[{"href":"https:\/\/howbees.com\/sl\/wp-json\/wp\/v2\/pages"}],"about":[{"href":"https:\/\/howbees.com\/sl\/wp-json\/wp\/v2\/types\/page"}],"author":[{"embeddable":true,"href":"https:\/\/howbees.com\/sl\/wp-json\/wp\/v2\/users\/1"}],"replies":[{"embeddable":true,"href":"https:\/\/howbees.com\/sl\/wp-json\/wp\/v2\/comments?post=198"}],"version-history":[{"count":2,"href":"https:\/\/howbees.com\/sl\/wp-json\/wp\/v2\/pages\/198\/revisions"}],"predecessor-version":[{"id":200,"href":"https:\/\/howbees.com\/sl\/wp-json\/wp\/v2\/pages\/198\/revisions\/200"}],"wp:attachment":[{"href":"https:\/\/howbees.com\/sl\/wp-json\/wp\/v2\/media?parent=198"}],"curies":[{"name":"delovni list","href":"https:\/\/api.w.org\/{rel}","templated":true}]}}