{"id":198,"date":"2024-04-07T23:58:34","date_gmt":"2024-04-07T23:58:34","guid":{"rendered":"https:\/\/howbees.com\/?page_id=198"},"modified":"2024-04-07T23:58:51","modified_gmt":"2024-04-07T23:58:51","slug":"sekretesspolicy","status":"publish","type":"page","link":"https:\/\/howbees.com\/sv\/politica-de-privacidade\/","title":{"rendered":"Integritetspolicy"},"content":{"rendered":"<p>All information som samlas in kommer att anv\u00e4ndas f\u00f6r att f\u00f6rb\u00e4ttra din upplevelse p\u00e5 v\u00e5r webbplats. Informationen som samlas in kan inneh\u00e5lla ditt namn, e-post, telefonnummer och\/eller andra.<\/p>\n\n\n\n<p>Anv\u00e4ndningen av HowBees f\u00f6ruts\u00e4tter godk\u00e4nnande av detta integritetsavtal. Om anv\u00e4ndaren inte samtycker, inte ens delvis, med villkoren i denna integritetspolicy b\u00f6r de inte komma \u00e5t och\/eller anv\u00e4nda inneh\u00e5llet som erbjuds av HowBees. Genom att anv\u00e4nda webbplatsen erk\u00e4nner och samtycker Anv\u00e4ndaren helt och h\u00e5llet till behandlingen av sina uppgifter, i enlighet med villkoren i denna integritetspolicy och de allm\u00e4nna anv\u00e4ndarvillkoren.<\/p>\n\n\n\n<p>Vi f\u00f6rbeh\u00e5ller oss r\u00e4tten att \u00e4ndra denna integritetspolicy n\u00e4r som helst, utan anv\u00e4ndarnas medgivande eller meddelande, s\u00e5 v\u00e4nligen granska den ofta. \u00c4ndringar och f\u00f6rtydliganden tr\u00e4der i kraft omedelbart efter publicering p\u00e5 webbplatsen. Om vi g\u00f6r v\u00e4sentliga \u00e4ndringar i denna policy kommer vi att meddela dig h\u00e4r att de har uppdaterats, s\u00e5 att du \u00e4r medveten om vilken information vi samlar in, hur vi anv\u00e4nder den och under vilka omst\u00e4ndigheter, om n\u00e5gra, vi anv\u00e4nder och\/eller avsl\u00f6jar det.<\/p>\n\n\n\n<p>HowBees respekterar integriteten f\u00f6r sina anv\u00e4ndare och transparens i hur data anv\u00e4nds. V\u00e5r integritetspolicy har utarbetats i enlighet med internationella och nationella dataskyddsstandarder.<\/p>\n\n\n\n<p>Denna integritetspolicy m\u00e5ste l\u00e4sas och tolkas i samband med HowBees allm\u00e4nna villkor f\u00f6r anv\u00e4ndning, tillg\u00e4ngliga p\u00e5 <a href=\"https:\/\/howbees.com\/sv\/villkor\/\">https:\/\/howbees.com\/termos-de-uso\/<\/a><\/p>\n\n\n\n<h2 class=\"wp-block-heading\">Allm\u00e4n information f\u00f6r anv\u00e4ndare<\/h2>\n\n\n\n<p>HowBees str\u00e4var efter att dela information med sina anv\u00e4ndare, vilket g\u00f6r kunskap tillg\u00e4nglig f\u00f6r alla. Anv\u00e4ndaren kan surfa p\u00e5 HowBees webbplats utan att beh\u00f6va registrera sig tidigare.<\/p>\n\n\n\n<p>HowBees f\u00f6ljer internationella s\u00e4kerhetsnormer och standarder inom datalagring, skydd, integritet och \u00f6verf\u00f6ring, och betonar att ingen metod f\u00f6r datalagring, skydd, integritet och \u00f6verf\u00f6ring \u00e4r 100% s\u00e4ker och okr\u00e4nkbar.<\/p>\n\n\n\n<p>HowBees antar praxis och teknologier som st\u00e4ndigt granskas och f\u00f6rb\u00e4ttras, enligt nationella och utl\u00e4ndska tekniska och regulatoriska framsteg. N\u00e4r vi talar om skydd syftar vi p\u00e5 all obeh\u00f6rig \u00e5tkomst, anv\u00e4ndning, \u00e4ndring, avsl\u00f6jande eller f\u00f6rst\u00f6relse av dina uppgifter. F\u00f6r att f\u00f6rhindra att detta intr\u00e4ffar investerar vi i \u00e5tg\u00e4rder som inkluderar krypterad kommunikation, \u00e5tkomstkontroll, efterlevnad av s\u00e4ker mjukvaruutveckling, interna efterlevnadspolicyer och ansvarsskyldighet och riskreducerande \u00e5tg\u00e4rder som m\u00f6jligg\u00f6r s\u00e4kerhet i datalivscykeln. Anv\u00e4ndarinformation lagras ocks\u00e5 i s\u00e4kra, v\u00e4lk\u00e4nda och internationellt erk\u00e4nda databaser.<\/p>\n\n\n\n<p>HowBees beg\u00e4r inte under n\u00e5gra omst\u00e4ndigheter pengar f\u00f6r att sl\u00e4ppa n\u00e5gon typ av produkt, oavsett vad det kan vara. Om detta h\u00e4nder, meddela oss omedelbart.<\/p>\n\n\n\n<p>Vi arbetar f\u00f6r att h\u00e5lla all information s\u00e5 uppdaterad som m\u00f6jligt. Det \u00e4r dock v\u00e4rt att notera att denna information kan skilja sig fr\u00e5n den information som finns p\u00e5 webbplatser f\u00f6r institutioner eller tj\u00e4nsteleverant\u00f6rer p\u00e5 en specifik webbplats. Vi garanterar inte informationens riktighet eller aktualitet. Kom alltid ih\u00e5g att l\u00e4sa anv\u00e4ndarvillkoren och villkoren f\u00f6r de institutioner du v\u00e4ljer. Vi f\u00e5r en liten summa fr\u00e5n annonsering p\u00e5 v\u00e5r webbplats och fr\u00e5n v\u00e5ra partners n\u00e4r vi h\u00e4nvisar en anv\u00e4ndare som efterfr\u00e5gar en produkt eller ett f\u00f6rslag. Allt vi publicerar \u00e4r baserat p\u00e5 kvantitativa och kvalitativa utv\u00e4rderingar av varje produkt. Det \u00e4r v\u00e4rt att notera att v\u00e5ra partners direkt kan p\u00e5verka de produkter vi skriver och recenserar om, och \u00e4ven ordningen p\u00e5 &quot;b\u00e4sta&quot; artiklar och produktplacering p\u00e5 HowBees. Med tanke p\u00e5 m\u00e4ngden information p\u00e5 v\u00e5r webbplats ger vi ingen typ av garanti avseende informationens kvalitet och valuta; D\u00e4rf\u00f6r prioriterar vi information fr\u00e5n v\u00e5ra partners.<\/p>\n\n\n\n<p>F\u00f6r att skydda din personliga information vidtar vi rimliga f\u00f6rsiktighets\u00e5tg\u00e4rder och f\u00f6ljer branschens b\u00e4sta praxis f\u00f6r att s\u00e4kerst\u00e4lla att den inte p\u00e5 ett ol\u00e4mpligt s\u00e4tt f\u00f6rloras, missbrukas, kommer \u00e5t, avsl\u00f6jas, \u00e4ndras eller f\u00f6rst\u00f6rs.<\/p>\n\n\n\n<h2 class=\"wp-block-heading\">L\u00e4nkar till tredje parts webbplatser<\/h2>\n\n\n\n<p>HowBees har l\u00e4nkar till andra webbplatser, som enligt v\u00e5r mening kan inneh\u00e5lla anv\u00e4ndbar information\/verktyg f\u00f6r v\u00e5ra bes\u00f6kare. V\u00e5r sekretesspolicy g\u00e4ller inte f\u00f6r tredje parts webbplatser. Vi \u00e4r inte ansvariga f\u00f6r integritetspolicyn eller inneh\u00e5llet som finns p\u00e5 samma webbplatser. HowBees ut\u00f6var ingen typ av kontroll \u00f6ver dem och \u00e4r d\u00e4rf\u00f6r befriad fr\u00e5n allt ansvar i de relationer som uppr\u00e4ttas mellan anv\u00e4ndaren och tredjepartsprodukter och tj\u00e4nster som annonseras p\u00e5 webbplatsen.<\/p>\n\n\n\n<p>N\u00e4r du l\u00e4mnar v\u00e5r webbplats eller omdirigeras till en tredje parts webbplats eller applikation styrs du inte l\u00e4ngre av denna integritetspolicy eller v\u00e5r webbplatss anv\u00e4ndarvillkor.<\/p>\n\n\n\n<p>Om du \u00e4ndrar dig efter att du anm\u00e4lt dig, kan du n\u00e4r som helst \u00e5terkalla ditt samtycke f\u00f6r att vi ska kontakta dig f\u00f6r fortsatt insamling, anv\u00e4ndning eller avsl\u00f6jande av din information, genom att kontakta oss p\u00e5 <a href=\"mailto:contato@HowBees.com\">contato@HowBees.com<\/a>.<\/p>\n\n\n\n<h2 class=\"wp-block-heading\">Icke-personliga uppgifter<\/h2>\n\n\n\n<p>N\u00e4r anv\u00e4ndare inte beg\u00e4r gratis inneh\u00e5ll fr\u00e5n HowBees (e-b\u00f6cker, fr\u00e5gesporter, artiklar, infografik, bland annat), kan icke-personliga uppgifter sp\u00e5ras och samlas in, vilket bland annat indikerar vilka sidor p\u00e5 webbplatsen som bes\u00f6ktes, n\u00e4r de var bes\u00f6kt, vilka hyperl\u00e4nkar som klickades p\u00e5, vilket inneh\u00e5ll eller vilka tj\u00e4nster som efterfr\u00e5gades eller rekommenderades, bland annat.<\/p>\n\n\n\n<h2 class=\"wp-block-heading\">Sm\u00e5kakor<\/h2>\n\n\n\n<p>Google, som en tredjepartsleverant\u00f6r, anv\u00e4nder cookies f\u00f6r att visa annonser. Med DART-cookien kan Google visa annonser baserat p\u00e5 dina bes\u00f6k p\u00e5 andra webbplatser p\u00e5 Internet. Anv\u00e4ndare kan inaktivera DART-cookien genom att bes\u00f6ka Googles sekretesspolicy f\u00f6r annonser och inneh\u00e5llsn\u00e4tverk.<\/p>\n\n\n\n<p>HowBees anv\u00e4nder cookies f\u00f6r att hj\u00e4lpa till att samla in data och IP (Internet Protocol) identifieringsinformation f\u00f6r att underl\u00e4tta anv\u00e4ndarnavigering, vilket hj\u00e4lper till att garantera s\u00e4kerheten, skyddet och \u00e4ktheten av data.<\/p>\n\n\n\n<p>Dessutom anv\u00e4nder vi \u00e4ven tredjepartsreklam p\u00e5 v\u00e5r webbplats f\u00f6r att st\u00f6dja underh\u00e5llskostnader. Vissa av dessa annons\u00f6rer kan anv\u00e4nda tekniker som cookies n\u00e4r de annonserar p\u00e5 v\u00e5r webbplats, vilket kommer att inneb\u00e4ra att dessa annons\u00f6rer (som Google via Google AdSense och Ad Exchange) ocks\u00e5 kommer att f\u00e5 din personliga information, s\u00e5som din IP-adress, din ISP, din webbl\u00e4sare osv. Den h\u00e4r funktionen anv\u00e4nds vanligtvis f\u00f6r geografisk inriktning (visar annonser som \u00e4r meningsfulla baserat p\u00e5 din geografiska plats).<\/p>\n\n\n\n<p>Anv\u00e4ndaren kan n\u00e4r som helst \u00e4ndra om han vill acceptera cookies eller inte i sin webbl\u00e4sarkonfiguration, och notera att genom att inaktivera navigeringscookies kan vissa av HowBees funktioner f\u00f6rs\u00e4mras.<\/p>\n\n\n\n<h2 class=\"wp-block-heading\">Personligt identifierbar data<\/h2>\n\n\n\n<p>F\u00f6r att f\u00e5 tillg\u00e5ng till gratis inneh\u00e5ll p\u00e5 HowBees, s\u00e5som artiklar, e-b\u00f6cker, fr\u00e5gesporter, bland annat, m\u00e5ste anv\u00e4ndaren tillhandah\u00e5lla vissa identifierbara personuppgifter, n\u00e4mligen: e-post och fullst\u00e4ndigt namn.<\/p>\n\n\n\n<p>\u00c4ndam\u00e5len med den personligt identifierbara data som behandlas av HowBees \u00e4r:<\/p>\n\n\n\n<p>\u2013 Korrekt och korrekt identifiering av anv\u00e4ndaren, vilket s\u00e4kerst\u00e4ller st\u00f6rre s\u00e4kerhet och skydd f\u00f6r anv\u00e4ndarna sj\u00e4lva;<\/p>\n\n\n\n<p>\u2013 Tillg\u00e5ng till tj\u00e4nster och produkter som g\u00f6rs tillg\u00e4ngliga av HowBees;<\/p>\n\n\n\n<p>\u2013 Analys av anv\u00e4ndarprofiler av HowBees i syfte att indikera de b\u00e4sta produkterna och informationen enligt deras verkliga behov och verklighet.<\/p>\n\n\n\n<p>Med sikte p\u00e5 en \u00e4nnu mer exakt analys av Anv\u00e4ndarens profil, kan HowBees utf\u00f6ra forskning f\u00f6r att f\u00e5 mer och b\u00e4ttre information om dig och p\u00e5 s\u00e5 s\u00e4tt indikera personliga produkter och tj\u00e4nster enligt varje Anv\u00e4ndares preferenser och behov.<\/p>\n\n\n\n<p>P\u00e5 s\u00e5 s\u00e4tt kommer HowBees och partnerf\u00f6retag att kunna bjuda in Anv\u00e4ndare att delta i n\u00f6jdhetsunders\u00f6kningar, d\u00e4r e-postmeddelanden kommer att skickas med n\u00f6dv\u00e4ndig v\u00e4gledning. De insamlade uppgifterna kommer att anv\u00e4ndas med huvudsyftet att s\u00f6ka f\u00f6rb\u00e4ttringar i de system, produkter, inneh\u00e5ll och tj\u00e4nster som erbjuds av HowBees och partnerf\u00f6retag.<\/p>\n\n\n\n<p>Om en anv\u00e4ndare kontaktar oss f\u00f6r att rapportera ett problem, fr\u00e5ga eller f\u00e5 support, samlar vi in och lagrar anv\u00e4ndarens kontaktinformation, samt respektive meddelanden och annan data som beh\u00f6vs f\u00f6r att unders\u00f6ka problemet eller fr\u00e5gan. Dessa data kommer att anv\u00e4ndas f\u00f6r att l\u00f6sa eventuella fr\u00e5gor baserat p\u00e5 den insamlade informationen, l\u00f6sa tvivel, korrigera problem och f\u00f6rb\u00e4ttra systemet, vilket ytterligare f\u00f6rb\u00e4ttrar anv\u00e4ndarupplevelsen inom HowBees.<\/p>\n\n\n\n<h2 class=\"wp-block-heading\">Om datadelning<\/h2>\n\n\n\n<p>HowBees kommer inte att s\u00e4lja information eller personuppgifter om sina anv\u00e4ndare, men kan komma att dela dem med partnerf\u00f6retag i syfte att kunna ange produkter och tj\u00e4nster som b\u00e4st passar deras profil och behov eller f\u00f6r att tillhandah\u00e5lla produkter och\/eller tj\u00e4nster som anv\u00e4ndaren sj\u00e4lv efterfr\u00e5gar .<\/p>\n\n\n\n<p>HowBees f\u00f6rbeh\u00e5ller sig r\u00e4tten att bist\u00e5 eller samarbeta med n\u00e5gon r\u00e4ttslig myndighet eller statligt organ, och kan dela Anv\u00e4ndares personligt identifierbara data f\u00f6r att: a) etablera eller ut\u00f6va sina juridiska r\u00e4ttigheter; b) skydda sina egenskaper; c) n\u00e4r du anser att din hj\u00e4lp eller ditt samarbete \u00e4r n\u00f6dv\u00e4ndigt f\u00f6r att skydda dina anv\u00e4ndare, medarbetare, administrat\u00f6rer eller n\u00e5gon som skadats av \u00e5tg\u00e4rden eller underl\u00e5tenheten.<\/p>\n\n\n\n<h2 class=\"wp-block-heading\">Om obehandlad och oinsamlad data<\/h2>\n\n\n\n<p>HowBees behandlar inte personuppgifter om barn under 13 (tretton) \u00e5r utan f\u00f6reg\u00e5ende tillst\u00e5nd fr\u00e5n deras f\u00f6r\u00e4ldrar eller v\u00e5rdnadshavare.<\/p>\n\n\n\n<p>Om personuppgifter f\u00f6r barn under 13 (tretton) \u00e5r samlas in och behandlas, utan uttryckligt tillst\u00e5nd fr\u00e5n deras f\u00f6r\u00e4ldrar eller v\u00e5rdnadshavare, p\u00e5 ett oavsiktligt s\u00e4tt, kommer HowBees att radera all insamlad data, utan n\u00e5gon form av f\u00f6rvarning.<\/p>\n\n\n\n<p>Om anv\u00e4ndaren blir medveten om att vi av misstag har behandlat ett barns uppgifter ber vi att de omedelbart kontaktar oss via e-post <a href=\"mailto:contato@HowBees.com\">contato@howbees.com<\/a>s\u00e5 att vi kan vidta n\u00f6dv\u00e4ndiga \u00e5tg\u00e4rder.<\/p>","protected":false},"excerpt":{"rendered":"<p>Todas as informa\u00e7\u00f5es recolhidas ser\u00e3o utilizadas para melhorar sua experi\u00eancia dentro do nosso site. As informa\u00e7\u00f5es recolhidas podem incluir o seu nome, email, n\u00famero de telefone e\/ou outros. O uso do HowBees pressup\u00f5e a aceita\u00e7\u00e3o deste Acordo de Privacidade. Caso o usu\u00e1rio n\u00e3o concorde, ainda que em parte, com os termos e condi\u00e7\u00f5es contidos nesta [&hellip;]<\/p>\n","protected":false},"author":1,"featured_media":0,"parent":0,"menu_order":0,"comment_status":"closed","ping_status":"closed","template":"","meta":{"footnotes":""},"class_list":["post-198","page","type-page","status-publish"],"_links":{"self":[{"href":"https:\/\/howbees.com\/sv\/wp-json\/wp\/v2\/pages\/198","targetHints":{"allow":["GET"]}}],"collection":[{"href":"https:\/\/howbees.com\/sv\/wp-json\/wp\/v2\/pages"}],"about":[{"href":"https:\/\/howbees.com\/sv\/wp-json\/wp\/v2\/types\/page"}],"author":[{"embeddable":true,"href":"https:\/\/howbees.com\/sv\/wp-json\/wp\/v2\/users\/1"}],"replies":[{"embeddable":true,"href":"https:\/\/howbees.com\/sv\/wp-json\/wp\/v2\/comments?post=198"}],"version-history":[{"count":2,"href":"https:\/\/howbees.com\/sv\/wp-json\/wp\/v2\/pages\/198\/revisions"}],"predecessor-version":[{"id":200,"href":"https:\/\/howbees.com\/sv\/wp-json\/wp\/v2\/pages\/198\/revisions\/200"}],"wp:attachment":[{"href":"https:\/\/howbees.com\/sv\/wp-json\/wp\/v2\/media?parent=198"}],"curies":[{"name":"wp","href":"https:\/\/api.w.org\/{rel}","templated":true}]}}