{"id":201,"date":"2024-04-08T00:02:39","date_gmt":"2024-04-08T00:02:39","guid":{"rendered":"https:\/\/howbees.com\/?page_id=201"},"modified":"2024-04-08T00:02:40","modified_gmt":"2024-04-08T00:02:40","slug":"lien-he","status":"publish","type":"page","link":"https:\/\/howbees.com\/vi\/contato\/","title":{"rendered":"Li\u00ean h\u1ec7"},"content":{"rendered":"<p>\u0110\u1ed1i v\u1edbi c\u00e1c v\u1ea5n \u0111\u1ec1 nh\u01b0 c\u00e2u h\u1ecfi, qu\u1ea3ng c\u00e1o v\u00e0 \u0111\u1ec1 xu\u1ea5t, vui l\u00f2ng li\u00ean h\u1ec7 v\u1edbi ch\u00fang t\u00f4i b\u1eb1ng c\u00e1ch s\u1eed d\u1ee5ng m\u1eabu d\u01b0\u1edbi \u0111\u00e2y. Ch\u00fang t\u00f4i s\u1ebd tr\u1ea3 l\u1eddi trong v\u00f2ng 24 gi\u1edd.<br \/>\n\n<div class=\"wpcf7 no-js\" id=\"wpcf7-f202-o1\" lang=\"en-US\" dir=\"ltr\" data-wpcf7-id=\"202\">\n<div class=\"screen-reader-response\"><p role=\"status\" aria-live=\"polite\" aria-atomic=\"true\"><\/p> <ul><\/ul><\/div>\n<form action=\"\/vi\/wp-json\/wp\/v2\/pages\/201#wpcf7-f202-o1\" method=\"post\" class=\"wpcf7-form init\" aria-label=\"Bi\u1ec3u m\u1eabu li\u00ean h\u1ec7\" novalidate=\"novalidate\" data-status=\"init\" data-trp-original-action=\"\/vi\/wp-json\/wp\/v2\/pages\/201#wpcf7-f202-o1\">\n<fieldset class=\"hidden-fields-container\"><input type=\"hidden\" name=\"_wpcf7\" value=\"202\" \/><input type=\"hidden\" name=\"_wpcf7_version\" value=\"6.1.5\" \/><input type=\"hidden\" name=\"_wpcf7_locale\" value=\"en_US\" \/><input type=\"hidden\" name=\"_wpcf7_unit_tag\" value=\"wpcf7-f202-o1\" \/><input type=\"hidden\" name=\"_wpcf7_container_post\" value=\"0\" \/><input type=\"hidden\" name=\"_wpcf7_posted_data_hash\" value=\"\" \/>\n<\/fieldset>\n<p><label> T\u00ean:<br \/>\n<span class=\"wpcf7-form-control-wrap\" data-name=\"your-name\"><input size=\"40\" maxlength=\"400\" class=\"wpcf7-form-control wpcf7-text wpcf7-validates-as-required\" autocomplete=\"name\" aria-required=\"true\" aria-invalid=\"false\" value=\"\" type=\"text\" name=\"your-name\" \/><\/span> <\/label>\n<\/p>\n<p><label> E-mail:<br \/>\n<span class=\"wpcf7-form-control-wrap\" data-name=\"your-email\"><input size=\"40\" maxlength=\"400\" class=\"wpcf7-form-control wpcf7-email wpcf7-validates-as-required wpcf7-text wpcf7-validates-as-email\" autocomplete=\"email\" aria-required=\"true\" aria-invalid=\"false\" value=\"\" type=\"email\" name=\"your-email\" \/><\/span> <\/label>\n<\/p>\n<p><label> Ch\u1ee7 th\u1ec3:<br \/>\n<span class=\"wpcf7-form-control-wrap\" data-name=\"your-subject\"><input size=\"40\" maxlength=\"400\" class=\"wpcf7-form-control wpcf7-text wpcf7-validates-as-required\" aria-required=\"true\" aria-invalid=\"false\" value=\"\" type=\"text\" name=\"your-subject\" \/><\/span> <\/label>\n<\/p>\n<p><label> Tin nh\u1eafn c\u1ee7a b\u1ea1n:<br \/>\n<span class=\"wpcf7-form-control-wrap\" data-name=\"your-message\"><textarea cols=\"40\" rows=\"10\" maxlength=\"2000\" class=\"wpcf7-form-control wpcf7-textarea\" aria-invalid=\"false\" name=\"your-message\"><\/textarea><\/span> <\/label>\n<\/p>\n<p><input class=\"wpcf7-form-control wpcf7-submit has-spinner\" type=\"submit\" value=\"\u0110\u00ea\u0309 g\u01b0\u0309i\" \/>\n<\/p><div class=\"wpcf7-response-output\" aria-hidden=\"true\"><\/div>\n<input type=\"hidden\" name=\"trp-form-language\" value=\"vi\"\/><\/form>\n<\/div>\n<\/p>","protected":false},"excerpt":{"rendered":"<p>\u0110\u1ed1i v\u1edbi c\u00e1c v\u1ea5n \u0111\u1ec1 nh\u01b0 c\u00e2u h\u1ecfi, qu\u1ea3ng c\u00e1o v\u00e0 \u0111\u1ec1 xu\u1ea5t, vui l\u00f2ng li\u00ean h\u1ec7 v\u1edbi ch\u00fang t\u00f4i b\u1eb1ng c\u00e1ch s\u1eed d\u1ee5ng m\u1eabu d\u01b0\u1edbi \u0111\u00e2y. Ch\u00fang t\u00f4i s\u1ebd tr\u1ea3 l\u1eddi trong v\u00f2ng 24 gi\u1edd.<\/p>","protected":false},"author":1,"featured_media":0,"parent":0,"menu_order":0,"comment_status":"closed","ping_status":"closed","template":"","meta":{"footnotes":""},"class_list":["post-201","page","type-page","status-publish"],"_links":{"self":[{"href":"https:\/\/howbees.com\/vi\/wp-json\/wp\/v2\/pages\/201","targetHints":{"allow":["GET"]}}],"collection":[{"href":"https:\/\/howbees.com\/vi\/wp-json\/wp\/v2\/pages"}],"about":[{"href":"https:\/\/howbees.com\/vi\/wp-json\/wp\/v2\/types\/page"}],"author":[{"embeddable":true,"href":"https:\/\/howbees.com\/vi\/wp-json\/wp\/v2\/users\/1"}],"replies":[{"embeddable":true,"href":"https:\/\/howbees.com\/vi\/wp-json\/wp\/v2\/comments?post=201"}],"version-history":[{"count":1,"href":"https:\/\/howbees.com\/vi\/wp-json\/wp\/v2\/pages\/201\/revisions"}],"predecessor-version":[{"id":203,"href":"https:\/\/howbees.com\/vi\/wp-json\/wp\/v2\/pages\/201\/revisions\/203"}],"wp:attachment":[{"href":"https:\/\/howbees.com\/vi\/wp-json\/wp\/v2\/media?parent=201"}],"curies":[{"name":"wp","href":"https:\/\/api.w.org\/{rel}","templated":true}]}}